{"id":39971,"date":"2026-03-02T03:01:38","date_gmt":"2026-03-02T03:01:38","guid":{"rendered":"https:\/\/terrasnew.live-website.com\/product\/reaktionsanker-wuerth\/"},"modified":"2026-03-02T03:42:28","modified_gmt":"2026-03-02T03:42:28","slug":"reaktionsanker-wuerth","status":"publish","type":"product","link":"https:\/\/terrasnew.live-website.com\/en\/product\/reaktionsanker-wuerth\/","title":{"rendered":"Reaktionsanker W\u00fcrth"},"content":{"rendered":"<h3>Reaktionsanker W\u00fcrth<\/h3>\n<p>Chemischer Reaktionsanker f\u00fcr die sichere Befestigung von Bodenplatten und Fu\u00dfplatten auf Beton.<\/p>","protected":false},"excerpt":{"rendered":"<p>Reaktionsanker W\u00fcrth Chemischer Reaktionsanker f\u00fcr die sichere Befestigung von Bodenplatten und Fu\u00dfplatten auf Beton.<\/p>","protected":false},"featured_media":39973,"comment_status":"open","ping_status":"closed","template":"","meta":[],"product_brand":[],"product_cat":[261],"product_tag":[],"class_list":{"0":"post-39971","1":"product","2":"type-product","3":"status-publish","4":"has-post-thumbnail","6":"product_cat-zubehoer","7":"product_shipping_class-paketdienst","9":"first","10":"instock","11":"shipping-taxable","12":"purchasable","13":"product-type-simple"},"_links":{"self":[{"href":"https:\/\/terrasnew.live-website.com\/en\/wp-json\/wp\/v2\/product\/39971","targetHints":{"allow":["GET"]}}],"collection":[{"href":"https:\/\/terrasnew.live-website.com\/en\/wp-json\/wp\/v2\/product"}],"about":[{"href":"https:\/\/terrasnew.live-website.com\/en\/wp-json\/wp\/v2\/types\/product"}],"replies":[{"embeddable":true,"href":"https:\/\/terrasnew.live-website.com\/en\/wp-json\/wp\/v2\/comments?post=39971"}],"wp:featuredmedia":[{"embeddable":true,"href":"https:\/\/terrasnew.live-website.com\/en\/wp-json\/wp\/v2\/media\/39973"}],"wp:attachment":[{"href":"https:\/\/terrasnew.live-website.com\/en\/wp-json\/wp\/v2\/media?parent=39971"}],"wp:term":[{"taxonomy":"product_brand","embeddable":true,"href":"https:\/\/terrasnew.live-website.com\/en\/wp-json\/wp\/v2\/product_brand?post=39971"},{"taxonomy":"product_cat","embeddable":true,"href":"https:\/\/terrasnew.live-website.com\/en\/wp-json\/wp\/v2\/product_cat?post=39971"},{"taxonomy":"product_tag","embeddable":true,"href":"https:\/\/terrasnew.live-website.com\/en\/wp-json\/wp\/v2\/product_tag?post=39971"}],"curies":[{"name":"wp","href":"https:\/\/api.w.org\/{rel}","templated":true}]}}