{"id":39967,"date":"2026-03-02T03:01:37","date_gmt":"2026-03-02T03:01:37","guid":{"rendered":"https:\/\/terrasnew.live-website.com\/product\/zaunbauschraube-m8x40-innensechskant-55\/"},"modified":"2026-03-02T03:42:35","modified_gmt":"2026-03-02T03:42:35","slug":"zaunbauschraube-m8x40-innensechskant-55","status":"publish","type":"product","link":"https:\/\/terrasnew.live-website.com\/en\/product\/zaunbauschraube-m8x40-innensechskant-55\/","title":{"rendered":"Zaunbauschraube M8x40 &#8211; Innensechskant 5,5"},"content":{"rendered":"<h3>Zaunbauschraube M8x40<\/h3>\n<p>Spezialschraube f\u00fcr die Zaunmontage mit Innensechskant 5,5 mm. F\u00fcr die Befestigung von Klemmpl\u00e4ttchen und Abdeckleisten.<\/p>","protected":false},"excerpt":{"rendered":"<p>Zaunbauschraube M8x40 Spezialschraube f\u00fcr die Zaunmontage mit Innensechskant 5,5 mm. F\u00fcr die Befestigung von Klemmpl\u00e4ttchen und Abdeckleisten.<\/p>","protected":false},"featured_media":39974,"comment_status":"open","ping_status":"closed","template":"","meta":[],"product_brand":[],"product_cat":[261],"product_tag":[],"class_list":{"0":"post-39967","1":"product","2":"type-product","3":"status-publish","4":"has-post-thumbnail","6":"product_cat-zubehoer","7":"product_shipping_class-paketdienst","9":"first","10":"instock","11":"shipping-taxable","12":"purchasable","13":"product-type-simple"},"_links":{"self":[{"href":"https:\/\/terrasnew.live-website.com\/en\/wp-json\/wp\/v2\/product\/39967","targetHints":{"allow":["GET"]}}],"collection":[{"href":"https:\/\/terrasnew.live-website.com\/en\/wp-json\/wp\/v2\/product"}],"about":[{"href":"https:\/\/terrasnew.live-website.com\/en\/wp-json\/wp\/v2\/types\/product"}],"replies":[{"embeddable":true,"href":"https:\/\/terrasnew.live-website.com\/en\/wp-json\/wp\/v2\/comments?post=39967"}],"wp:featuredmedia":[{"embeddable":true,"href":"https:\/\/terrasnew.live-website.com\/en\/wp-json\/wp\/v2\/media\/39974"}],"wp:attachment":[{"href":"https:\/\/terrasnew.live-website.com\/en\/wp-json\/wp\/v2\/media?parent=39967"}],"wp:term":[{"taxonomy":"product_brand","embeddable":true,"href":"https:\/\/terrasnew.live-website.com\/en\/wp-json\/wp\/v2\/product_brand?post=39967"},{"taxonomy":"product_cat","embeddable":true,"href":"https:\/\/terrasnew.live-website.com\/en\/wp-json\/wp\/v2\/product_cat?post=39967"},{"taxonomy":"product_tag","embeddable":true,"href":"https:\/\/terrasnew.live-website.com\/en\/wp-json\/wp\/v2\/product_tag?post=39967"}],"curies":[{"name":"wp","href":"https:\/\/api.w.org\/{rel}","templated":true}]}}