{"id":39962,"date":"2026-03-02T03:01:36","date_gmt":"2026-03-02T03:01:36","guid":{"rendered":"https:\/\/terrasnew.live-website.com\/product\/wandhalter-80-40mm\/"},"modified":"2026-03-02T03:42:45","modified_gmt":"2026-03-02T03:42:45","slug":"wandhalter-80-40mm","status":"publish","type":"product","link":"https:\/\/terrasnew.live-website.com\/en\/product\/wandhalter-80-40mm\/","title":{"rendered":"Wandhalter 80\/40mm"},"content":{"rendered":"<h3>Wandhalter 80\/40 mm<\/h3>\n<p>Montagewinkel zum Befestigen von Doppelstabmatten an W\u00e4nden, Mauern oder Pfeilern.<\/p>\n<ul>\n<li><strong>Ma\u00dfe:<\/strong> 80 x 40 mm<\/li>\n<li><strong>Farben:<\/strong> Feuerverzinkt, RAL 6005 Moosgr\u00fcn, RAL 7016 Anthrazit<\/li>\n<\/ul>","protected":false},"excerpt":{"rendered":"<p>Wandhalter 80\/40 mm Montagewinkel zum Befestigen von Doppelstabmatten an W\u00e4nden, Mauern oder Pfeilern. Ma\u00dfe: 80 x 40 mm Farben: Feuerverzinkt, RAL 6005 Moosgr\u00fcn, RAL 7016 Anthrazit<\/p>","protected":false},"featured_media":40014,"comment_status":"open","ping_status":"closed","template":"","meta":[],"product_brand":[],"product_cat":[261],"product_tag":[],"class_list":{"0":"post-39962","1":"product","2":"type-product","3":"status-publish","4":"has-post-thumbnail","6":"product_cat-zubehoer","7":"product_shipping_class-paketdienst","9":"first","10":"instock","11":"shipping-taxable","12":"purchasable","13":"product-type-variable"},"_links":{"self":[{"href":"https:\/\/terrasnew.live-website.com\/en\/wp-json\/wp\/v2\/product\/39962","targetHints":{"allow":["GET"]}}],"collection":[{"href":"https:\/\/terrasnew.live-website.com\/en\/wp-json\/wp\/v2\/product"}],"about":[{"href":"https:\/\/terrasnew.live-website.com\/en\/wp-json\/wp\/v2\/types\/product"}],"replies":[{"embeddable":true,"href":"https:\/\/terrasnew.live-website.com\/en\/wp-json\/wp\/v2\/comments?post=39962"}],"wp:featuredmedia":[{"embeddable":true,"href":"https:\/\/terrasnew.live-website.com\/en\/wp-json\/wp\/v2\/media\/40014"}],"wp:attachment":[{"href":"https:\/\/terrasnew.live-website.com\/en\/wp-json\/wp\/v2\/media?parent=39962"}],"wp:term":[{"taxonomy":"product_brand","embeddable":true,"href":"https:\/\/terrasnew.live-website.com\/en\/wp-json\/wp\/v2\/product_brand?post=39962"},{"taxonomy":"product_cat","embeddable":true,"href":"https:\/\/terrasnew.live-website.com\/en\/wp-json\/wp\/v2\/product_cat?post=39962"},{"taxonomy":"product_tag","embeddable":true,"href":"https:\/\/terrasnew.live-website.com\/en\/wp-json\/wp\/v2\/product_tag?post=39962"}],"curies":[{"name":"wp","href":"https:\/\/api.w.org\/{rel}","templated":true}]}}