{"id":39958,"date":"2026-03-02T03:01:35","date_gmt":"2026-03-02T03:01:35","guid":{"rendered":"https:\/\/terrasnew.live-website.com\/product\/duebel-auflagebock-reparaturset-60x40mm\/"},"modified":"2026-03-02T03:42:45","modified_gmt":"2026-03-02T03:42:45","slug":"duebel-auflagebock-reparaturset-60x40mm","status":"publish","type":"product","link":"https:\/\/terrasnew.live-website.com\/en\/product\/duebel-auflagebock-reparaturset-60x40mm\/","title":{"rendered":"D\u00fcbel-Auflagebock Reparaturset 60x40mm"},"content":{"rendered":"<h3>D\u00fcbel-Auflagebock Reparaturset<\/h3>\n<p>Reparaturset f\u00fcr besch\u00e4digte oder schiefe Pfosten 60 x 40 mm. Erm\u00f6glicht die nachtr\u00e4gliche Ausrichtung und Stabilisierung.<\/p>\n<ul>\n<li><strong>F\u00fcr Pfosten:<\/strong> 60 x 40 mm<\/li>\n<li><strong>Farben:<\/strong> Schwarz, RAL 6005 Moosgr\u00fcn, RAL 7016 Anthrazit<\/li>\n<\/ul>","protected":false},"excerpt":{"rendered":"<p>D\u00fcbel-Auflagebock Reparaturset Reparaturset f\u00fcr besch\u00e4digte oder schiefe Pfosten 60 x 40 mm. Erm\u00f6glicht die nachtr\u00e4gliche Ausrichtung und Stabilisierung. F\u00fcr Pfosten: 60 x 40 mm Farben: Schwarz, RAL 6005 Moosgr\u00fcn, RAL&hellip;<\/p>","protected":false},"featured_media":40022,"comment_status":"open","ping_status":"closed","template":"","meta":[],"product_brand":[],"product_cat":[261],"product_tag":[],"class_list":{"0":"post-39958","1":"product","2":"type-product","3":"status-publish","4":"has-post-thumbnail","6":"product_cat-zubehoer","7":"product_shipping_class-paketdienst","9":"first","10":"instock","11":"shipping-taxable","12":"purchasable","13":"product-type-variable"},"_links":{"self":[{"href":"https:\/\/terrasnew.live-website.com\/en\/wp-json\/wp\/v2\/product\/39958","targetHints":{"allow":["GET"]}}],"collection":[{"href":"https:\/\/terrasnew.live-website.com\/en\/wp-json\/wp\/v2\/product"}],"about":[{"href":"https:\/\/terrasnew.live-website.com\/en\/wp-json\/wp\/v2\/types\/product"}],"replies":[{"embeddable":true,"href":"https:\/\/terrasnew.live-website.com\/en\/wp-json\/wp\/v2\/comments?post=39958"}],"wp:featuredmedia":[{"embeddable":true,"href":"https:\/\/terrasnew.live-website.com\/en\/wp-json\/wp\/v2\/media\/40022"}],"wp:attachment":[{"href":"https:\/\/terrasnew.live-website.com\/en\/wp-json\/wp\/v2\/media?parent=39958"}],"wp:term":[{"taxonomy":"product_brand","embeddable":true,"href":"https:\/\/terrasnew.live-website.com\/en\/wp-json\/wp\/v2\/product_brand?post=39958"},{"taxonomy":"product_cat","embeddable":true,"href":"https:\/\/terrasnew.live-website.com\/en\/wp-json\/wp\/v2\/product_cat?post=39958"},{"taxonomy":"product_tag","embeddable":true,"href":"https:\/\/terrasnew.live-website.com\/en\/wp-json\/wp\/v2\/product_tag?post=39958"}],"curies":[{"name":"wp","href":"https:\/\/api.w.org\/{rel}","templated":true}]}}