{"id":39950,"date":"2026-03-02T03:01:33","date_gmt":"2026-03-02T03:01:33","guid":{"rendered":"https:\/\/terrasnew.live-website.com\/product\/bodenplatte-fuer-pfosten-80x80mm\/"},"modified":"2026-03-02T03:42:45","modified_gmt":"2026-03-02T03:42:45","slug":"bodenplatte-fuer-pfosten-80x80mm","status":"publish","type":"product","link":"https:\/\/terrasnew.live-website.com\/en\/product\/bodenplatte-fuer-pfosten-80x80mm\/","title":{"rendered":"Bodenplatte f\u00fcr Pfosten 80x80mm"},"content":{"rendered":"<h3>Bodenplatte f\u00fcr Torpfosten 80&#215;80 mm<\/h3>\n<p>Fu\u00dfplatte f\u00fcr Torpfosten 80&#215;80 mm. Ma\u00dfe: 150 x 150 x 10 mm.<\/p>\n<ul>\n<li><strong>F\u00fcr Pfosten:<\/strong> 80 x 80 mm<\/li>\n<li><strong>Farben:<\/strong> Feuerverzinkt, RAL 6005 Moosgr\u00fcn, RAL 7016 Anthrazit<\/li>\n<\/ul>","protected":false},"excerpt":{"rendered":"<p>Bodenplatte f\u00fcr Torpfosten 80&#215;80 mm Fu\u00dfplatte f\u00fcr Torpfosten 80&#215;80 mm. Ma\u00dfe: 150 x 150 x 10 mm. F\u00fcr Pfosten: 80 x 80 mm Farben: Feuerverzinkt, RAL 6005 Moosgr\u00fcn, RAL 7016&hellip;<\/p>","protected":false},"featured_media":39978,"comment_status":"open","ping_status":"closed","template":"","meta":[],"product_brand":[],"product_cat":[261],"product_tag":[],"class_list":{"0":"post-39950","1":"product","2":"type-product","3":"status-publish","4":"has-post-thumbnail","6":"product_cat-zubehoer","7":"product_shipping_class-paketdienst","9":"first","10":"instock","11":"shipping-taxable","12":"purchasable","13":"product-type-variable"},"_links":{"self":[{"href":"https:\/\/terrasnew.live-website.com\/en\/wp-json\/wp\/v2\/product\/39950","targetHints":{"allow":["GET"]}}],"collection":[{"href":"https:\/\/terrasnew.live-website.com\/en\/wp-json\/wp\/v2\/product"}],"about":[{"href":"https:\/\/terrasnew.live-website.com\/en\/wp-json\/wp\/v2\/types\/product"}],"replies":[{"embeddable":true,"href":"https:\/\/terrasnew.live-website.com\/en\/wp-json\/wp\/v2\/comments?post=39950"}],"wp:featuredmedia":[{"embeddable":true,"href":"https:\/\/terrasnew.live-website.com\/en\/wp-json\/wp\/v2\/media\/39978"}],"wp:attachment":[{"href":"https:\/\/terrasnew.live-website.com\/en\/wp-json\/wp\/v2\/media?parent=39950"}],"wp:term":[{"taxonomy":"product_brand","embeddable":true,"href":"https:\/\/terrasnew.live-website.com\/en\/wp-json\/wp\/v2\/product_brand?post=39950"},{"taxonomy":"product_cat","embeddable":true,"href":"https:\/\/terrasnew.live-website.com\/en\/wp-json\/wp\/v2\/product_cat?post=39950"},{"taxonomy":"product_tag","embeddable":true,"href":"https:\/\/terrasnew.live-website.com\/en\/wp-json\/wp\/v2\/product_tag?post=39950"}],"curies":[{"name":"wp","href":"https:\/\/api.w.org\/{rel}","templated":true}]}}