{"id":39942,"date":"2026-03-02T03:01:30","date_gmt":"2026-03-02T03:01:30","guid":{"rendered":"https:\/\/terrasnew.live-website.com\/product\/bodenplatte\/"},"modified":"2026-03-02T03:42:45","modified_gmt":"2026-03-02T03:42:45","slug":"bodenplatte","status":"publish","type":"product","link":"https:\/\/terrasnew.live-website.com\/en\/product\/bodenplatte\/","title":{"rendered":"Bodenplatte"},"content":{"rendered":"<h3>Bodenplatte f\u00fcr Zaunpfosten 60&#215;40 mm<\/h3>\n<p>Fu\u00dfplatte zum Aufd\u00fcbeln von Zaunpfosten auf bestehende Betonfl\u00e4chen oder Fundamente.<\/p>\n<ul>\n<li><strong>F\u00fcr Pfosten:<\/strong> 60 x 40 mm<\/li>\n<li><strong>Farben:<\/strong> Feuerverzinkt, RAL 6005 Moosgr\u00fcn, RAL 7016 Anthrazit<\/li>\n<\/ul>","protected":false},"excerpt":{"rendered":"<p>Bodenplatte f\u00fcr Zaunpfosten 60&#215;40 mm Fu\u00dfplatte zum Aufd\u00fcbeln von Zaunpfosten auf bestehende Betonfl\u00e4chen oder Fundamente. F\u00fcr Pfosten: 60 x 40 mm Farben: Feuerverzinkt, RAL 6005 Moosgr\u00fcn, RAL 7016 Anthrazit<\/p>","protected":false},"featured_media":39980,"comment_status":"open","ping_status":"closed","template":"","meta":[],"product_brand":[],"product_cat":[261],"product_tag":[],"class_list":{"0":"post-39942","1":"product","2":"type-product","3":"status-publish","4":"has-post-thumbnail","6":"product_cat-zubehoer","7":"product_shipping_class-paketdienst","9":"first","10":"instock","11":"shipping-taxable","12":"purchasable","13":"product-type-variable"},"_links":{"self":[{"href":"https:\/\/terrasnew.live-website.com\/en\/wp-json\/wp\/v2\/product\/39942","targetHints":{"allow":["GET"]}}],"collection":[{"href":"https:\/\/terrasnew.live-website.com\/en\/wp-json\/wp\/v2\/product"}],"about":[{"href":"https:\/\/terrasnew.live-website.com\/en\/wp-json\/wp\/v2\/types\/product"}],"replies":[{"embeddable":true,"href":"https:\/\/terrasnew.live-website.com\/en\/wp-json\/wp\/v2\/comments?post=39942"}],"wp:featuredmedia":[{"embeddable":true,"href":"https:\/\/terrasnew.live-website.com\/en\/wp-json\/wp\/v2\/media\/39980"}],"wp:attachment":[{"href":"https:\/\/terrasnew.live-website.com\/en\/wp-json\/wp\/v2\/media?parent=39942"}],"wp:term":[{"taxonomy":"product_brand","embeddable":true,"href":"https:\/\/terrasnew.live-website.com\/en\/wp-json\/wp\/v2\/product_brand?post=39942"},{"taxonomy":"product_cat","embeddable":true,"href":"https:\/\/terrasnew.live-website.com\/en\/wp-json\/wp\/v2\/product_cat?post=39942"},{"taxonomy":"product_tag","embeddable":true,"href":"https:\/\/terrasnew.live-website.com\/en\/wp-json\/wp\/v2\/product_tag?post=39942"}],"curies":[{"name":"wp","href":"https:\/\/api.w.org\/{rel}","templated":true}]}}