{"id":39917,"date":"2026-03-02T03:01:24","date_gmt":"2026-03-02T03:01:24","guid":{"rendered":"https:\/\/terrasnew.live-website.com\/product\/kugelkappe-60x40-mit-ueberstand\/"},"modified":"2026-03-02T03:43:27","modified_gmt":"2026-03-02T03:43:27","slug":"kugelkappe-60x40-mit-ueberstand","status":"publish","type":"product","link":"https:\/\/terrasnew.live-website.com\/en\/product\/kugelkappe-60x40-mit-ueberstand\/","title":{"rendered":"Kugelkappe 60&#215;40 mit \u00dcberstand"},"content":{"rendered":"<h3>Kugelkappe 60&#215;40 mm mit \u00dcberstand<\/h3>\n<p>Aluminium-Kugelkappe mit \u00dcberstand f\u00fcr Zaunpfosten 60&#215;40 mm.<\/p>\n<ul>\n<li><strong>Farben:<\/strong> RAL 6005 Moosgr\u00fcn, RAL 7016 Anthrazit<\/li>\n<\/ul>","protected":false},"excerpt":{"rendered":"<p>Kugelkappe 60&#215;40 mm mit \u00dcberstand Aluminium-Kugelkappe mit \u00dcberstand f\u00fcr Zaunpfosten 60&#215;40 mm. Farben: RAL 6005 Moosgr\u00fcn, RAL 7016 Anthrazit<\/p>","protected":false},"featured_media":40007,"comment_status":"open","ping_status":"closed","template":"","meta":[],"product_brand":[],"product_cat":[261],"product_tag":[],"class_list":{"0":"post-39917","1":"product","2":"type-product","3":"status-publish","4":"has-post-thumbnail","6":"product_cat-zubehoer","7":"product_shipping_class-paketdienst","9":"first","10":"instock","11":"shipping-taxable","12":"purchasable","13":"product-type-variable"},"_links":{"self":[{"href":"https:\/\/terrasnew.live-website.com\/en\/wp-json\/wp\/v2\/product\/39917","targetHints":{"allow":["GET"]}}],"collection":[{"href":"https:\/\/terrasnew.live-website.com\/en\/wp-json\/wp\/v2\/product"}],"about":[{"href":"https:\/\/terrasnew.live-website.com\/en\/wp-json\/wp\/v2\/types\/product"}],"replies":[{"embeddable":true,"href":"https:\/\/terrasnew.live-website.com\/en\/wp-json\/wp\/v2\/comments?post=39917"}],"wp:featuredmedia":[{"embeddable":true,"href":"https:\/\/terrasnew.live-website.com\/en\/wp-json\/wp\/v2\/media\/40007"}],"wp:attachment":[{"href":"https:\/\/terrasnew.live-website.com\/en\/wp-json\/wp\/v2\/media?parent=39917"}],"wp:term":[{"taxonomy":"product_brand","embeddable":true,"href":"https:\/\/terrasnew.live-website.com\/en\/wp-json\/wp\/v2\/product_brand?post=39917"},{"taxonomy":"product_cat","embeddable":true,"href":"https:\/\/terrasnew.live-website.com\/en\/wp-json\/wp\/v2\/product_cat?post=39917"},{"taxonomy":"product_tag","embeddable":true,"href":"https:\/\/terrasnew.live-website.com\/en\/wp-json\/wp\/v2\/product_tag?post=39917"}],"curies":[{"name":"wp","href":"https:\/\/api.w.org\/{rel}","templated":true}]}}