{"id":39900,"date":"2026-03-02T03:01:19","date_gmt":"2026-03-02T03:01:19","guid":{"rendered":"https:\/\/terrasnew.live-website.com\/product\/sichtschutzstreifen-premium-pp\/"},"modified":"2026-03-02T03:47:20","modified_gmt":"2026-03-02T03:47:20","slug":"sichtschutzstreifen-premium-pp","status":"publish","type":"product","link":"https:\/\/terrasnew.live-website.com\/en\/product\/sichtschutzstreifen-premium-pp\/","title":{"rendered":"Sichtschutzstreifen Premium PP"},"content":{"rendered":"<h3>Sichtschutzstreifen Premium PP<\/h3>\n<p>Hochwertiger Sichtschutzstreifen aus Polypropylen mit genarbter Oberfl\u00e4che. Zum Einflechten in Doppelstabmatten. UV-best\u00e4ndig und witterungsresistent.<\/p>\n<ul>\n<li><strong>Material:<\/strong> Polypropylen (PP), genarbt<\/li>\n<li><strong>St\u00e4rke:<\/strong> 1,1 mm<\/li>\n<li><strong>Farben:<\/strong> RAL 7016 Anthrazit, RAL 6005 Moosgr\u00fcn, RAL 7040 Fenstergrau<\/li>\n<\/ul>","protected":false},"excerpt":{"rendered":"<p>Sichtschutzstreifen Premium PP Hochwertiger Sichtschutzstreifen aus Polypropylen mit genarbter Oberfl\u00e4che. Zum Einflechten in Doppelstabmatten. UV-best\u00e4ndig und witterungsresistent. Material: Polypropylen (PP), genarbt St\u00e4rke: 1,1 mm Farben: RAL 7016 Anthrazit, RAL 6005&hellip;<\/p>","protected":false},"featured_media":40128,"comment_status":"open","ping_status":"closed","template":"","meta":[],"product_brand":[],"product_cat":[263],"product_tag":[],"class_list":{"0":"post-39900","1":"product","2":"type-product","3":"status-publish","4":"has-post-thumbnail","6":"product_cat-sichtschutz","7":"product_shipping_class-paketdienst","9":"first","10":"instock","11":"shipping-taxable","12":"purchasable","13":"product-type-variable"},"_links":{"self":[{"href":"https:\/\/terrasnew.live-website.com\/en\/wp-json\/wp\/v2\/product\/39900","targetHints":{"allow":["GET"]}}],"collection":[{"href":"https:\/\/terrasnew.live-website.com\/en\/wp-json\/wp\/v2\/product"}],"about":[{"href":"https:\/\/terrasnew.live-website.com\/en\/wp-json\/wp\/v2\/types\/product"}],"replies":[{"embeddable":true,"href":"https:\/\/terrasnew.live-website.com\/en\/wp-json\/wp\/v2\/comments?post=39900"}],"wp:featuredmedia":[{"embeddable":true,"href":"https:\/\/terrasnew.live-website.com\/en\/wp-json\/wp\/v2\/media\/40128"}],"wp:attachment":[{"href":"https:\/\/terrasnew.live-website.com\/en\/wp-json\/wp\/v2\/media?parent=39900"}],"wp:term":[{"taxonomy":"product_brand","embeddable":true,"href":"https:\/\/terrasnew.live-website.com\/en\/wp-json\/wp\/v2\/product_brand?post=39900"},{"taxonomy":"product_cat","embeddable":true,"href":"https:\/\/terrasnew.live-website.com\/en\/wp-json\/wp\/v2\/product_cat?post=39900"},{"taxonomy":"product_tag","embeddable":true,"href":"https:\/\/terrasnew.live-website.com\/en\/wp-json\/wp\/v2\/product_tag?post=39900"}],"curies":[{"name":"wp","href":"https:\/\/api.w.org\/{rel}","templated":true}]}}