{"id":39893,"date":"2026-03-02T03:01:17","date_gmt":"2026-03-02T03:01:17","guid":{"rendered":"https:\/\/terrasnew.live-website.com\/product\/variowinkel-zaunanschluss\/"},"modified":"2026-03-02T03:47:59","modified_gmt":"2026-03-02T03:47:59","slug":"variowinkel-zaunanschluss","status":"publish","type":"product","link":"https:\/\/terrasnew.live-website.com\/en\/product\/variowinkel-zaunanschluss\/","title":{"rendered":"Variowinkel Zaunanschluss"},"content":{"rendered":"<h3>Variowinkel Zaunanschluss<\/h3>\n<p>Flexibler Variowinkel f\u00fcr den Anschluss von Doppelstabmatten an W\u00e4nde, Pfosten oder andere Strukturen.<\/p>\n<ul>\n<li><strong>Farben:<\/strong> Feuerverzinkt, RAL 6005 Moosgr\u00fcn, RAL 7016 Anthrazit<\/li>\n<\/ul>","protected":false},"excerpt":{"rendered":"<p>Variowinkel Zaunanschluss Flexibler Variowinkel f\u00fcr den Anschluss von Doppelstabmatten an W\u00e4nde, Pfosten oder andere Strukturen. Farben: Feuerverzinkt, RAL 6005 Moosgr\u00fcn, RAL 7016 Anthrazit<\/p>","protected":false},"featured_media":40144,"comment_status":"open","ping_status":"closed","template":"","meta":[],"product_brand":[],"product_cat":[262],"product_tag":[],"class_list":{"0":"post-39893","1":"product","2":"type-product","3":"status-publish","4":"has-post-thumbnail","6":"product_cat-zaunanschluss","7":"product_shipping_class-paketdienst","9":"first","10":"instock","11":"shipping-taxable","12":"purchasable","13":"product-type-variable"},"_links":{"self":[{"href":"https:\/\/terrasnew.live-website.com\/en\/wp-json\/wp\/v2\/product\/39893","targetHints":{"allow":["GET"]}}],"collection":[{"href":"https:\/\/terrasnew.live-website.com\/en\/wp-json\/wp\/v2\/product"}],"about":[{"href":"https:\/\/terrasnew.live-website.com\/en\/wp-json\/wp\/v2\/types\/product"}],"replies":[{"embeddable":true,"href":"https:\/\/terrasnew.live-website.com\/en\/wp-json\/wp\/v2\/comments?post=39893"}],"wp:featuredmedia":[{"embeddable":true,"href":"https:\/\/terrasnew.live-website.com\/en\/wp-json\/wp\/v2\/media\/40144"}],"wp:attachment":[{"href":"https:\/\/terrasnew.live-website.com\/en\/wp-json\/wp\/v2\/media?parent=39893"}],"wp:term":[{"taxonomy":"product_brand","embeddable":true,"href":"https:\/\/terrasnew.live-website.com\/en\/wp-json\/wp\/v2\/product_brand?post=39893"},{"taxonomy":"product_cat","embeddable":true,"href":"https:\/\/terrasnew.live-website.com\/en\/wp-json\/wp\/v2\/product_cat?post=39893"},{"taxonomy":"product_tag","embeddable":true,"href":"https:\/\/terrasnew.live-website.com\/en\/wp-json\/wp\/v2\/product_tag?post=39893"}],"curies":[{"name":"wp","href":"https:\/\/api.w.org\/{rel}","templated":true}]}}