{"id":39871,"date":"2026-03-02T03:01:12","date_gmt":"2026-03-02T03:01:12","guid":{"rendered":"https:\/\/terrasnew.live-website.com\/product\/toranschlussleiste-flex\/"},"modified":"2026-03-02T03:48:27","modified_gmt":"2026-03-02T03:48:27","slug":"toranschlussleiste-flex","status":"publish","type":"product","link":"https:\/\/terrasnew.live-website.com\/en\/product\/toranschlussleiste-flex\/","title":{"rendered":"Toranschlussleiste FLEX"},"content":{"rendered":"<h3>Toranschlussleiste FLEX<\/h3>\n<p>Flexible Toranschlussleiste zum Anschluss von Doppelstabmatten an Torpfosten. Einfache Montage, passend f\u00fcr alle g\u00e4ngigen Zaunh\u00f6hen.<\/p>\n<ul>\n<li><strong>Profile:<\/strong> L-Profil und U-Profil<\/li>\n<li><strong>L\u00e4ngen:<\/strong> 830 \u2013 2.030 mm<\/li>\n<li><strong>Farben:<\/strong> Feuerverzinkt, RAL 6005 Moosgr\u00fcn, RAL 7016 Anthrazit<\/li>\n<\/ul>","protected":false},"excerpt":{"rendered":"<p>Toranschlussleiste FLEX Flexible Toranschlussleiste zum Anschluss von Doppelstabmatten an Torpfosten. Einfache Montage, passend f\u00fcr alle g\u00e4ngigen Zaunh\u00f6hen. Profile: L-Profil und U-Profil L\u00e4ngen: 830 \u2013 2.030 mm Farben: Feuerverzinkt, RAL 6005&hellip;<\/p>","protected":false},"featured_media":39984,"comment_status":"open","ping_status":"closed","template":"","meta":[],"product_brand":[],"product_cat":[262],"product_tag":[],"class_list":{"0":"post-39871","1":"product","2":"type-product","3":"status-publish","4":"has-post-thumbnail","6":"product_cat-zaunanschluss","7":"product_shipping_class-spedition","9":"first","10":"instock","11":"shipping-taxable","12":"purchasable","13":"product-type-variable"},"_links":{"self":[{"href":"https:\/\/terrasnew.live-website.com\/en\/wp-json\/wp\/v2\/product\/39871","targetHints":{"allow":["GET"]}}],"collection":[{"href":"https:\/\/terrasnew.live-website.com\/en\/wp-json\/wp\/v2\/product"}],"about":[{"href":"https:\/\/terrasnew.live-website.com\/en\/wp-json\/wp\/v2\/types\/product"}],"replies":[{"embeddable":true,"href":"https:\/\/terrasnew.live-website.com\/en\/wp-json\/wp\/v2\/comments?post=39871"}],"wp:featuredmedia":[{"embeddable":true,"href":"https:\/\/terrasnew.live-website.com\/en\/wp-json\/wp\/v2\/media\/39984"}],"wp:attachment":[{"href":"https:\/\/terrasnew.live-website.com\/en\/wp-json\/wp\/v2\/media?parent=39871"}],"wp:term":[{"taxonomy":"product_brand","embeddable":true,"href":"https:\/\/terrasnew.live-website.com\/en\/wp-json\/wp\/v2\/product_brand?post=39871"},{"taxonomy":"product_cat","embeddable":true,"href":"https:\/\/terrasnew.live-website.com\/en\/wp-json\/wp\/v2\/product_cat?post=39871"},{"taxonomy":"product_tag","embeddable":true,"href":"https:\/\/terrasnew.live-website.com\/en\/wp-json\/wp\/v2\/product_tag?post=39871"}],"curies":[{"name":"wp","href":"https:\/\/api.w.org\/{rel}","templated":true}]}}