{"id":39785,"date":"2026-03-02T03:00:52","date_gmt":"2026-03-02T03:00:52","guid":{"rendered":"https:\/\/terrasnew.live-website.com\/product\/kombi-tor-8-6-8-einbetonieren-2-fluegig\/"},"modified":"2026-03-02T03:50:12","modified_gmt":"2026-03-02T03:50:12","slug":"kombi-tor-8-6-8-einbetonieren-2-fluegig","status":"publish","type":"product","link":"https:\/\/terrasnew.live-website.com\/en\/product\/kombi-tor-8-6-8-einbetonieren-2-fluegig\/","title":{"rendered":"Kombi Tor 8\/6\/8 Einbetonieren 2-fl\u00fcgig"},"content":{"rendered":"<h3>Kombi Tor 8\/6\/8 \u2013 2-fl\u00fcgelig, zum Einbetonieren<\/h3>\n<p>Zweifl\u00fcgeliges Vollrahmen-Tor mit verst\u00e4rkter 8\/6\/8 F\u00fcllung. F\u00fcr breite Zufahrten mit h\u00f6chsten Sicherheitsanforderungen.<\/p>\n<ul>\n<li><strong>Typ:<\/strong> 2-fl\u00fcgelig, Vollrahmen, zum Einbetonieren<\/li>\n<li><strong>F\u00fcllung:<\/strong> Doppelstabmatte 8\/6\/8 mm<\/li>\n<li><strong>Breiten:<\/strong> 3.000 \/ 4.000 mm<\/li>\n<li><strong>H\u00f6hen:<\/strong> 800 \u2013 2.000 mm<\/li>\n<li><strong>Farben:<\/strong> Feuerverzinkt, RAL 6005 Moosgr\u00fcn, RAL 7016 Anthrazit<\/li>\n<\/ul>\n<h4>Downloads<\/h4>\n<ul>\n<li>\ud83d\udccb <a href=\"https:\/\/drive.google.com\/file\/d\/12H-Ghk4t-fUxQUXfh30-FbL0i4JdhEEJ\/view\" target=\"_blank\" rel=\"noopener\">Multi-Tor, 2-fl\u00fcgelig &#8211; Anleitung.pdf<\/a><\/li>\n<li>\ud83d\udcd0 <a href=\"https:\/\/drive.google.com\/file\/d\/17RR2Wc-lz9CmSJjrf4urqywsJhg8w-MO\/view\" target=\"_blank\" rel=\"noopener\">Multi-Tor, 2-fl\u00fcgelig -Technische Spezifikationen.xlsx<\/a><\/li>\n<\/ul>","protected":false},"excerpt":{"rendered":"<p>Kombi Tor 8\/6\/8 \u2013 2-fl\u00fcgelig, zum Einbetonieren Zweifl\u00fcgeliges Vollrahmen-Tor mit verst\u00e4rkter 8\/6\/8 F\u00fcllung. F\u00fcr breite Zufahrten mit h\u00f6chsten Sicherheitsanforderungen. Typ: 2-fl\u00fcgelig, Vollrahmen, zum Einbetonieren F\u00fcllung: Doppelstabmatte 8\/6\/8 mm Breiten: 3.000&hellip;<\/p>","protected":false},"featured_media":39986,"comment_status":"open","ping_status":"closed","template":"","meta":[],"product_brand":[],"product_cat":[260],"product_tag":[],"class_list":{"0":"post-39785","1":"product","2":"type-product","3":"status-publish","4":"has-post-thumbnail","6":"product_cat-kombi-tore","7":"product_shipping_class-spedition","9":"first","10":"instock","11":"shipping-taxable","12":"purchasable","13":"product-type-variable"},"_links":{"self":[{"href":"https:\/\/terrasnew.live-website.com\/en\/wp-json\/wp\/v2\/product\/39785","targetHints":{"allow":["GET"]}}],"collection":[{"href":"https:\/\/terrasnew.live-website.com\/en\/wp-json\/wp\/v2\/product"}],"about":[{"href":"https:\/\/terrasnew.live-website.com\/en\/wp-json\/wp\/v2\/types\/product"}],"replies":[{"embeddable":true,"href":"https:\/\/terrasnew.live-website.com\/en\/wp-json\/wp\/v2\/comments?post=39785"}],"wp:featuredmedia":[{"embeddable":true,"href":"https:\/\/terrasnew.live-website.com\/en\/wp-json\/wp\/v2\/media\/39986"}],"wp:attachment":[{"href":"https:\/\/terrasnew.live-website.com\/en\/wp-json\/wp\/v2\/media?parent=39785"}],"wp:term":[{"taxonomy":"product_brand","embeddable":true,"href":"https:\/\/terrasnew.live-website.com\/en\/wp-json\/wp\/v2\/product_brand?post=39785"},{"taxonomy":"product_cat","embeddable":true,"href":"https:\/\/terrasnew.live-website.com\/en\/wp-json\/wp\/v2\/product_cat?post=39785"},{"taxonomy":"product_tag","embeddable":true,"href":"https:\/\/terrasnew.live-website.com\/en\/wp-json\/wp\/v2\/product_tag?post=39785"}],"curies":[{"name":"wp","href":"https:\/\/api.w.org\/{rel}","templated":true}]}}