{"id":39721,"date":"2026-03-02T03:00:38","date_gmt":"2026-03-02T03:00:38","guid":{"rendered":"https:\/\/terrasnew.live-website.com\/product\/kombi-tor-8-6-8-aufduebeln-1-fluegig\/"},"modified":"2026-03-02T03:50:36","modified_gmt":"2026-03-02T03:50:36","slug":"kombi-tor-8-6-8-aufduebeln-1-fluegig","status":"publish","type":"product","link":"https:\/\/terrasnew.live-website.com\/en\/product\/kombi-tor-8-6-8-aufduebeln-1-fluegig\/","title":{"rendered":"Kombi Tor 8\/6\/8 Aufd\u00fcbeln 1-fl\u00fcgig"},"content":{"rendered":"<h3>Kombi Tor 8\/6\/8 \u2013 1-fl\u00fcgelig, zum Aufd\u00fcbeln<\/h3>\n<p>Vollrahmen-Tor mit verst\u00e4rkter 8\/6\/8 F\u00fcllung. Mit Bodenplatten zum Aufd\u00fcbeln auf bestehende Fundamente.<\/p>\n<ul>\n<li><strong>Typ:<\/strong> 1-fl\u00fcgelig, Vollrahmen, zum Aufd\u00fcbeln<\/li>\n<li><strong>F\u00fcllung:<\/strong> Doppelstabmatte 8\/6\/8 mm<\/li>\n<li><strong>Breiten:<\/strong> 1.000 \/ 1.250 \/ 1.500 mm<\/li>\n<li><strong>H\u00f6hen:<\/strong> 800 \u2013 2.000 mm<\/li>\n<li><strong>Farben:<\/strong> Feuerverzinkt, RAL 6005 Moosgr\u00fcn, RAL 7016 Anthrazit<\/li>\n<\/ul>\n<h4>Downloads<\/h4>\n<ul>\n<li>\ud83d\udccb <a href=\"https:\/\/drive.google.com\/file\/d\/1oQ79ezWd5UBKPz2qC5xIPrPkR7zjtWDK\/view\" target=\"_blank\" rel=\"noopener\">Multi-Vollrahmen-Tor, 1-fl\u00fcgelig &#8211; Anleitung.pdf<\/a><\/li>\n<li>\ud83d\udcd0 <a href=\"https:\/\/drive.google.com\/file\/d\/130uJM4plvI_v_KbOvN_kKFAJjzkiaTud\/view\" target=\"_blank\" rel=\"noopener\">Multi-Vollrahmentor-Technische Spezifikationen.xlsx<\/a><\/li>\n<\/ul>","protected":false},"excerpt":{"rendered":"<p>Kombi Tor 8\/6\/8 \u2013 1-fl\u00fcgelig, zum Aufd\u00fcbeln Vollrahmen-Tor mit verst\u00e4rkter 8\/6\/8 F\u00fcllung. Mit Bodenplatten zum Aufd\u00fcbeln auf bestehende Fundamente. Typ: 1-fl\u00fcgelig, Vollrahmen, zum Aufd\u00fcbeln F\u00fcllung: Doppelstabmatte 8\/6\/8 mm Breiten: 1.000&hellip;<\/p>","protected":false},"featured_media":39987,"comment_status":"open","ping_status":"closed","template":"","meta":[],"product_brand":[],"product_cat":[260],"product_tag":[],"class_list":{"0":"post-39721","1":"product","2":"type-product","3":"status-publish","4":"has-post-thumbnail","6":"product_cat-kombi-tore","7":"product_shipping_class-spedition","9":"first","10":"instock","11":"shipping-taxable","12":"purchasable","13":"product-type-variable"},"_links":{"self":[{"href":"https:\/\/terrasnew.live-website.com\/en\/wp-json\/wp\/v2\/product\/39721","targetHints":{"allow":["GET"]}}],"collection":[{"href":"https:\/\/terrasnew.live-website.com\/en\/wp-json\/wp\/v2\/product"}],"about":[{"href":"https:\/\/terrasnew.live-website.com\/en\/wp-json\/wp\/v2\/types\/product"}],"replies":[{"embeddable":true,"href":"https:\/\/terrasnew.live-website.com\/en\/wp-json\/wp\/v2\/comments?post=39721"}],"wp:featuredmedia":[{"embeddable":true,"href":"https:\/\/terrasnew.live-website.com\/en\/wp-json\/wp\/v2\/media\/39987"}],"wp:attachment":[{"href":"https:\/\/terrasnew.live-website.com\/en\/wp-json\/wp\/v2\/media?parent=39721"}],"wp:term":[{"taxonomy":"product_brand","embeddable":true,"href":"https:\/\/terrasnew.live-website.com\/en\/wp-json\/wp\/v2\/product_brand?post=39721"},{"taxonomy":"product_cat","embeddable":true,"href":"https:\/\/terrasnew.live-website.com\/en\/wp-json\/wp\/v2\/product_cat?post=39721"},{"taxonomy":"product_tag","embeddable":true,"href":"https:\/\/terrasnew.live-website.com\/en\/wp-json\/wp\/v2\/product_tag?post=39721"}],"curies":[{"name":"wp","href":"https:\/\/api.w.org\/{rel}","templated":true}]}}