{"id":39657,"date":"2026-03-02T03:00:24","date_gmt":"2026-03-02T03:00:24","guid":{"rendered":"https:\/\/terrasnew.live-website.com\/product\/kombi-tor-8-6-8-einbetonieren-1-fluegig\/"},"modified":"2026-03-02T03:50:59","modified_gmt":"2026-03-02T03:50:59","slug":"kombi-tor-8-6-8-einbetonieren-1-fluegig","status":"publish","type":"product","link":"https:\/\/terrasnew.live-website.com\/en\/product\/kombi-tor-8-6-8-einbetonieren-1-fluegig\/","title":{"rendered":"Kombi Tor 8\/6\/8 Einbetonieren 1-fl\u00fcgig"},"content":{"rendered":"<h3>Kombi Tor 8\/6\/8 \u2013 1-fl\u00fcgelig, zum Einbetonieren<\/h3>\n<p>Vollrahmen-Tor der Kombi-Serie (Multi-Vollrahmen-Tor) mit verst\u00e4rkter Doppelstabmatten-F\u00fcllung 8\/6\/8 mm. Einfl\u00fcgelig, zum Einbetonieren. Maximale Stabilit\u00e4t durch umlaufenden Vollrahmen.<\/p>\n<ul>\n<li><strong>Typ:<\/strong> 1-fl\u00fcgelig, Vollrahmen, zum Einbetonieren<\/li>\n<li><strong>F\u00fcllung:<\/strong> Doppelstabmatte 8\/6\/8 mm<\/li>\n<li><strong>Breiten:<\/strong> 1.000 \/ 1.250 \/ 1.500 mm<\/li>\n<li><strong>H\u00f6hen:<\/strong> 800 \u2013 2.000 mm<\/li>\n<li><strong>Farben:<\/strong> Feuerverzinkt, RAL 6005 Moosgr\u00fcn, RAL 7016 Anthrazit<\/li>\n<li><strong>Inklusive:<\/strong> Torpfosten 100&#215;100 mm, Scharniere, Schlie\u00dfblech, Profilzylinderschloss<\/li>\n<\/ul>\n<h4>Downloads<\/h4>\n<ul>\n<li>\ud83d\udccb <a href=\"https:\/\/drive.google.com\/file\/d\/1oQ79ezWd5UBKPz2qC5xIPrPkR7zjtWDK\/view\" target=\"_blank\" rel=\"noopener\">Multi-Vollrahmen-Tor, 1-fl\u00fcgelig &#8211; Anleitung.pdf<\/a><\/li>\n<li>\ud83d\udcd0 <a href=\"https:\/\/drive.google.com\/file\/d\/130uJM4plvI_v_KbOvN_kKFAJjzkiaTud\/view\" target=\"_blank\" rel=\"noopener\">Multi-Vollrahmentor-Technische Spezifikationen.xlsx<\/a><\/li>\n<\/ul>","protected":false},"excerpt":{"rendered":"<p>Kombi Tor 8\/6\/8 \u2013 1-fl\u00fcgelig, zum Einbetonieren Vollrahmen-Tor der Kombi-Serie (Multi-Vollrahmen-Tor) mit verst\u00e4rkter Doppelstabmatten-F\u00fcllung 8\/6\/8 mm. Einfl\u00fcgelig, zum Einbetonieren. Maximale Stabilit\u00e4t durch umlaufenden Vollrahmen. Typ: 1-fl\u00fcgelig, Vollrahmen, zum Einbetonieren F\u00fcllung:&hellip;<\/p>","protected":false},"featured_media":39988,"comment_status":"open","ping_status":"closed","template":"","meta":[],"product_brand":[],"product_cat":[260],"product_tag":[],"class_list":{"0":"post-39657","1":"product","2":"type-product","3":"status-publish","4":"has-post-thumbnail","6":"product_cat-kombi-tore","7":"product_shipping_class-spedition","9":"first","10":"instock","11":"shipping-taxable","12":"purchasable","13":"product-type-variable"},"_links":{"self":[{"href":"https:\/\/terrasnew.live-website.com\/en\/wp-json\/wp\/v2\/product\/39657","targetHints":{"allow":["GET"]}}],"collection":[{"href":"https:\/\/terrasnew.live-website.com\/en\/wp-json\/wp\/v2\/product"}],"about":[{"href":"https:\/\/terrasnew.live-website.com\/en\/wp-json\/wp\/v2\/types\/product"}],"replies":[{"embeddable":true,"href":"https:\/\/terrasnew.live-website.com\/en\/wp-json\/wp\/v2\/comments?post=39657"}],"wp:featuredmedia":[{"embeddable":true,"href":"https:\/\/terrasnew.live-website.com\/en\/wp-json\/wp\/v2\/media\/39988"}],"wp:attachment":[{"href":"https:\/\/terrasnew.live-website.com\/en\/wp-json\/wp\/v2\/media?parent=39657"}],"wp:term":[{"taxonomy":"product_brand","embeddable":true,"href":"https:\/\/terrasnew.live-website.com\/en\/wp-json\/wp\/v2\/product_brand?post=39657"},{"taxonomy":"product_cat","embeddable":true,"href":"https:\/\/terrasnew.live-website.com\/en\/wp-json\/wp\/v2\/product_cat?post=39657"},{"taxonomy":"product_tag","embeddable":true,"href":"https:\/\/terrasnew.live-website.com\/en\/wp-json\/wp\/v2\/product_tag?post=39657"}],"curies":[{"name":"wp","href":"https:\/\/api.w.org\/{rel}","templated":true}]}}