{"id":39528,"date":"2026-03-02T02:59:53","date_gmt":"2026-03-02T02:59:53","guid":{"rendered":"https:\/\/terrasnew.live-website.com\/product\/vario-tor-6-5-6-aufduebeln-1-fluegig\/"},"modified":"2026-03-02T03:51:56","modified_gmt":"2026-03-02T03:51:56","slug":"vario-tor-6-5-6-aufduebeln-1-fluegig","status":"publish","type":"product","link":"https:\/\/terrasnew.live-website.com\/en\/product\/vario-tor-6-5-6-aufduebeln-1-fluegig\/","title":{"rendered":"Vario Tor 6\/5\/6 Aufd\u00fcbeln 1-fl\u00fcgig"},"content":{"rendered":"<h3>Vario Tor 6\/5\/6 \u2013 1-fl\u00fcgelig, zum Aufd\u00fcbeln<\/h3>\n<p>Industrie-Tor der Vario-Serie mit Doppelstabmatten-F\u00fcllung 6\/5\/6 mm. Mit Bodenplatten zum Aufd\u00fcbeln auf bestehende Fundamente.<\/p>\n<ul>\n<li><strong>Typ:<\/strong> 1-fl\u00fcgelig, zum Aufd\u00fcbeln<\/li>\n<li><strong>F\u00fcllung:<\/strong> Doppelstabmatte 6\/5\/6 mm<\/li>\n<li><strong>Breiten:<\/strong> 1.000 \/ 1.250 mm<\/li>\n<li><strong>H\u00f6hen:<\/strong> 800 \u2013 2.000 mm<\/li>\n<li><strong>Farben:<\/strong> Feuerverzinkt, RAL 6005 Moosgr\u00fcn, RAL 7016 Anthrazit<\/li>\n<\/ul>\n<h4>Downloads<\/h4>\n<ul>\n<li>\ud83d\udcd0 <a href=\"https:\/\/drive.google.com\/file\/d\/14YAeIEcKUlHyXti8tgJ-jmBFgAUGZ5Z7\/view\" target=\"_blank\" rel=\"noopener\">Technische Spezifikationen Industrie &#8211; Tor &#8211; 1 &#8211; fl\u00fcgelig.xlsx<\/a><\/li>\n<\/ul>","protected":false},"excerpt":{"rendered":"<p>Vario Tor 6\/5\/6 \u2013 1-fl\u00fcgelig, zum Aufd\u00fcbeln Industrie-Tor der Vario-Serie mit Doppelstabmatten-F\u00fcllung 6\/5\/6 mm. Mit Bodenplatten zum Aufd\u00fcbeln auf bestehende Fundamente. Typ: 1-fl\u00fcgelig, zum Aufd\u00fcbeln F\u00fcllung: Doppelstabmatte 6\/5\/6 mm Breiten:&hellip;<\/p>","protected":false},"featured_media":39991,"comment_status":"open","ping_status":"closed","template":"","meta":[],"product_brand":[],"product_cat":[259],"product_tag":[],"class_list":{"0":"post-39528","1":"product","2":"type-product","3":"status-publish","4":"has-post-thumbnail","6":"product_cat-vario-tore","7":"product_shipping_class-spedition","9":"first","10":"instock","11":"shipping-taxable","12":"purchasable","13":"product-type-variable"},"_links":{"self":[{"href":"https:\/\/terrasnew.live-website.com\/en\/wp-json\/wp\/v2\/product\/39528","targetHints":{"allow":["GET"]}}],"collection":[{"href":"https:\/\/terrasnew.live-website.com\/en\/wp-json\/wp\/v2\/product"}],"about":[{"href":"https:\/\/terrasnew.live-website.com\/en\/wp-json\/wp\/v2\/types\/product"}],"replies":[{"embeddable":true,"href":"https:\/\/terrasnew.live-website.com\/en\/wp-json\/wp\/v2\/comments?post=39528"}],"wp:featuredmedia":[{"embeddable":true,"href":"https:\/\/terrasnew.live-website.com\/en\/wp-json\/wp\/v2\/media\/39991"}],"wp:attachment":[{"href":"https:\/\/terrasnew.live-website.com\/en\/wp-json\/wp\/v2\/media?parent=39528"}],"wp:term":[{"taxonomy":"product_brand","embeddable":true,"href":"https:\/\/terrasnew.live-website.com\/en\/wp-json\/wp\/v2\/product_brand?post=39528"},{"taxonomy":"product_cat","embeddable":true,"href":"https:\/\/terrasnew.live-website.com\/en\/wp-json\/wp\/v2\/product_cat?post=39528"},{"taxonomy":"product_tag","embeddable":true,"href":"https:\/\/terrasnew.live-website.com\/en\/wp-json\/wp\/v2\/product_tag?post=39528"}],"curies":[{"name":"wp","href":"https:\/\/api.w.org\/{rel}","templated":true}]}}