{"id":39463,"date":"2026-03-02T02:59:38","date_gmt":"2026-03-02T02:59:38","guid":{"rendered":"https:\/\/terrasnew.live-website.com\/product\/gartentor-zum-aufduebeln-mit-abdeckleiste\/"},"modified":"2026-03-02T03:52:42","modified_gmt":"2026-03-02T03:52:42","slug":"gartentor-zum-aufduebeln-mit-abdeckleiste","status":"publish","type":"product","link":"https:\/\/terrasnew.live-website.com\/en\/product\/gartentor-zum-aufduebeln-mit-abdeckleiste\/","title":{"rendered":"Gartentor zum Aufd\u00fcbeln mit Abdeckleiste"},"content":{"rendered":"<h3>Gartentor zum Aufd\u00fcbeln mit Abdeckleiste<\/h3>\n<p>Einfl\u00fcgeliges Gartentor (Basic-Tor-Serie) mit Bodenplatten zum Aufd\u00fcbeln und Abdeckleiste. Ideal bei vorhandener Betonfl\u00e4che.<\/p>\n<ul>\n<li><strong>Typ:<\/strong> 1-fl\u00fcgelig, zum Aufd\u00fcbeln<\/li>\n<li><strong>F\u00fcllung:<\/strong> Doppelstabmatte 6\/5\/6 mm<\/li>\n<li><strong>Breite:<\/strong> 1.000 mm<\/li>\n<li><strong>H\u00f6hen:<\/strong> 830 \u2013 2.030 mm<\/li>\n<li><strong>Farben:<\/strong> Feuerverzinkt, RAL 6005 Moosgr\u00fcn, RAL 7016 Anthrazit<\/li>\n<\/ul>\n<h4>Downloads<\/h4>\n<ul>\n<li>\ud83d\udcd0 <a href=\"https:\/\/drive.google.com\/file\/d\/1_4Ta5l3xxRWuitnjw7S39-1BpNR3frIS\/view\" target=\"_blank\" rel=\"noopener\">Technische Spezifikationen Basic &#8211; Tor &#8211; 1 &#8211; fl\u00fcgelig.xlsx<\/a><\/li>\n<\/ul>","protected":false},"excerpt":{"rendered":"<p>Gartentor zum Aufd\u00fcbeln mit Abdeckleiste Einfl\u00fcgeliges Gartentor (Basic-Tor-Serie) mit Bodenplatten zum Aufd\u00fcbeln und Abdeckleiste. Ideal bei vorhandener Betonfl\u00e4che. Typ: 1-fl\u00fcgelig, zum Aufd\u00fcbeln F\u00fcllung: Doppelstabmatte 6\/5\/6 mm Breite: 1.000 mm H\u00f6hen:&hellip;<\/p>","protected":false},"featured_media":39993,"comment_status":"open","ping_status":"closed","template":"","meta":[],"product_brand":[],"product_cat":[258],"product_tag":[],"class_list":{"0":"post-39463","1":"product","2":"type-product","3":"status-publish","4":"has-post-thumbnail","6":"product_cat-gartentore","7":"product_shipping_class-spedition","9":"first","10":"instock","11":"shipping-taxable","12":"purchasable","13":"product-type-variable"},"_links":{"self":[{"href":"https:\/\/terrasnew.live-website.com\/en\/wp-json\/wp\/v2\/product\/39463","targetHints":{"allow":["GET"]}}],"collection":[{"href":"https:\/\/terrasnew.live-website.com\/en\/wp-json\/wp\/v2\/product"}],"about":[{"href":"https:\/\/terrasnew.live-website.com\/en\/wp-json\/wp\/v2\/types\/product"}],"replies":[{"embeddable":true,"href":"https:\/\/terrasnew.live-website.com\/en\/wp-json\/wp\/v2\/comments?post=39463"}],"wp:featuredmedia":[{"embeddable":true,"href":"https:\/\/terrasnew.live-website.com\/en\/wp-json\/wp\/v2\/media\/39993"}],"wp:attachment":[{"href":"https:\/\/terrasnew.live-website.com\/en\/wp-json\/wp\/v2\/media?parent=39463"}],"wp:term":[{"taxonomy":"product_brand","embeddable":true,"href":"https:\/\/terrasnew.live-website.com\/en\/wp-json\/wp\/v2\/product_brand?post=39463"},{"taxonomy":"product_cat","embeddable":true,"href":"https:\/\/terrasnew.live-website.com\/en\/wp-json\/wp\/v2\/product_cat?post=39463"},{"taxonomy":"product_tag","embeddable":true,"href":"https:\/\/terrasnew.live-website.com\/en\/wp-json\/wp\/v2\/product_tag?post=39463"}],"curies":[{"name":"wp","href":"https:\/\/api.w.org\/{rel}","templated":true}]}}