{"id":39419,"date":"2026-03-02T02:59:28","date_gmt":"2026-03-02T02:59:28","guid":{"rendered":"https:\/\/terrasnew.live-website.com\/product\/gartentor-mit-abdeckleiste\/"},"modified":"2026-03-02T03:53:51","modified_gmt":"2026-03-02T03:53:51","slug":"gartentor-mit-abdeckleiste","status":"publish","type":"product","link":"https:\/\/terrasnew.live-website.com\/en\/product\/gartentor-mit-abdeckleiste\/","title":{"rendered":"Gartentor mit Abdeckleiste"},"content":{"rendered":"<h3>Gartentor mit Abdeckleiste \u2013 zum Einbetonieren<\/h3>\n<p>Einfl\u00fcgeliges Gartentor (Basic-Tor-Serie) mit Doppelstabmatten-F\u00fcllung und Abdeckleisten-Befestigung. Inklusive Torpfosten, Beschl\u00e4ge und Montagematerial.<\/p>\n<ul>\n<li><strong>Typ:<\/strong> 1-fl\u00fcgelig<\/li>\n<li><strong>F\u00fcllung:<\/strong> Doppelstabmatte 6\/5\/6 mm<\/li>\n<li><strong>Breite:<\/strong> 1.000 mm<\/li>\n<li><strong>H\u00f6hen:<\/strong> 830 \u2013 2.030 mm<\/li>\n<li><strong>Befestigung:<\/strong> Abdeckleiste, zum Einbetonieren<\/li>\n<li><strong>Farben:<\/strong> Feuerverzinkt, RAL 6005 Moosgr\u00fcn, RAL 7016 Anthrazit<\/li>\n<li><strong>Inklusive:<\/strong> Torpfosten, Scharniere, Schlie\u00dfblech, Profilzylinderschloss<\/li>\n<\/ul>\n<h4>Downloads<\/h4>\n<ul>\n<li>\ud83d\udcd0 <a href=\"https:\/\/drive.google.com\/file\/d\/1_4Ta5l3xxRWuitnjw7S39-1BpNR3frIS\/view\" target=\"_blank\" rel=\"noopener\">Technische Spezifikationen Basic &#8211; Tor &#8211; 1 &#8211; fl\u00fcgelig.xlsx<\/a><\/li>\n<\/ul>","protected":false},"excerpt":{"rendered":"<p>Gartentor mit Abdeckleiste \u2013 zum Einbetonieren Einfl\u00fcgeliges Gartentor (Basic-Tor-Serie) mit Doppelstabmatten-F\u00fcllung und Abdeckleisten-Befestigung. Inklusive Torpfosten, Beschl\u00e4ge und Montagematerial. Typ: 1-fl\u00fcgelig F\u00fcllung: Doppelstabmatte 6\/5\/6 mm Breite: 1.000 mm H\u00f6hen: 830 \u2013&hellip;<\/p>","protected":false},"featured_media":39995,"comment_status":"open","ping_status":"closed","template":"","meta":[],"product_brand":[],"product_cat":[258],"product_tag":[],"class_list":{"0":"post-39419","1":"product","2":"type-product","3":"status-publish","4":"has-post-thumbnail","6":"product_cat-gartentore","7":"product_shipping_class-spedition","9":"first","10":"instock","11":"shipping-taxable","12":"purchasable","13":"product-type-variable"},"_links":{"self":[{"href":"https:\/\/terrasnew.live-website.com\/en\/wp-json\/wp\/v2\/product\/39419","targetHints":{"allow":["GET"]}}],"collection":[{"href":"https:\/\/terrasnew.live-website.com\/en\/wp-json\/wp\/v2\/product"}],"about":[{"href":"https:\/\/terrasnew.live-website.com\/en\/wp-json\/wp\/v2\/types\/product"}],"replies":[{"embeddable":true,"href":"https:\/\/terrasnew.live-website.com\/en\/wp-json\/wp\/v2\/comments?post=39419"}],"wp:featuredmedia":[{"embeddable":true,"href":"https:\/\/terrasnew.live-website.com\/en\/wp-json\/wp\/v2\/media\/39995"}],"wp:attachment":[{"href":"https:\/\/terrasnew.live-website.com\/en\/wp-json\/wp\/v2\/media?parent=39419"}],"wp:term":[{"taxonomy":"product_brand","embeddable":true,"href":"https:\/\/terrasnew.live-website.com\/en\/wp-json\/wp\/v2\/product_brand?post=39419"},{"taxonomy":"product_cat","embeddable":true,"href":"https:\/\/terrasnew.live-website.com\/en\/wp-json\/wp\/v2\/product_cat?post=39419"},{"taxonomy":"product_tag","embeddable":true,"href":"https:\/\/terrasnew.live-website.com\/en\/wp-json\/wp\/v2\/product_tag?post=39419"}],"curies":[{"name":"wp","href":"https:\/\/api.w.org\/{rel}","templated":true}]}}