{"id":39347,"date":"2026-03-02T02:59:12","date_gmt":"2026-03-02T02:59:12","guid":{"rendered":"https:\/\/terrasnew.live-website.com\/product\/bodenplattenpfosten-mit-klemmplaettchen\/"},"modified":"2026-03-02T03:54:26","modified_gmt":"2026-03-02T03:54:26","slug":"bodenplattenpfosten-mit-klemmplaettchen","status":"publish","type":"product","link":"https:\/\/terrasnew.live-website.com\/en\/product\/bodenplattenpfosten-mit-klemmplaettchen\/","title":{"rendered":"Bodenplattenpfosten mit Klemmpl\u00e4ttchen"},"content":{"rendered":"<h3>Bodenplattenpfosten mit Klemmpl\u00e4ttchen<\/h3>\n<p>Zaunpfosten mit angeschwei\u00dfter Bodenplatte und Klemmpl\u00e4ttchen-Befestigung. Zum Aufd\u00fcbeln auf bestehende Fundamente.<\/p>\n<ul>\n<li><strong>Befestigung:<\/strong> Zum Aufd\u00fcbeln (angeschwei\u00dfte Bodenplatte)<\/li>\n<li><strong>Abschluss:<\/strong> Klemmpl\u00e4ttchen<\/li>\n<li><strong>Zaunh\u00f6hen:<\/strong> 630 \u2013 2.030 mm<\/li>\n<li><strong>Farben:<\/strong> Feuerverzinkt, RAL 6005 Moosgr\u00fcn, RAL 7016 Anthrazit<\/li>\n<\/ul>","protected":false},"excerpt":{"rendered":"<p>Bodenplattenpfosten mit Klemmpl\u00e4ttchen Zaunpfosten mit angeschwei\u00dfter Bodenplatte und Klemmpl\u00e4ttchen-Befestigung. Zum Aufd\u00fcbeln auf bestehende Fundamente. Befestigung: Zum Aufd\u00fcbeln (angeschwei\u00dfte Bodenplatte) Abschluss: Klemmpl\u00e4ttchen Zaunh\u00f6hen: 630 \u2013 2.030 mm Farben: Feuerverzinkt, RAL 6005&hellip;<\/p>","protected":false},"featured_media":0,"comment_status":"open","ping_status":"closed","template":"","meta":[],"product_brand":[],"product_cat":[257],"product_tag":[],"class_list":{"0":"post-39347","1":"product","2":"type-product","3":"status-publish","5":"product_cat-pfosten","6":"product_shipping_class-spedition","8":"first","9":"instock","10":"shipping-taxable","11":"purchasable","12":"product-type-variable"},"_links":{"self":[{"href":"https:\/\/terrasnew.live-website.com\/en\/wp-json\/wp\/v2\/product\/39347","targetHints":{"allow":["GET"]}}],"collection":[{"href":"https:\/\/terrasnew.live-website.com\/en\/wp-json\/wp\/v2\/product"}],"about":[{"href":"https:\/\/terrasnew.live-website.com\/en\/wp-json\/wp\/v2\/types\/product"}],"replies":[{"embeddable":true,"href":"https:\/\/terrasnew.live-website.com\/en\/wp-json\/wp\/v2\/comments?post=39347"}],"wp:attachment":[{"href":"https:\/\/terrasnew.live-website.com\/en\/wp-json\/wp\/v2\/media?parent=39347"}],"wp:term":[{"taxonomy":"product_brand","embeddable":true,"href":"https:\/\/terrasnew.live-website.com\/en\/wp-json\/wp\/v2\/product_brand?post=39347"},{"taxonomy":"product_cat","embeddable":true,"href":"https:\/\/terrasnew.live-website.com\/en\/wp-json\/wp\/v2\/product_cat?post=39347"},{"taxonomy":"product_tag","embeddable":true,"href":"https:\/\/terrasnew.live-website.com\/en\/wp-json\/wp\/v2\/product_tag?post=39347"}],"curies":[{"name":"wp","href":"https:\/\/api.w.org\/{rel}","templated":true}]}}