{"id":39322,"date":"2026-03-02T02:59:06","date_gmt":"2026-03-02T02:59:06","guid":{"rendered":"https:\/\/terrasnew.live-website.com\/product\/eck-bodenplattenpfosten-mit-abdeckleiste\/"},"modified":"2026-03-02T03:54:46","modified_gmt":"2026-03-02T03:54:46","slug":"eck-bodenplattenpfosten-mit-abdeckleiste","status":"publish","type":"product","link":"https:\/\/terrasnew.live-website.com\/en\/product\/eck-bodenplattenpfosten-mit-abdeckleiste\/","title":{"rendered":"Eck-Bodenplattenpfosten mit Abdeckleiste"},"content":{"rendered":"<h3>Eck-Bodenplattenpfosten mit Abdeckleiste<\/h3>\n<p>Eck-Zaunpfosten 60&#215;60 mm mit angeschwei\u00dfter Bodenplatte und Abdeckleiste. F\u00fcr Ecken beim Aufd\u00fcbeln.<\/p>\n<ul>\n<li><strong>Befestigung:<\/strong> Zum Aufd\u00fcbeln (angeschwei\u00dfte Bodenplatte)<\/li>\n<li><strong>Abschluss:<\/strong> Abdeckleiste<\/li>\n<li><strong>Zaunh\u00f6hen:<\/strong> 630 \u2013 2.030 mm<\/li>\n<li><strong>Farben:<\/strong> Feuerverzinkt, RAL 6005 Moosgr\u00fcn, RAL 7016 Anthrazit<\/li>\n<\/ul>","protected":false},"excerpt":{"rendered":"<p>Eck-Bodenplattenpfosten mit Abdeckleiste Eck-Zaunpfosten 60&#215;60 mm mit angeschwei\u00dfter Bodenplatte und Abdeckleiste. F\u00fcr Ecken beim Aufd\u00fcbeln. Befestigung: Zum Aufd\u00fcbeln (angeschwei\u00dfte Bodenplatte) Abschluss: Abdeckleiste Zaunh\u00f6hen: 630 \u2013 2.030 mm Farben: Feuerverzinkt, RAL&hellip;<\/p>","protected":false},"featured_media":39997,"comment_status":"open","ping_status":"closed","template":"","meta":[],"product_brand":[],"product_cat":[257],"product_tag":[],"class_list":{"0":"post-39322","1":"product","2":"type-product","3":"status-publish","4":"has-post-thumbnail","6":"product_cat-pfosten","7":"product_shipping_class-spedition","9":"first","10":"instock","11":"shipping-taxable","12":"purchasable","13":"product-type-variable"},"_links":{"self":[{"href":"https:\/\/terrasnew.live-website.com\/en\/wp-json\/wp\/v2\/product\/39322","targetHints":{"allow":["GET"]}}],"collection":[{"href":"https:\/\/terrasnew.live-website.com\/en\/wp-json\/wp\/v2\/product"}],"about":[{"href":"https:\/\/terrasnew.live-website.com\/en\/wp-json\/wp\/v2\/types\/product"}],"replies":[{"embeddable":true,"href":"https:\/\/terrasnew.live-website.com\/en\/wp-json\/wp\/v2\/comments?post=39322"}],"wp:featuredmedia":[{"embeddable":true,"href":"https:\/\/terrasnew.live-website.com\/en\/wp-json\/wp\/v2\/media\/39997"}],"wp:attachment":[{"href":"https:\/\/terrasnew.live-website.com\/en\/wp-json\/wp\/v2\/media?parent=39322"}],"wp:term":[{"taxonomy":"product_brand","embeddable":true,"href":"https:\/\/terrasnew.live-website.com\/en\/wp-json\/wp\/v2\/product_brand?post=39322"},{"taxonomy":"product_cat","embeddable":true,"href":"https:\/\/terrasnew.live-website.com\/en\/wp-json\/wp\/v2\/product_cat?post=39322"},{"taxonomy":"product_tag","embeddable":true,"href":"https:\/\/terrasnew.live-website.com\/en\/wp-json\/wp\/v2\/product_tag?post=39322"}],"curies":[{"name":"wp","href":"https:\/\/api.w.org\/{rel}","templated":true}]}}