{"id":39247,"date":"2026-03-02T02:58:48","date_gmt":"2026-03-02T02:58:48","guid":{"rendered":"https:\/\/terrasnew.live-website.com\/product\/zaunpfosten-mit-klemmplaettchen-einbetonieren\/"},"modified":"2026-03-02T03:55:48","modified_gmt":"2026-03-02T03:55:48","slug":"zaunpfosten-mit-klemmplaettchen-einbetonieren","status":"publish","type":"product","link":"https:\/\/terrasnew.live-website.com\/en\/product\/zaunpfosten-mit-klemmplaettchen-einbetonieren\/","title":{"rendered":"Zaunpfosten mit Klemmpl\u00e4ttchen (Einbetonieren)"},"content":{"rendered":"<h3>Zaunpfosten mit Klemmpl\u00e4ttchen \u2013 zum Einbetonieren<\/h3>\n<p>Standard-Zaunpfosten 60&#215;40 mm mit Klemmpl\u00e4ttchen-Befestigung. Zum Einbetonieren mit 600 mm Bodeneinstand.<\/p>\n<ul>\n<li><strong>Pfostengr\u00f6\u00dfe:<\/strong> 60 x 40 mm<\/li>\n<li><strong>Befestigung:<\/strong> Zum Einbetonieren (600 mm Bodeneinstand)<\/li>\n<li><strong>Abschluss:<\/strong> Klemmpl\u00e4ttchen<\/li>\n<li><strong>Zaunh\u00f6hen:<\/strong> 630 \u2013 2.030 mm<\/li>\n<li><strong>Farben:<\/strong> Feuerverzinkt, RAL 6005 Moosgr\u00fcn, RAL 7016 Anthrazit<\/li>\n<\/ul>","protected":false},"excerpt":{"rendered":"<p>Zaunpfosten mit Klemmpl\u00e4ttchen \u2013 zum Einbetonieren Standard-Zaunpfosten 60&#215;40 mm mit Klemmpl\u00e4ttchen-Befestigung. Zum Einbetonieren mit 600 mm Bodeneinstand. Pfostengr\u00f6\u00dfe: 60 x 40 mm Befestigung: Zum Einbetonieren (600 mm Bodeneinstand) Abschluss: Klemmpl\u00e4ttchen&hellip;<\/p>","protected":false},"featured_media":40000,"comment_status":"open","ping_status":"closed","template":"","meta":[],"product_brand":[],"product_cat":[257],"product_tag":[],"class_list":{"0":"post-39247","1":"product","2":"type-product","3":"status-publish","4":"has-post-thumbnail","6":"product_cat-pfosten","7":"product_shipping_class-spedition","9":"first","10":"instock","11":"shipping-taxable","12":"purchasable","13":"product-type-variable"},"_links":{"self":[{"href":"https:\/\/terrasnew.live-website.com\/en\/wp-json\/wp\/v2\/product\/39247","targetHints":{"allow":["GET"]}}],"collection":[{"href":"https:\/\/terrasnew.live-website.com\/en\/wp-json\/wp\/v2\/product"}],"about":[{"href":"https:\/\/terrasnew.live-website.com\/en\/wp-json\/wp\/v2\/types\/product"}],"replies":[{"embeddable":true,"href":"https:\/\/terrasnew.live-website.com\/en\/wp-json\/wp\/v2\/comments?post=39247"}],"wp:featuredmedia":[{"embeddable":true,"href":"https:\/\/terrasnew.live-website.com\/en\/wp-json\/wp\/v2\/media\/40000"}],"wp:attachment":[{"href":"https:\/\/terrasnew.live-website.com\/en\/wp-json\/wp\/v2\/media?parent=39247"}],"wp:term":[{"taxonomy":"product_brand","embeddable":true,"href":"https:\/\/terrasnew.live-website.com\/en\/wp-json\/wp\/v2\/product_brand?post=39247"},{"taxonomy":"product_cat","embeddable":true,"href":"https:\/\/terrasnew.live-website.com\/en\/wp-json\/wp\/v2\/product_cat?post=39247"},{"taxonomy":"product_tag","embeddable":true,"href":"https:\/\/terrasnew.live-website.com\/en\/wp-json\/wp\/v2\/product_tag?post=39247"}],"curies":[{"name":"wp","href":"https:\/\/api.w.org\/{rel}","templated":true}]}}