{"id":39222,"date":"2026-03-02T02:58:42","date_gmt":"2026-03-02T02:58:42","guid":{"rendered":"https:\/\/terrasnew.live-website.com\/product\/eck-zaunpfosten-mit-abdeckleiste-einbetonieren\/"},"modified":"2026-03-02T03:56:09","modified_gmt":"2026-03-02T03:56:09","slug":"eck-zaunpfosten-mit-abdeckleiste-einbetonieren","status":"publish","type":"product","link":"https:\/\/terrasnew.live-website.com\/en\/product\/eck-zaunpfosten-mit-abdeckleiste-einbetonieren\/","title":{"rendered":"Eck-Zaunpfosten mit Abdeckleiste (Einbetonieren)"},"content":{"rendered":"<h3>Eck-Zaunpfosten mit Abdeckleiste \u2013 zum Einbetonieren<\/h3>\n<p>Eck-Zaunpfosten 60&#215;60 mm mit Abdeckleiste f\u00fcr Ecken und Winkel in der Zaunanlage. Zum Einbetonieren mit 600 mm Bodeneinstand.<\/p>\n<ul>\n<li><strong>Pfostengr\u00f6\u00dfe:<\/strong> 60 x 60 mm<\/li>\n<li><strong>Befestigung:<\/strong> Zum Einbetonieren (600 mm Bodeneinstand)<\/li>\n<li><strong>Abschluss:<\/strong> Abdeckleiste<\/li>\n<li><strong>Zaunh\u00f6hen:<\/strong> 630 \u2013 2.030 mm<\/li>\n<li><strong>Farben:<\/strong> Feuerverzinkt, RAL 6005 Moosgr\u00fcn, RAL 7016 Anthrazit<\/li>\n<\/ul>","protected":false},"excerpt":{"rendered":"<p>Eck-Zaunpfosten mit Abdeckleiste \u2013 zum Einbetonieren Eck-Zaunpfosten 60&#215;60 mm mit Abdeckleiste f\u00fcr Ecken und Winkel in der Zaunanlage. Zum Einbetonieren mit 600 mm Bodeneinstand. Pfostengr\u00f6\u00dfe: 60 x 60 mm Befestigung:&hellip;<\/p>","protected":false},"featured_media":40001,"comment_status":"open","ping_status":"closed","template":"","meta":[],"product_brand":[],"product_cat":[257],"product_tag":[],"class_list":{"0":"post-39222","1":"product","2":"type-product","3":"status-publish","4":"has-post-thumbnail","6":"product_cat-pfosten","7":"product_shipping_class-spedition","9":"first","10":"instock","11":"shipping-taxable","12":"purchasable","13":"product-type-variable"},"_links":{"self":[{"href":"https:\/\/terrasnew.live-website.com\/en\/wp-json\/wp\/v2\/product\/39222","targetHints":{"allow":["GET"]}}],"collection":[{"href":"https:\/\/terrasnew.live-website.com\/en\/wp-json\/wp\/v2\/product"}],"about":[{"href":"https:\/\/terrasnew.live-website.com\/en\/wp-json\/wp\/v2\/types\/product"}],"replies":[{"embeddable":true,"href":"https:\/\/terrasnew.live-website.com\/en\/wp-json\/wp\/v2\/comments?post=39222"}],"wp:featuredmedia":[{"embeddable":true,"href":"https:\/\/terrasnew.live-website.com\/en\/wp-json\/wp\/v2\/media\/40001"}],"wp:attachment":[{"href":"https:\/\/terrasnew.live-website.com\/en\/wp-json\/wp\/v2\/media?parent=39222"}],"wp:term":[{"taxonomy":"product_brand","embeddable":true,"href":"https:\/\/terrasnew.live-website.com\/en\/wp-json\/wp\/v2\/product_brand?post=39222"},{"taxonomy":"product_cat","embeddable":true,"href":"https:\/\/terrasnew.live-website.com\/en\/wp-json\/wp\/v2\/product_cat?post=39222"},{"taxonomy":"product_tag","embeddable":true,"href":"https:\/\/terrasnew.live-website.com\/en\/wp-json\/wp\/v2\/product_tag?post=39222"}],"curies":[{"name":"wp","href":"https:\/\/api.w.org\/{rel}","templated":true}]}}