{"id":40307,"date":"2026-03-02T05:16:18","date_gmt":"2026-03-02T05:16:18","guid":{"rendered":"https:\/\/terrasnew.live-website.com\/insektenschutz\/"},"modified":"2026-03-02T05:16:18","modified_gmt":"2026-03-02T05:16:18","slug":"insektenschutz","status":"publish","type":"page","link":"https:\/\/terrasnew.live-website.com\/en\/insektenschutz\/","title":{"rendered":"Insektenschutz"},"content":{"rendered":"<div data-elementor-type=\"wp-page\" data-elementor-id=\"40307\" class=\"elementor elementor-40307\" data-elementor-post-type=\"page\">\n\t\t\t\t<div class=\"elementor-element elementor-element-1dabdb2 e-con-full e-flex sc_layouts_column_icons_position_left sc_gradient_animation_none e-con e-parent\" data-id=\"1dabdb2\" data-element_type=\"container\" data-settings=\"{&quot;background_background&quot;:&quot;gradient&quot;}\">\n\t\t\t\t<div class=\"elementor-element elementor-element-b8168ea sc_fly_static elementor-widget elementor-widget-heading\" data-id=\"b8168ea\" data-element_type=\"widget\" data-widget_type=\"heading.default\">\n\t\t\t\t<div class=\"elementor-widget-container\">\n\t\t\t\t\t<h1 class=\"elementor-heading-title elementor-size-default\">Insektenschutz nach Ma\u00df<\/h1>\t\t\t\t<\/div>\n\t\t\t\t<\/div>\n\t\t\t\t<div class=\"elementor-element elementor-element-5f1763e elementor-widget__width-initial sc_fly_static elementor-widget elementor-widget-text-editor\" data-id=\"5f1763e\" data-element_type=\"widget\" data-widget_type=\"text-editor.default\">\n\t\t\t\t<div class=\"elementor-widget-container\">\n\t\t\t\t\t\t\t\t\t<p style=\"text-align:center;\">Fliegengitter, Rollos, Drehrahmen und Schiebet\u00fcren \u2013 ma\u00dfgefertigt, ohne Bohren, f\u00fcr jedes Fenster und jede T\u00fcr.<\/p>\t\t\t\t\t\t\t\t<\/div>\n\t\t\t\t<\/div>\n\t\t\t\t<div class=\"elementor-element elementor-element-ed57af0 elementor-align-center sc_fly_static elementor-widget elementor-widget-button\" data-id=\"ed57af0\" data-element_type=\"widget\" data-widget_type=\"button.default\">\n\t\t\t\t<div class=\"elementor-widget-container\">\n\t\t\t\t\t\t\t\t\t<div class=\"elementor-button-wrapper\">\n\t\t\t\t\t<a class=\"elementor-button elementor-button-link elementor-size-md\" href=\"https:\/\/terrasnew.live-website.com\/en\/kontakt\/\">\n\t\t\t\t\t\t<span class=\"elementor-button-content-wrapper\">\n\t\t\t\t\t\t\t\t\t<span class=\"elementor-button-text\">Angebot anfordern<\/span>\n\t\t\t\t\t<\/span>\n\t\t\t\t\t<\/a>\n\t\t\t\t<\/div>\n\t\t\t\t\t\t\t\t<\/div>\n\t\t\t\t<\/div>\n\t\t\t\t<\/div>\n\t\t<div class=\"e-con-with-custom-width elementor-element elementor-element-82573c4 e-con-boxed e-flex sc_layouts_column_icons_position_left e-con e-parent\" data-id=\"82573c4\" data-element_type=\"container\" data-settings=\"{&quot;background_background&quot;:&quot;classic&quot;}\">\n\t\t\t\t\t<div class=\"e-con-inner\">\n\t\t\t\t<div class=\"elementor-element elementor-element-e345428 sc_fly_static elementor-widget elementor-widget-heading\" data-id=\"e345428\" data-element_type=\"widget\" data-widget_type=\"heading.default\">\n\t\t\t\t<div class=\"elementor-widget-container\">\n\t\t\t\t\t<h2 class=\"elementor-heading-title elementor-size-default\">Insektenschutz f\u00fcr Fenster<\/h2>\t\t\t\t<\/div>\n\t\t\t\t<\/div>\n\t\t\t\t<div class=\"elementor-element elementor-element-154640c elementor-widget__width-initial sc_fly_static elementor-widget elementor-widget-text-editor\" data-id=\"154640c\" data-element_type=\"widget\" data-widget_type=\"text-editor.default\">\n\t\t\t\t<div class=\"elementor-widget-container\">\n\t\t\t\t\t\t\t\t\t<p>Ma\u00dfgefertigte Fliegengitter und Spannrahmen \u2013 passgenau f\u00fcr jedes Fenster, ohne Bohren.<\/p>\t\t\t\t\t\t\t\t<\/div>\n\t\t\t\t<\/div>\n\t\t<div class=\"elementor-element elementor-element-1f70c8c e-con-full e-flex sc_layouts_column_icons_position_left e-con e-parent\" data-id=\"1f70c8c\" data-element_type=\"container\">\n\t\t<div class=\"elementor-element elementor-element-34d0e0b e-con-full e-flex sc_layouts_column_icons_position_left e-con e-parent\" data-id=\"34d0e0b\" data-element_type=\"container\" data-settings=\"{&quot;background_background&quot;:&quot;classic&quot;}\">\n\t\t\t\t<div class=\"elementor-element elementor-element-08dd8e2 elementor-view-default sc_fly_static elementor-widget elementor-widget-icon\" data-id=\"08dd8e2\" data-element_type=\"widget\" data-widget_type=\"icon.default\">\n\t\t\t\t<div class=\"elementor-widget-container\">\n\t\t\t\t\t\t\t<div class=\"elementor-icon-wrapper\">\n\t\t\t<div class=\"elementor-icon\">\n\t\t\t<i aria-hidden=\"true\" class=\"fas fa-border-all\"><\/i>\t\t\t<\/div>\n\t\t<\/div>\n\t\t\t\t\t\t<\/div>\n\t\t\t\t<\/div>\n\t\t\t\t<div class=\"elementor-element elementor-element-7cb9d87 sc_fly_static elementor-widget elementor-widget-heading\" data-id=\"7cb9d87\" data-element_type=\"widget\" data-widget_type=\"heading.default\">\n\t\t\t\t<div class=\"elementor-widget-container\">\n\t\t\t\t\t<h3 class=\"elementor-heading-title elementor-size-default\">Spannrahmen<\/h3>\t\t\t\t<\/div>\n\t\t\t\t<\/div>\n\t\t\t\t<div class=\"elementor-element elementor-element-793bd9f sc_fly_static elementor-widget elementor-widget-text-editor\" data-id=\"793bd9f\" data-element_type=\"widget\" data-widget_type=\"text-editor.default\">\n\t\t\t\t<div class=\"elementor-widget-container\">\n\t\t\t\t\t\t\t\t\t<p>Der Klassiker: Aluminium-Spannrahmen mit feinmaschigem Gewebe, millimetergenau nach Ma\u00df gefertigt. Einfache Montage per Klemmhalter \u2013 ohne Bohren, ohne Besch\u00e4digung des Fensterrahmens.<\/p>\t\t\t\t\t\t\t\t<\/div>\n\t\t\t\t<\/div>\n\t\t\t\t<\/div>\n\t\t<div class=\"elementor-element elementor-element-1051b3b e-con-full e-flex sc_layouts_column_icons_position_left e-con e-parent\" data-id=\"1051b3b\" data-element_type=\"container\" data-settings=\"{&quot;background_background&quot;:&quot;classic&quot;}\">\n\t\t\t\t<div class=\"elementor-element elementor-element-8e32c79 elementor-view-default sc_fly_static elementor-widget elementor-widget-icon\" data-id=\"8e32c79\" data-element_type=\"widget\" data-widget_type=\"icon.default\">\n\t\t\t\t<div class=\"elementor-widget-container\">\n\t\t\t\t\t\t\t<div class=\"elementor-icon-wrapper\">\n\t\t\t<div class=\"elementor-icon\">\n\t\t\t<i aria-hidden=\"true\" class=\"fas fa-arrows-up-down\"><\/i>\t\t\t<\/div>\n\t\t<\/div>\n\t\t\t\t\t\t<\/div>\n\t\t\t\t<\/div>\n\t\t\t\t<div class=\"elementor-element elementor-element-25a6749 sc_fly_static elementor-widget elementor-widget-heading\" data-id=\"25a6749\" data-element_type=\"widget\" data-widget_type=\"heading.default\">\n\t\t\t\t<div class=\"elementor-widget-container\">\n\t\t\t\t\t<h3 class=\"elementor-heading-title elementor-size-default\">Insektenschutz-Rollo<\/h3>\t\t\t\t<\/div>\n\t\t\t\t<\/div>\n\t\t\t\t<div class=\"elementor-element elementor-element-c03023d sc_fly_static elementor-widget elementor-widget-text-editor\" data-id=\"c03023d\" data-element_type=\"widget\" data-widget_type=\"text-editor.default\">\n\t\t\t\t<div class=\"elementor-widget-container\">\n\t\t\t\t\t\t\t\t\t<p>Komfortabel auf- und abrollbar \u2013 das Insektenschutzrollo verschwindet bei Nichtgebrauch unsichtbar in der Kassette. Ideal f\u00fcr Fenster, die h\u00e4ufig ge\u00f6ffnet werden.<\/p>\t\t\t\t\t\t\t\t<\/div>\n\t\t\t\t<\/div>\n\t\t\t\t<\/div>\n\t\t<div class=\"elementor-element elementor-element-229337e e-con-full e-flex sc_layouts_column_icons_position_left e-con e-parent\" data-id=\"229337e\" data-element_type=\"container\" data-settings=\"{&quot;background_background&quot;:&quot;classic&quot;}\">\n\t\t\t\t<div class=\"elementor-element elementor-element-2c95a36 elementor-view-default sc_fly_static elementor-widget elementor-widget-icon\" data-id=\"2c95a36\" data-element_type=\"widget\" data-widget_type=\"icon.default\">\n\t\t\t\t<div class=\"elementor-widget-container\">\n\t\t\t\t\t\t\t<div class=\"elementor-icon-wrapper\">\n\t\t\t<div class=\"elementor-icon\">\n\t\t\t<i aria-hidden=\"true\" class=\"fas fa-layer-group\"><\/i>\t\t\t<\/div>\n\t\t<\/div>\n\t\t\t\t\t\t<\/div>\n\t\t\t\t<\/div>\n\t\t\t\t<div class=\"elementor-element elementor-element-ebc1869 sc_fly_static elementor-widget elementor-widget-heading\" data-id=\"ebc1869\" data-element_type=\"widget\" data-widget_type=\"heading.default\">\n\t\t\t\t<div class=\"elementor-widget-container\">\n\t\t\t\t\t<h3 class=\"elementor-heading-title elementor-size-default\">Plissee<\/h3>\t\t\t\t<\/div>\n\t\t\t\t<\/div>\n\t\t\t\t<div class=\"elementor-element elementor-element-5aada37 sc_fly_static elementor-widget elementor-widget-text-editor\" data-id=\"5aada37\" data-element_type=\"widget\" data-widget_type=\"text-editor.default\">\n\t\t\t\t<div class=\"elementor-widget-container\">\n\t\t\t\t\t\t\t\t\t<p>Faltbare Insektenschutz-Plissees f\u00fcr Dachfenster und Sonderformen. Platzsparend, leichtg\u00e4ngig und in verschiedenen Gewebearten erh\u00e4ltlich \u2013 auch mit Pollenschutz.<\/p>\t\t\t\t\t\t\t\t<\/div>\n\t\t\t\t<\/div>\n\t\t\t\t<\/div>\n\t\t\t\t<\/div>\n\t\t\t\t\t<\/div>\n\t\t\t\t<\/div>\n\t\t<div class=\"e-con-with-custom-width elementor-element elementor-element-8ee1d64 e-con-boxed e-flex sc_layouts_column_icons_position_left e-con e-parent\" data-id=\"8ee1d64\" data-element_type=\"container\" data-settings=\"{&quot;background_background&quot;:&quot;classic&quot;}\">\n\t\t\t\t\t<div class=\"e-con-inner\">\n\t\t\t\t<div class=\"elementor-element elementor-element-16dfe32 sc_fly_static elementor-widget elementor-widget-heading\" data-id=\"16dfe32\" data-element_type=\"widget\" data-widget_type=\"heading.default\">\n\t\t\t\t<div class=\"elementor-widget-container\">\n\t\t\t\t\t<h2 class=\"elementor-heading-title elementor-size-default\">Insektenschutz f\u00fcr T\u00fcren<\/h2>\t\t\t\t<\/div>\n\t\t\t\t<\/div>\n\t\t\t\t<div class=\"elementor-element elementor-element-fc6854c elementor-widget__width-initial sc_fly_static elementor-widget elementor-widget-text-editor\" data-id=\"fc6854c\" data-element_type=\"widget\" data-widget_type=\"text-editor.default\">\n\t\t\t\t<div class=\"elementor-widget-container\">\n\t\t\t\t\t\t\t\t\t<p>Drehrahmen, Schiebet\u00fcren und Pendelt\u00fcren \u2013 freier Durchgang, voller Schutz.<\/p>\t\t\t\t\t\t\t\t<\/div>\n\t\t\t\t<\/div>\n\t\t<div class=\"elementor-element elementor-element-5b6170f e-con-full e-flex sc_layouts_column_icons_position_left e-con e-parent\" data-id=\"5b6170f\" data-element_type=\"container\">\n\t\t<div class=\"elementor-element elementor-element-0e55bde e-con-full e-flex sc_layouts_column_icons_position_left e-con e-parent\" data-id=\"0e55bde\" data-element_type=\"container\" data-settings=\"{&quot;background_background&quot;:&quot;classic&quot;}\">\n\t\t\t\t<div class=\"elementor-element elementor-element-3d3d86e elementor-view-default sc_fly_static elementor-widget elementor-widget-icon\" data-id=\"3d3d86e\" data-element_type=\"widget\" data-widget_type=\"icon.default\">\n\t\t\t\t<div class=\"elementor-widget-container\">\n\t\t\t\t\t\t\t<div class=\"elementor-icon-wrapper\">\n\t\t\t<div class=\"elementor-icon\">\n\t\t\t<i aria-hidden=\"true\" class=\"fas fa-door-open\"><\/i>\t\t\t<\/div>\n\t\t<\/div>\n\t\t\t\t\t\t<\/div>\n\t\t\t\t<\/div>\n\t\t\t\t<div class=\"elementor-element elementor-element-1df69cb sc_fly_static elementor-widget elementor-widget-heading\" data-id=\"1df69cb\" data-element_type=\"widget\" data-widget_type=\"heading.default\">\n\t\t\t\t<div class=\"elementor-widget-container\">\n\t\t\t\t\t<h3 class=\"elementor-heading-title elementor-size-default\">Drehrahmen<\/h3>\t\t\t\t<\/div>\n\t\t\t\t<\/div>\n\t\t\t\t<div class=\"elementor-element elementor-element-f35f31e sc_fly_static elementor-widget elementor-widget-text-editor\" data-id=\"f35f31e\" data-element_type=\"widget\" data-widget_type=\"text-editor.default\">\n\t\t\t\t<div class=\"elementor-widget-container\">\n\t\t\t\t\t\t\t\t\t<p>Stabile Drehrahment\u00fcr mit Selbstschlie\u00df-Mechanismus und Trittschutz. \u00d6ffnet wie eine normale T\u00fcr und schlie\u00dft sanft von selbst. F\u00fcr Balkon-, Terrassen- und Haust\u00fcren.<\/p>\t\t\t\t\t\t\t\t<\/div>\n\t\t\t\t<\/div>\n\t\t\t\t<\/div>\n\t\t<div class=\"elementor-element elementor-element-37db110 e-con-full e-flex sc_layouts_column_icons_position_left e-con e-parent\" data-id=\"37db110\" data-element_type=\"container\" data-settings=\"{&quot;background_background&quot;:&quot;classic&quot;}\">\n\t\t\t\t<div class=\"elementor-element elementor-element-db79753 elementor-view-default sc_fly_static elementor-widget elementor-widget-icon\" data-id=\"db79753\" data-element_type=\"widget\" data-widget_type=\"icon.default\">\n\t\t\t\t<div class=\"elementor-widget-container\">\n\t\t\t\t\t\t\t<div class=\"elementor-icon-wrapper\">\n\t\t\t<div class=\"elementor-icon\">\n\t\t\t<i aria-hidden=\"true\" class=\"fas fa-arrows-left-right\"><\/i>\t\t\t<\/div>\n\t\t<\/div>\n\t\t\t\t\t\t<\/div>\n\t\t\t\t<\/div>\n\t\t\t\t<div class=\"elementor-element elementor-element-6f5c5ba sc_fly_static elementor-widget elementor-widget-heading\" data-id=\"6f5c5ba\" data-element_type=\"widget\" data-widget_type=\"heading.default\">\n\t\t\t\t<div class=\"elementor-widget-container\">\n\t\t\t\t\t<h3 class=\"elementor-heading-title elementor-size-default\">Schiebet\u00fcren<\/h3>\t\t\t\t<\/div>\n\t\t\t\t<\/div>\n\t\t\t\t<div class=\"elementor-element elementor-element-367099f sc_fly_static elementor-widget elementor-widget-text-editor\" data-id=\"367099f\" data-element_type=\"widget\" data-widget_type=\"text-editor.default\">\n\t\t\t\t<div class=\"elementor-widget-container\">\n\t\t\t\t\t\t\t\t\t<p>Platzsparende Schiebe-L\u00f6sung f\u00fcr breite Terrassent\u00fcren und Hebe-Schiebe-Anlagen. Leichtg\u00e4ngige Laufschienen und barrierefreie Schwellen verf\u00fcgbar.<\/p>\t\t\t\t\t\t\t\t<\/div>\n\t\t\t\t<\/div>\n\t\t\t\t<\/div>\n\t\t<div class=\"elementor-element elementor-element-1d7787a e-con-full e-flex sc_layouts_column_icons_position_left e-con e-parent\" data-id=\"1d7787a\" data-element_type=\"container\" data-settings=\"{&quot;background_background&quot;:&quot;classic&quot;}\">\n\t\t\t\t<div class=\"elementor-element elementor-element-55e09f8 elementor-view-default sc_fly_static elementor-widget elementor-widget-icon\" data-id=\"55e09f8\" data-element_type=\"widget\" data-widget_type=\"icon.default\">\n\t\t\t\t<div class=\"elementor-widget-container\">\n\t\t\t\t\t\t\t<div class=\"elementor-icon-wrapper\">\n\t\t\t<div class=\"elementor-icon\">\n\t\t\t<i aria-hidden=\"true\" class=\"fas fa-repeat\"><\/i>\t\t\t<\/div>\n\t\t<\/div>\n\t\t\t\t\t\t<\/div>\n\t\t\t\t<\/div>\n\t\t\t\t<div class=\"elementor-element elementor-element-ca2f3a3 sc_fly_static elementor-widget elementor-widget-heading\" data-id=\"ca2f3a3\" data-element_type=\"widget\" data-widget_type=\"heading.default\">\n\t\t\t\t<div class=\"elementor-widget-container\">\n\t\t\t\t\t<h3 class=\"elementor-heading-title elementor-size-default\">Pendelt\u00fcren<\/h3>\t\t\t\t<\/div>\n\t\t\t\t<\/div>\n\t\t\t\t<div class=\"elementor-element elementor-element-60d3205 sc_fly_static elementor-widget elementor-widget-text-editor\" data-id=\"60d3205\" data-element_type=\"widget\" data-widget_type=\"text-editor.default\">\n\t\t\t\t<div class=\"elementor-widget-container\">\n\t\t\t\t\t\t\t\t\t<p>Die praktischste L\u00f6sung: Pendelt\u00fcren \u00f6ffnen in beide Richtungen und schlie\u00dfen automatisch. Ideal wenn man die H\u00e4nde voll hat \u2013 beim Grillen, G\u00e4rtnern oder Einkaufen.<\/p>\t\t\t\t\t\t\t\t<\/div>\n\t\t\t\t<\/div>\n\t\t\t\t<\/div>\n\t\t\t\t<\/div>\n\t\t\t\t\t<\/div>\n\t\t\t\t<\/div>\n\t\t<div class=\"e-con-with-custom-width elementor-element elementor-element-fe3fa3a e-con-boxed e-flex sc_layouts_column_icons_position_left e-con e-parent\" data-id=\"fe3fa3a\" data-element_type=\"container\" data-settings=\"{&quot;background_background&quot;:&quot;classic&quot;}\">\n\t\t\t\t\t<div class=\"e-con-inner\">\n\t\t\t\t<div class=\"elementor-element elementor-element-4dd19de sc_fly_static elementor-widget elementor-widget-heading\" data-id=\"4dd19de\" data-element_type=\"widget\" data-widget_type=\"heading.default\">\n\t\t\t\t<div class=\"elementor-widget-container\">\n\t\t\t\t\t<h2 class=\"elementor-heading-title elementor-size-default\">Weitere Optionen<\/h2>\t\t\t\t<\/div>\n\t\t\t\t<\/div>\n\t\t\t\t<div class=\"elementor-element elementor-element-b685740 elementor-widget__width-initial sc_fly_static elementor-widget elementor-widget-text-editor\" data-id=\"b685740\" data-element_type=\"widget\" data-widget_type=\"text-editor.default\">\n\t\t\t\t<div class=\"elementor-widget-container\">\n\t\t\t\t\t\t\t\t\t\n<div style=\"display:grid;grid-template-columns:repeat(2,1fr);gap:20px;margin-top:12px;\">\n<div style=\"display:flex;gap:12px;align-items:flex-start;\"><span style=\"color:#5a6e50;font-size:24px;\">&#10003;<\/span><div><strong>Pollenschutzgewebe<\/strong><br><span style=\"color:#777;\">Spezielles Feingewebe h\u00e4lt \u00fcber 90% aller Pollen drau\u00dfen<\/span><\/div><\/div>\n<div style=\"display:flex;gap:12px;align-items:flex-start;\"><span style=\"color:#5a6e50;font-size:24px;\">&#10003;<\/span><div><strong>Lichtschachtabdeckung<\/strong><br><span style=\"color:#777;\">Schutz vor Insekten, Laub und Schmutz im Kellerlichtschacht<\/span><\/div><\/div>\n<div style=\"display:flex;gap:12px;align-items:flex-start;\"><span style=\"color:#5a6e50;font-size:24px;\">&#10003;<\/span><div><strong>Ohne Bohren<\/strong><br><span style=\"color:#777;\">Alle Systeme auch mit Klemm- oder Klebemontage m\u00f6glich<\/span><\/div><\/div>\n<div style=\"display:flex;gap:12px;align-items:flex-start;\"><span style=\"color:#5a6e50;font-size:24px;\">&#10003;<\/span><div><strong>Made in Germany<\/strong><br><span style=\"color:#777;\">Ma\u00dfanfertigung in Deutschland \u2013 Lieferung in 5\u201310 Werktagen<\/span><\/div><\/div>\n<\/div>\t\t\t\t\t\t\t\t<\/div>\n\t\t\t\t<\/div>\n\t\t\t\t\t<\/div>\n\t\t\t\t<\/div>\n\t\t<div class=\"e-con-with-custom-width elementor-element elementor-element-76c04b7 e-con-boxed e-flex sc_layouts_column_icons_position_left e-con e-parent\" data-id=\"76c04b7\" data-element_type=\"container\" data-settings=\"{&quot;background_background&quot;:&quot;classic&quot;}\">\n\t\t\t\t\t<div class=\"e-con-inner\">\n\t\t\t\t<div class=\"elementor-element elementor-element-fbb7e5f sc_fly_static elementor-widget elementor-widget-heading\" data-id=\"fbb7e5f\" data-element_type=\"widget\" data-widget_type=\"heading.default\">\n\t\t\t\t<div class=\"elementor-widget-container\">\n\t\t\t\t\t<h2 class=\"elementor-heading-title elementor-size-default\">Interesse geweckt?<\/h2>\t\t\t\t<\/div>\n\t\t\t\t<\/div>\n\t\t\t\t<div class=\"elementor-element elementor-element-3b8b615 sc_fly_static elementor-widget elementor-widget-text-editor\" data-id=\"3b8b615\" data-element_type=\"widget\" data-widget_type=\"text-editor.default\">\n\t\t\t\t<div class=\"elementor-widget-container\">\n\t\t\t\t\t\t\t\t\t<p>Wir erstellen Ihnen gerne ein individuelles Angebot. Kontaktieren Sie uns \u2013 wir beraten Sie pers\u00f6nlich und unverbindlich.<\/p>\t\t\t\t\t\t\t\t<\/div>\n\t\t\t\t<\/div>\n\t\t\t\t<div class=\"elementor-element elementor-element-967c697 elementor-align-center sc_fly_static elementor-widget elementor-widget-button\" data-id=\"967c697\" data-element_type=\"widget\" data-widget_type=\"button.default\">\n\t\t\t\t<div class=\"elementor-widget-container\">\n\t\t\t\t\t\t\t\t\t<div class=\"elementor-button-wrapper\">\n\t\t\t\t\t<a class=\"elementor-button elementor-button-link elementor-size-lg\" href=\"https:\/\/terrasnew.live-website.com\/en\/kontakt\/\">\n\t\t\t\t\t\t<span class=\"elementor-button-content-wrapper\">\n\t\t\t\t\t\t\t\t\t<span class=\"elementor-button-text\">Jetzt Angebot anfordern<\/span>\n\t\t\t\t\t<\/span>\n\t\t\t\t\t<\/a>\n\t\t\t\t<\/div>\n\t\t\t\t\t\t\t\t<\/div>\n\t\t\t\t<\/div>\n\t\t\t\t<div class=\"elementor-element elementor-element-2eac543 sc_fly_static elementor-widget elementor-widget-text-editor\" data-id=\"2eac543\" data-element_type=\"widget\" data-widget_type=\"text-editor.default\">\n\t\t\t\t<div class=\"elementor-widget-container\">\n\t\t\t\t\t\t\t\t\t<p style=\"text-align:center;\"><strong>Terras<\/strong> | Tel: <a href=\"tel:004948214378950\">+49 4821 4378950<\/a> | <a href=\"mailto:info@terras24.de\">info@terras24.de<\/a><\/p>\t\t\t\t\t\t\t\t<\/div>\n\t\t\t\t<\/div>\n\t\t\t\t\t<\/div>\n\t\t\t\t<\/div>\n\t\t\t\t<\/div>","protected":false},"excerpt":{"rendered":"","protected":false},"author":0,"featured_media":0,"parent":0,"menu_order":36,"comment_status":"closed","ping_status":"closed","template":"elementor_header_footer","meta":{"footnotes":""},"class_list":["post-40307","page","type-page","status-publish","hentry"],"_links":{"self":[{"href":"https:\/\/terrasnew.live-website.com\/en\/wp-json\/wp\/v2\/pages\/40307","targetHints":{"allow":["GET"]}}],"collection":[{"href":"https:\/\/terrasnew.live-website.com\/en\/wp-json\/wp\/v2\/pages"}],"about":[{"href":"https:\/\/terrasnew.live-website.com\/en\/wp-json\/wp\/v2\/types\/page"}],"replies":[{"embeddable":true,"href":"https:\/\/terrasnew.live-website.com\/en\/wp-json\/wp\/v2\/comments?post=40307"}],"version-history":[{"count":1,"href":"https:\/\/terrasnew.live-website.com\/en\/wp-json\/wp\/v2\/pages\/40307\/revisions"}],"predecessor-version":[{"id":40309,"href":"https:\/\/terrasnew.live-website.com\/en\/wp-json\/wp\/v2\/pages\/40307\/revisions\/40309"}],"wp:attachment":[{"href":"https:\/\/terrasnew.live-website.com\/en\/wp-json\/wp\/v2\/media?parent=40307"}],"curies":[{"name":"wp","href":"https:\/\/api.w.org\/{rel}","templated":true}]}}