{"id":40304,"date":"2026-03-02T05:16:18","date_gmt":"2026-03-02T05:16:18","guid":{"rendered":"https:\/\/terrasnew.live-website.com\/tore\/"},"modified":"2026-03-02T05:16:18","modified_gmt":"2026-03-02T05:16:18","slug":"tore","status":"publish","type":"page","link":"https:\/\/terrasnew.live-website.com\/en\/tore\/","title":{"rendered":"Tore"},"content":{"rendered":"<div data-elementor-type=\"wp-page\" data-elementor-id=\"40304\" class=\"elementor elementor-40304\" data-elementor-post-type=\"page\">\n\t\t\t\t<div class=\"elementor-element elementor-element-b0b99c2 e-con-full e-flex sc_layouts_column_icons_position_left sc_gradient_animation_none e-con e-parent\" data-id=\"b0b99c2\" data-element_type=\"container\" data-settings=\"{&quot;background_background&quot;:&quot;gradient&quot;}\">\n\t\t\t\t<div class=\"elementor-element elementor-element-31a6bae sc_fly_static elementor-widget elementor-widget-heading\" data-id=\"31a6bae\" data-element_type=\"widget\" data-widget_type=\"heading.default\">\n\t\t\t\t<div class=\"elementor-widget-container\">\n\t\t\t\t\t<h1 class=\"elementor-heading-title elementor-size-default\">Garagen- &amp; Rolltore<\/h1>\t\t\t\t<\/div>\n\t\t\t\t<\/div>\n\t\t\t\t<div class=\"elementor-element elementor-element-78c443d elementor-widget__width-initial sc_fly_static elementor-widget elementor-widget-text-editor\" data-id=\"78c443d\" data-element_type=\"widget\" data-widget_type=\"text-editor.default\">\n\t\t\t\t<div class=\"elementor-widget-container\">\n\t\t\t\t\t\t\t\t\t<p style=\"text-align:center;\">Isolierte Sektionaltore und platzsparende Rolltore in Premiumqualit\u00e4t \u2013 mit 5 Jahren Garantie.<\/p>\t\t\t\t\t\t\t\t<\/div>\n\t\t\t\t<\/div>\n\t\t\t\t<div class=\"elementor-element elementor-element-720f6a0 elementor-align-center sc_fly_static elementor-widget elementor-widget-button\" data-id=\"720f6a0\" data-element_type=\"widget\" data-widget_type=\"button.default\">\n\t\t\t\t<div class=\"elementor-widget-container\">\n\t\t\t\t\t\t\t\t\t<div class=\"elementor-button-wrapper\">\n\t\t\t\t\t<a class=\"elementor-button elementor-button-link elementor-size-md\" href=\"https:\/\/terrasnew.live-website.com\/en\/kontakt\/\">\n\t\t\t\t\t\t<span class=\"elementor-button-content-wrapper\">\n\t\t\t\t\t\t\t\t\t<span class=\"elementor-button-text\">Angebot anfordern<\/span>\n\t\t\t\t\t<\/span>\n\t\t\t\t\t<\/a>\n\t\t\t\t<\/div>\n\t\t\t\t\t\t\t\t<\/div>\n\t\t\t\t<\/div>\n\t\t\t\t<\/div>\n\t\t<div class=\"e-con-with-custom-width elementor-element elementor-element-a2bb715 e-con-boxed e-flex sc_layouts_column_icons_position_left e-con e-parent\" data-id=\"a2bb715\" data-element_type=\"container\" data-settings=\"{&quot;background_background&quot;:&quot;classic&quot;}\">\n\t\t\t\t\t<div class=\"e-con-inner\">\n\t\t\t\t<div class=\"elementor-element elementor-element-5f73603 sc_fly_static elementor-widget elementor-widget-heading\" data-id=\"5f73603\" data-element_type=\"widget\" data-widget_type=\"heading.default\">\n\t\t\t\t<div class=\"elementor-widget-container\">\n\t\t\t\t\t<h2 class=\"elementor-heading-title elementor-size-default\">Garagentore<\/h2>\t\t\t\t<\/div>\n\t\t\t\t<\/div>\n\t\t\t\t<div class=\"elementor-element elementor-element-c1d42f2 elementor-widget__width-initial sc_fly_static elementor-widget elementor-widget-text-editor\" data-id=\"c1d42f2\" data-element_type=\"widget\" data-widget_type=\"text-editor.default\">\n\t\t\t\t<div class=\"elementor-widget-container\">\n\t\t\t\t\t\t\t\t\t<p>Sektionaltore von Premiumqualit\u00e4t \u2013 isoliert, sicher und in \u00fcber 200 RAL-Farben erh\u00e4ltlich.<\/p>\t\t\t\t\t\t\t\t<\/div>\n\t\t\t\t<\/div>\n\t\t<div class=\"elementor-element elementor-element-eb18f50 e-con-full e-flex sc_layouts_column_icons_position_left e-con e-parent\" data-id=\"eb18f50\" data-element_type=\"container\">\n\t\t<div class=\"elementor-element elementor-element-df24189 e-con-full e-flex sc_layouts_column_icons_position_left e-con e-parent\" data-id=\"df24189\" data-element_type=\"container\" data-settings=\"{&quot;background_background&quot;:&quot;classic&quot;}\">\n\t\t\t\t<div class=\"elementor-element elementor-element-d2e90a3 elementor-view-default sc_fly_static elementor-widget elementor-widget-icon\" data-id=\"d2e90a3\" data-element_type=\"widget\" data-widget_type=\"icon.default\">\n\t\t\t\t<div class=\"elementor-widget-container\">\n\t\t\t\t\t\t\t<div class=\"elementor-icon-wrapper\">\n\t\t\t<div class=\"elementor-icon\">\n\t\t\t<i aria-hidden=\"true\" class=\"fas fa-warehouse\"><\/i>\t\t\t<\/div>\n\t\t<\/div>\n\t\t\t\t\t\t<\/div>\n\t\t\t\t<\/div>\n\t\t\t\t<div class=\"elementor-element elementor-element-6f5e969 sc_fly_static elementor-widget elementor-widget-heading\" data-id=\"6f5e969\" data-element_type=\"widget\" data-widget_type=\"heading.default\">\n\t\t\t\t<div class=\"elementor-widget-container\">\n\t\t\t\t\t<h3 class=\"elementor-heading-title elementor-size-default\">Sektionaltore (40 mm)<\/h3>\t\t\t\t<\/div>\n\t\t\t\t<\/div>\n\t\t\t\t<div class=\"elementor-element elementor-element-7e4e2a9 sc_fly_static elementor-widget elementor-widget-text-editor\" data-id=\"7e4e2a9\" data-element_type=\"widget\" data-widget_type=\"text-editor.default\">\n\t\t\t\t<div class=\"elementor-widget-container\">\n\t\t\t\t\t\t\t\t\t<p>Klassische Sektionaltore mit 40 mm PU-Schaum-F\u00fcllung und U-Wert bis 1,10 W\/m\u00b2K. Erh\u00e4ltlich in 6 Profilierungen: Kleinsicke, Mittelsicke, Gro\u00dflamelle, V-Profil, Kassette und RFS-Glattlamelle. Leichtg\u00e4ngig dank Torsionsfedern.<\/p>\t\t\t\t\t\t\t\t<\/div>\n\t\t\t\t<\/div>\n\t\t\t\t<\/div>\n\t\t<div class=\"elementor-element elementor-element-7beba5b e-con-full e-flex sc_layouts_column_icons_position_left e-con e-parent\" data-id=\"7beba5b\" data-element_type=\"container\" data-settings=\"{&quot;background_background&quot;:&quot;classic&quot;}\">\n\t\t\t\t<div class=\"elementor-element elementor-element-695a2b4 elementor-view-default sc_fly_static elementor-widget elementor-widget-icon\" data-id=\"695a2b4\" data-element_type=\"widget\" data-widget_type=\"icon.default\">\n\t\t\t\t<div class=\"elementor-widget-container\">\n\t\t\t\t\t\t\t<div class=\"elementor-icon-wrapper\">\n\t\t\t<div class=\"elementor-icon\">\n\t\t\t<i aria-hidden=\"true\" class=\"fas fa-temperature-low\"><\/i>\t\t\t<\/div>\n\t\t<\/div>\n\t\t\t\t\t\t<\/div>\n\t\t\t\t<\/div>\n\t\t\t\t<div class=\"elementor-element elementor-element-15778e1 sc_fly_static elementor-widget elementor-widget-heading\" data-id=\"15778e1\" data-element_type=\"widget\" data-widget_type=\"heading.default\">\n\t\t\t\t<div class=\"elementor-widget-container\">\n\t\t\t\t\t<h3 class=\"elementor-heading-title elementor-size-default\">Premium Isoliert (60 mm)<\/h3>\t\t\t\t<\/div>\n\t\t\t\t<\/div>\n\t\t\t\t<div class=\"elementor-element elementor-element-d2e9fe4 sc_fly_static elementor-widget elementor-widget-text-editor\" data-id=\"d2e9fe4\" data-element_type=\"widget\" data-widget_type=\"text-editor.default\">\n\t\t\t\t<div class=\"elementor-widget-container\">\n\t\t\t\t\t\t\t\t\t<p>Das Spitzenmodell K2 RFS 60 mit 60 mm Paneelen und isoliertem Befestigungssystem erreicht Bestwerte von U = 0,9 W\/m\u00b2K. Ideal f\u00fcr beheizte Garagen und Werkst\u00e4tten.<\/p>\t\t\t\t\t\t\t\t<\/div>\n\t\t\t\t<\/div>\n\t\t\t\t<\/div>\n\t\t<div class=\"elementor-element elementor-element-643b7dd e-con-full e-flex sc_layouts_column_icons_position_left e-con e-parent\" data-id=\"643b7dd\" data-element_type=\"container\" data-settings=\"{&quot;background_background&quot;:&quot;classic&quot;}\">\n\t\t\t\t<div class=\"elementor-element elementor-element-747987c elementor-view-default sc_fly_static elementor-widget elementor-widget-icon\" data-id=\"747987c\" data-element_type=\"widget\" data-widget_type=\"icon.default\">\n\t\t\t\t<div class=\"elementor-widget-container\">\n\t\t\t\t\t\t\t<div class=\"elementor-icon-wrapper\">\n\t\t\t<div class=\"elementor-icon\">\n\t\t\t<i aria-hidden=\"true\" class=\"fas fa-lock\"><\/i>\t\t\t<\/div>\n\t\t<\/div>\n\t\t\t\t\t\t<\/div>\n\t\t\t\t<\/div>\n\t\t\t\t<div class=\"elementor-element elementor-element-f587e26 sc_fly_static elementor-widget elementor-widget-heading\" data-id=\"f587e26\" data-element_type=\"widget\" data-widget_type=\"heading.default\">\n\t\t\t\t<div class=\"elementor-widget-container\">\n\t\t\t\t\t<h3 class=\"elementor-heading-title elementor-size-default\">Sicherheit RC2<\/h3>\t\t\t\t<\/div>\n\t\t\t\t<\/div>\n\t\t\t\t<div class=\"elementor-element elementor-element-1d77a4d sc_fly_static elementor-widget elementor-widget-text-editor\" data-id=\"1d77a4d\" data-element_type=\"widget\" data-widget_type=\"text-editor.default\">\n\t\t\t\t<div class=\"elementor-widget-container\">\n\t\t\t\t\t\t\t\t\t<p>Optionales RC2-Paket mit verst\u00e4rkten Scharnieren, Beschl\u00e4gen und F\u00fchrungsschienen. Doppellippendichtung, Fingerschutz an Rollen und zus\u00e4tzliche Absturzsicherung f\u00fcr maximalen Einbruchschutz.<\/p>\t\t\t\t\t\t\t\t<\/div>\n\t\t\t\t<\/div>\n\t\t\t\t<\/div>\n\t\t\t\t<\/div>\n\t\t\t\t\t<\/div>\n\t\t\t\t<\/div>\n\t\t<div class=\"e-con-with-custom-width elementor-element elementor-element-40d2d3c e-con-boxed e-flex sc_layouts_column_icons_position_left e-con e-parent\" data-id=\"40d2d3c\" data-element_type=\"container\" data-settings=\"{&quot;background_background&quot;:&quot;classic&quot;}\">\n\t\t\t\t\t<div class=\"e-con-inner\">\n\t\t\t\t<div class=\"elementor-element elementor-element-56d5a4b sc_fly_static elementor-widget elementor-widget-heading\" data-id=\"56d5a4b\" data-element_type=\"widget\" data-widget_type=\"heading.default\">\n\t\t\t\t<div class=\"elementor-widget-container\">\n\t\t\t\t\t<h2 class=\"elementor-heading-title elementor-size-default\">Rolltore<\/h2>\t\t\t\t<\/div>\n\t\t\t\t<\/div>\n\t\t\t\t<div class=\"elementor-element elementor-element-bf76fee elementor-widget__width-initial sc_fly_static elementor-widget elementor-widget-text-editor\" data-id=\"bf76fee\" data-element_type=\"widget\" data-widget_type=\"text-editor.default\">\n\t\t\t\t<div class=\"elementor-widget-container\">\n\t\t\t\t\t\t\t\t\t<p>Platzsparende Aluminium-Rolltore f\u00fcr Garagen mit wenig Deckenh\u00f6he.<\/p>\t\t\t\t\t\t\t\t<\/div>\n\t\t\t\t<\/div>\n\t\t<div class=\"elementor-element elementor-element-9b87444 e-con-full e-flex sc_layouts_column_icons_position_left e-con e-parent\" data-id=\"9b87444\" data-element_type=\"container\">\n\t\t<div class=\"elementor-element elementor-element-f8664f2 e-con-full e-flex sc_layouts_column_icons_position_left e-con e-parent\" data-id=\"f8664f2\" data-element_type=\"container\" data-settings=\"{&quot;background_background&quot;:&quot;classic&quot;}\">\n\t\t\t\t<div class=\"elementor-element elementor-element-12a9dc0 elementor-view-default sc_fly_static elementor-widget elementor-widget-icon\" data-id=\"12a9dc0\" data-element_type=\"widget\" data-widget_type=\"icon.default\">\n\t\t\t\t<div class=\"elementor-widget-container\">\n\t\t\t\t\t\t\t<div class=\"elementor-icon-wrapper\">\n\t\t\t<div class=\"elementor-icon\">\n\t\t\t<i aria-hidden=\"true\" class=\"fas fa-arrow-up-from-ground-water\"><\/i>\t\t\t<\/div>\n\t\t<\/div>\n\t\t\t\t\t\t<\/div>\n\t\t\t\t<\/div>\n\t\t\t\t<div class=\"elementor-element elementor-element-6149ea4 sc_fly_static elementor-widget elementor-widget-heading\" data-id=\"6149ea4\" data-element_type=\"widget\" data-widget_type=\"heading.default\">\n\t\t\t\t<div class=\"elementor-widget-container\">\n\t\t\t\t\t<h3 class=\"elementor-heading-title elementor-size-default\">RGZ \u2013 Au\u00dfen montiert<\/h3>\t\t\t\t<\/div>\n\t\t\t\t<\/div>\n\t\t\t\t<div class=\"elementor-element elementor-element-fdeb1b1 sc_fly_static elementor-widget elementor-widget-text-editor\" data-id=\"fdeb1b1\" data-element_type=\"widget\" data-widget_type=\"text-editor.default\">\n\t\t\t\t<div class=\"elementor-widget-container\">\n\t\t\t\t\t\t\t\t\t<p>Rolltor mit sch\u00fctzendem Aufbaukasten, montiert an der Au\u00dfen- oder Innenwand. PU-Schaum-gef\u00fcllte Aluminium-Profile mit umlaufender Dichtung. Vollautomatischer Antrieb mit Notbremse.<\/p>\t\t\t\t\t\t\t\t<\/div>\n\t\t\t\t<\/div>\n\t\t\t\t<\/div>\n\t\t<div class=\"elementor-element elementor-element-8f330f6 e-con-full e-flex sc_layouts_column_icons_position_left e-con e-parent\" data-id=\"8f330f6\" data-element_type=\"container\" data-settings=\"{&quot;background_background&quot;:&quot;classic&quot;}\">\n\t\t\t\t<div class=\"elementor-element elementor-element-a30f8d0 elementor-view-default sc_fly_static elementor-widget elementor-widget-icon\" data-id=\"a30f8d0\" data-element_type=\"widget\" data-widget_type=\"icon.default\">\n\t\t\t\t<div class=\"elementor-widget-container\">\n\t\t\t\t\t\t\t<div class=\"elementor-icon-wrapper\">\n\t\t\t<div class=\"elementor-icon\">\n\t\t\t<i aria-hidden=\"true\" class=\"fas fa-maximize\"><\/i>\t\t\t<\/div>\n\t\t<\/div>\n\t\t\t\t\t\t<\/div>\n\t\t\t\t<\/div>\n\t\t\t\t<div class=\"elementor-element elementor-element-4805724 sc_fly_static elementor-widget elementor-widget-heading\" data-id=\"4805724\" data-element_type=\"widget\" data-widget_type=\"heading.default\">\n\t\t\t\t<div class=\"elementor-widget-container\">\n\t\t\t\t\t<h3 class=\"elementor-heading-title elementor-size-default\">RGW \u2013 Innen montiert<\/h3>\t\t\t\t<\/div>\n\t\t\t\t<\/div>\n\t\t\t\t<div class=\"elementor-element elementor-element-c4a917c sc_fly_static elementor-widget elementor-widget-text-editor\" data-id=\"c4a917c\" data-element_type=\"widget\" data-widget_type=\"text-editor.default\">\n\t\t\t\t<div class=\"elementor-widget-container\">\n\t\t\t\t\t\t\t\t\t<p>Kompaktes Rolltor ohne sichtbaren Kasten \u2013 ideal bei begrenztem Platz \u00fcber der Einfahrt. Montage direkt an der Innenwand. Gleiche hochwertige Aluminium-Konstruktion wie das RGZ-Modell.<\/p>\t\t\t\t\t\t\t\t<\/div>\n\t\t\t\t<\/div>\n\t\t\t\t<\/div>\n\t\t<div class=\"elementor-element elementor-element-c52797a e-con-full e-flex sc_layouts_column_icons_position_left e-con e-parent\" data-id=\"c52797a\" data-element_type=\"container\" data-settings=\"{&quot;background_background&quot;:&quot;classic&quot;}\">\n\t\t\t\t<div class=\"elementor-element elementor-element-97f5834 elementor-view-default sc_fly_static elementor-widget elementor-widget-icon\" data-id=\"97f5834\" data-element_type=\"widget\" data-widget_type=\"icon.default\">\n\t\t\t\t<div class=\"elementor-widget-container\">\n\t\t\t\t\t\t\t<div class=\"elementor-icon-wrapper\">\n\t\t\t<div class=\"elementor-icon\">\n\t\t\t<i aria-hidden=\"true\" class=\"fas fa-swatchbook\"><\/i>\t\t\t<\/div>\n\t\t<\/div>\n\t\t\t\t\t\t<\/div>\n\t\t\t\t<\/div>\n\t\t\t\t<div class=\"elementor-element elementor-element-af1a94c sc_fly_static elementor-widget elementor-widget-heading\" data-id=\"af1a94c\" data-element_type=\"widget\" data-widget_type=\"heading.default\">\n\t\t\t\t<div class=\"elementor-widget-container\">\n\t\t\t\t\t<h3 class=\"elementor-heading-title elementor-size-default\">13+ Standardfarben<\/h3>\t\t\t\t<\/div>\n\t\t\t\t<\/div>\n\t\t\t\t<div class=\"elementor-element elementor-element-0ae7e7a sc_fly_static elementor-widget elementor-widget-text-editor\" data-id=\"0ae7e7a\" data-element_type=\"widget\" data-widget_type=\"text-editor.default\">\n\t\t\t\t<div class=\"elementor-widget-container\">\n\t\t\t\t\t\t\t\t\t<p>Von Silber und Wei\u00df \u00fcber Anthrazit bis Golden Oak \u2013 13 Standardfarben und dutzende Folienbeschichtungen. Alle Farben passend zu Fenster und Fassade w\u00e4hlbar.<\/p>\t\t\t\t\t\t\t\t<\/div>\n\t\t\t\t<\/div>\n\t\t\t\t<\/div>\n\t\t\t\t<\/div>\n\t\t\t\t\t<\/div>\n\t\t\t\t<\/div>\n\t\t<div class=\"e-con-with-custom-width elementor-element elementor-element-0b55642 e-con-boxed e-flex sc_layouts_column_icons_position_left e-con e-parent\" data-id=\"0b55642\" data-element_type=\"container\" data-settings=\"{&quot;background_background&quot;:&quot;classic&quot;}\">\n\t\t\t\t\t<div class=\"e-con-inner\">\n\t\t\t\t<div class=\"elementor-element elementor-element-87f762f sc_fly_static elementor-widget elementor-widget-heading\" data-id=\"87f762f\" data-element_type=\"widget\" data-widget_type=\"heading.default\">\n\t\t\t\t<div class=\"elementor-widget-container\">\n\t\t\t\t\t<h2 class=\"elementor-heading-title elementor-size-default\">Nebent\u00fcren &amp; Zubeh\u00f6r<\/h2>\t\t\t\t<\/div>\n\t\t\t\t<\/div>\n\t\t\t\t<div class=\"elementor-element elementor-element-f1c5833 elementor-widget__width-initial sc_fly_static elementor-widget elementor-widget-text-editor\" data-id=\"f1c5833\" data-element_type=\"widget\" data-widget_type=\"text-editor.default\">\n\t\t\t\t<div class=\"elementor-widget-container\">\n\t\t\t\t\t\t\t\t\t\n<div style=\"display:grid;grid-template-columns:repeat(2,1fr);gap:20px;margin-top:12px;\">\n<div style=\"display:flex;gap:12px;align-items:flex-start;\"><span style=\"color:#2d5a3d;font-size:24px;\">&#10003;<\/span><div><strong>Nebeneingangst\u00fcren<\/strong><br><span style=\"color:#777;\">Passend zum Garagentor \u2013 gleiche Profilierung, Farbe und Oberfl\u00e4che<\/span><\/div><\/div>\n<div style=\"display:flex;gap:12px;align-items:flex-start;\"><span style=\"color:#2d5a3d;font-size:24px;\">&#10003;<\/span><div><strong>5 Jahre Garantie<\/strong><br><span style=\"color:#777;\">Auf alle Tore und Antriebe \u2013 f\u00fcr sorgenfreien Betrieb<\/span><\/div><\/div>\n<div style=\"display:flex;gap:12px;align-items:flex-start;\"><span style=\"color:#2d5a3d;font-size:24px;\">&#10003;<\/span><div><strong>200+ RAL-Farben<\/strong><br><span style=\"color:#777;\">Plus 1.950 NCS-Farben, Holzoptik-Dekore und Metallic-Anthrazit<\/span><\/div><\/div>\n<div style=\"display:flex;gap:12px;align-items:flex-start;\"><span style=\"color:#2d5a3d;font-size:24px;\">&#10003;<\/span><div><strong>Smarte Antriebe<\/strong><br><span style=\"color:#777;\">Automatische Torantriebe mit App-Steuerung und Lichtschranke<\/span><\/div><\/div>\n<\/div>\t\t\t\t\t\t\t\t<\/div>\n\t\t\t\t<\/div>\n\t\t\t\t\t<\/div>\n\t\t\t\t<\/div>\n\t\t<div class=\"e-con-with-custom-width elementor-element elementor-element-c38a4cf e-con-boxed e-flex sc_layouts_column_icons_position_left e-con e-parent\" data-id=\"c38a4cf\" data-element_type=\"container\" data-settings=\"{&quot;background_background&quot;:&quot;classic&quot;}\">\n\t\t\t\t\t<div class=\"e-con-inner\">\n\t\t\t\t<div class=\"elementor-element elementor-element-2d230ab sc_fly_static elementor-widget elementor-widget-heading\" data-id=\"2d230ab\" data-element_type=\"widget\" data-widget_type=\"heading.default\">\n\t\t\t\t<div class=\"elementor-widget-container\">\n\t\t\t\t\t<h2 class=\"elementor-heading-title elementor-size-default\">Interesse geweckt?<\/h2>\t\t\t\t<\/div>\n\t\t\t\t<\/div>\n\t\t\t\t<div class=\"elementor-element elementor-element-4f8665e sc_fly_static elementor-widget elementor-widget-text-editor\" data-id=\"4f8665e\" data-element_type=\"widget\" data-widget_type=\"text-editor.default\">\n\t\t\t\t<div class=\"elementor-widget-container\">\n\t\t\t\t\t\t\t\t\t<p>Wir erstellen Ihnen gerne ein individuelles Angebot. Kontaktieren Sie uns \u2013 wir beraten Sie pers\u00f6nlich und unverbindlich.<\/p>\t\t\t\t\t\t\t\t<\/div>\n\t\t\t\t<\/div>\n\t\t\t\t<div class=\"elementor-element elementor-element-a3b9dee elementor-align-center sc_fly_static elementor-widget elementor-widget-button\" data-id=\"a3b9dee\" data-element_type=\"widget\" data-widget_type=\"button.default\">\n\t\t\t\t<div class=\"elementor-widget-container\">\n\t\t\t\t\t\t\t\t\t<div class=\"elementor-button-wrapper\">\n\t\t\t\t\t<a class=\"elementor-button elementor-button-link elementor-size-lg\" href=\"https:\/\/terrasnew.live-website.com\/en\/kontakt\/\">\n\t\t\t\t\t\t<span class=\"elementor-button-content-wrapper\">\n\t\t\t\t\t\t\t\t\t<span class=\"elementor-button-text\">Jetzt Angebot anfordern<\/span>\n\t\t\t\t\t<\/span>\n\t\t\t\t\t<\/a>\n\t\t\t\t<\/div>\n\t\t\t\t\t\t\t\t<\/div>\n\t\t\t\t<\/div>\n\t\t\t\t<div class=\"elementor-element elementor-element-babccad sc_fly_static elementor-widget elementor-widget-text-editor\" data-id=\"babccad\" data-element_type=\"widget\" data-widget_type=\"text-editor.default\">\n\t\t\t\t<div class=\"elementor-widget-container\">\n\t\t\t\t\t\t\t\t\t<p style=\"text-align:center;\"><strong>Terras<\/strong> | Tel: <a href=\"tel:004948214378950\">+49 4821 4378950<\/a> | <a href=\"mailto:info@terras24.de\">info@terras24.de<\/a><\/p>\t\t\t\t\t\t\t\t<\/div>\n\t\t\t\t<\/div>\n\t\t\t\t\t<\/div>\n\t\t\t\t<\/div>\n\t\t\t\t<\/div>","protected":false},"excerpt":{"rendered":"","protected":false},"author":0,"featured_media":0,"parent":0,"menu_order":35,"comment_status":"closed","ping_status":"closed","template":"elementor_header_footer","meta":{"footnotes":""},"class_list":["post-40304","page","type-page","status-publish","hentry"],"_links":{"self":[{"href":"https:\/\/terrasnew.live-website.com\/en\/wp-json\/wp\/v2\/pages\/40304","targetHints":{"allow":["GET"]}}],"collection":[{"href":"https:\/\/terrasnew.live-website.com\/en\/wp-json\/wp\/v2\/pages"}],"about":[{"href":"https:\/\/terrasnew.live-website.com\/en\/wp-json\/wp\/v2\/types\/page"}],"replies":[{"embeddable":true,"href":"https:\/\/terrasnew.live-website.com\/en\/wp-json\/wp\/v2\/comments?post=40304"}],"version-history":[{"count":1,"href":"https:\/\/terrasnew.live-website.com\/en\/wp-json\/wp\/v2\/pages\/40304\/revisions"}],"predecessor-version":[{"id":40306,"href":"https:\/\/terrasnew.live-website.com\/en\/wp-json\/wp\/v2\/pages\/40304\/revisions\/40306"}],"wp:attachment":[{"href":"https:\/\/terrasnew.live-website.com\/en\/wp-json\/wp\/v2\/media?parent=40304"}],"curies":[{"name":"wp","href":"https:\/\/api.w.org\/{rel}","templated":true}]}}