{"id":40301,"date":"2026-03-02T05:16:17","date_gmt":"2026-03-02T05:16:17","guid":{"rendered":"https:\/\/terrasnew.live-website.com\/tueren-fenster\/"},"modified":"2026-03-02T05:16:18","modified_gmt":"2026-03-02T05:16:18","slug":"tueren-fenster","status":"publish","type":"page","link":"https:\/\/terrasnew.live-website.com\/en\/tueren-fenster\/","title":{"rendered":"T\u00fcren &amp; Fenster"},"content":{"rendered":"<div data-elementor-type=\"wp-page\" data-elementor-id=\"40301\" class=\"elementor elementor-40301\" data-elementor-post-type=\"page\">\n\t\t\t\t<div class=\"elementor-element elementor-element-3f84c75 e-con-full e-flex sc_layouts_column_icons_position_left sc_gradient_animation_none e-con e-parent\" data-id=\"3f84c75\" data-element_type=\"container\" data-settings=\"{&quot;background_background&quot;:&quot;gradient&quot;}\">\n\t\t\t\t<div class=\"elementor-element elementor-element-4cfe472 sc_fly_static elementor-widget elementor-widget-heading\" data-id=\"4cfe472\" data-element_type=\"widget\" data-widget_type=\"heading.default\">\n\t\t\t\t<div class=\"elementor-widget-container\">\n\t\t\t\t\t<h1 class=\"elementor-heading-title elementor-size-default\">T\u00fcren &amp; Fenster<\/h1>\t\t\t\t<\/div>\n\t\t\t\t<\/div>\n\t\t\t\t<div class=\"elementor-element elementor-element-2ec8981 elementor-widget__width-initial sc_fly_static elementor-widget elementor-widget-text-editor\" data-id=\"2ec8981\" data-element_type=\"widget\" data-widget_type=\"text-editor.default\">\n\t\t\t\t<div class=\"elementor-widget-container\">\n\t\t\t\t\t\t\t\t\t<p style=\"text-align:center;\">Hochwertige Haust\u00fcren, Eingangst\u00fcren und Fenster nach Ma\u00df \u2013 energieeffizient, sicher und individuell gestaltet.<\/p>\t\t\t\t\t\t\t\t<\/div>\n\t\t\t\t<\/div>\n\t\t\t\t<div class=\"elementor-element elementor-element-5062765 elementor-align-center sc_fly_static elementor-widget elementor-widget-button\" data-id=\"5062765\" data-element_type=\"widget\" data-widget_type=\"button.default\">\n\t\t\t\t<div class=\"elementor-widget-container\">\n\t\t\t\t\t\t\t\t\t<div class=\"elementor-button-wrapper\">\n\t\t\t\t\t<a class=\"elementor-button elementor-button-link elementor-size-md\" href=\"https:\/\/terrasnew.live-website.com\/en\/kontakt\/\">\n\t\t\t\t\t\t<span class=\"elementor-button-content-wrapper\">\n\t\t\t\t\t\t\t\t\t<span class=\"elementor-button-text\">Angebot anfordern<\/span>\n\t\t\t\t\t<\/span>\n\t\t\t\t\t<\/a>\n\t\t\t\t<\/div>\n\t\t\t\t\t\t\t\t<\/div>\n\t\t\t\t<\/div>\n\t\t\t\t<\/div>\n\t\t<div class=\"e-con-with-custom-width elementor-element elementor-element-116629e e-con-boxed e-flex sc_layouts_column_icons_position_left e-con e-parent\" data-id=\"116629e\" data-element_type=\"container\" data-settings=\"{&quot;background_background&quot;:&quot;classic&quot;}\">\n\t\t\t\t\t<div class=\"e-con-inner\">\n\t\t\t\t<div class=\"elementor-element elementor-element-a7d5e04 sc_fly_static elementor-widget elementor-widget-heading\" data-id=\"a7d5e04\" data-element_type=\"widget\" data-widget_type=\"heading.default\">\n\t\t\t\t<div class=\"elementor-widget-container\">\n\t\t\t\t\t<h2 class=\"elementor-heading-title elementor-size-default\">Haust\u00fcren &amp; Eingangst\u00fcren<\/h2>\t\t\t\t<\/div>\n\t\t\t\t<\/div>\n\t\t\t\t<div class=\"elementor-element elementor-element-ac5723e elementor-widget__width-initial sc_fly_static elementor-widget elementor-widget-text-editor\" data-id=\"ac5723e\" data-element_type=\"widget\" data-widget_type=\"text-editor.default\">\n\t\t\t\t<div class=\"elementor-widget-container\">\n\t\t\t\t\t\t\t\t\t<p>Moderne Haust\u00fcren in h\u00f6chster Qualit\u00e4t \u2013 w\u00e4rmeged\u00e4mmt, sicher und individuell gestaltet.<\/p>\t\t\t\t\t\t\t\t<\/div>\n\t\t\t\t<\/div>\n\t\t<div class=\"elementor-element elementor-element-5846bc4 e-con-full e-flex sc_layouts_column_icons_position_left e-con e-parent\" data-id=\"5846bc4\" data-element_type=\"container\">\n\t\t<div class=\"elementor-element elementor-element-b52c637 e-con-full e-flex sc_layouts_column_icons_position_left e-con e-parent\" data-id=\"b52c637\" data-element_type=\"container\" data-settings=\"{&quot;background_background&quot;:&quot;classic&quot;}\">\n\t\t\t\t<div class=\"elementor-element elementor-element-74caaaa elementor-view-default sc_fly_static elementor-widget elementor-widget-icon\" data-id=\"74caaaa\" data-element_type=\"widget\" data-widget_type=\"icon.default\">\n\t\t\t\t<div class=\"elementor-widget-container\">\n\t\t\t\t\t\t\t<div class=\"elementor-icon-wrapper\">\n\t\t\t<div class=\"elementor-icon\">\n\t\t\t<i aria-hidden=\"true\" class=\"fas fa-door-open\"><\/i>\t\t\t<\/div>\n\t\t<\/div>\n\t\t\t\t\t\t<\/div>\n\t\t\t\t<\/div>\n\t\t\t\t<div class=\"elementor-element elementor-element-8a2ff43 sc_fly_static elementor-widget elementor-widget-heading\" data-id=\"8a2ff43\" data-element_type=\"widget\" data-widget_type=\"heading.default\">\n\t\t\t\t<div class=\"elementor-widget-container\">\n\t\t\t\t\t<h3 class=\"elementor-heading-title elementor-size-default\">Aluminium-Haust\u00fcren<\/h3>\t\t\t\t<\/div>\n\t\t\t\t<\/div>\n\t\t\t\t<div class=\"elementor-element elementor-element-82eacc6 sc_fly_static elementor-widget elementor-widget-text-editor\" data-id=\"82eacc6\" data-element_type=\"widget\" data-widget_type=\"text-editor.default\">\n\t\t\t\t<div class=\"elementor-widget-container\">\n\t\t\t\t\t\t\t\t\t<p>Hochwertige Aluminium-Haust\u00fcren mit exzellenter W\u00e4rmed\u00e4mmung und zeitlosem Design. Erh\u00e4ltlich in zahlreichen RAL-Farben und mit verschiedenen Sicherheitsausstattungen \u2013 von Mehrfachverriegelung bis RC2-Schutz.<\/p>\t\t\t\t\t\t\t\t<\/div>\n\t\t\t\t<\/div>\n\t\t\t\t<\/div>\n\t\t<div class=\"elementor-element elementor-element-9ae9531 e-con-full e-flex sc_layouts_column_icons_position_left e-con e-parent\" data-id=\"9ae9531\" data-element_type=\"container\" data-settings=\"{&quot;background_background&quot;:&quot;classic&quot;}\">\n\t\t\t\t<div class=\"elementor-element elementor-element-a97bdfe elementor-view-default sc_fly_static elementor-widget elementor-widget-icon\" data-id=\"a97bdfe\" data-element_type=\"widget\" data-widget_type=\"icon.default\">\n\t\t\t\t<div class=\"elementor-widget-container\">\n\t\t\t\t\t\t\t<div class=\"elementor-icon-wrapper\">\n\t\t\t<div class=\"elementor-icon\">\n\t\t\t<i aria-hidden=\"true\" class=\"fas fa-shield-halved\"><\/i>\t\t\t<\/div>\n\t\t<\/div>\n\t\t\t\t\t\t<\/div>\n\t\t\t\t<\/div>\n\t\t\t\t<div class=\"elementor-element elementor-element-bd7ff6f sc_fly_static elementor-widget elementor-widget-heading\" data-id=\"bd7ff6f\" data-element_type=\"widget\" data-widget_type=\"heading.default\">\n\t\t\t\t<div class=\"elementor-widget-container\">\n\t\t\t\t\t<h3 class=\"elementor-heading-title elementor-size-default\">Kunststoff-Haust\u00fcren<\/h3>\t\t\t\t<\/div>\n\t\t\t\t<\/div>\n\t\t\t\t<div class=\"elementor-element elementor-element-0aeb028 sc_fly_static elementor-widget elementor-widget-text-editor\" data-id=\"0aeb028\" data-element_type=\"widget\" data-widget_type=\"text-editor.default\">\n\t\t\t\t<div class=\"elementor-widget-container\">\n\t\t\t\t\t\t\t\t\t<p>Pflegeleichte Kunststoff-Haust\u00fcren mit hervorragenden Isolierwerten. W\u00e4hlen Sie aus einer Vielzahl an Dekoren und Glasausschnitten \u2013 passend zu jedem Baustil, ob modern oder klassisch.<\/p>\t\t\t\t\t\t\t\t<\/div>\n\t\t\t\t<\/div>\n\t\t\t\t<\/div>\n\t\t<div class=\"elementor-element elementor-element-5c7cb3e e-con-full e-flex sc_layouts_column_icons_position_left e-con e-parent\" data-id=\"5c7cb3e\" data-element_type=\"container\" data-settings=\"{&quot;background_background&quot;:&quot;classic&quot;}\">\n\t\t\t\t<div class=\"elementor-element elementor-element-5284742 elementor-view-default sc_fly_static elementor-widget elementor-widget-icon\" data-id=\"5284742\" data-element_type=\"widget\" data-widget_type=\"icon.default\">\n\t\t\t\t<div class=\"elementor-widget-container\">\n\t\t\t\t\t\t\t<div class=\"elementor-icon-wrapper\">\n\t\t\t<div class=\"elementor-icon\">\n\t\t\t<i aria-hidden=\"true\" class=\"fas fa-palette\"><\/i>\t\t\t<\/div>\n\t\t<\/div>\n\t\t\t\t\t\t<\/div>\n\t\t\t\t<\/div>\n\t\t\t\t<div class=\"elementor-element elementor-element-96cd3fd sc_fly_static elementor-widget elementor-widget-heading\" data-id=\"96cd3fd\" data-element_type=\"widget\" data-widget_type=\"heading.default\">\n\t\t\t\t<div class=\"elementor-widget-container\">\n\t\t\t\t\t<h3 class=\"elementor-heading-title elementor-size-default\">Design &amp; Verglasung<\/h3>\t\t\t\t<\/div>\n\t\t\t\t<\/div>\n\t\t\t\t<div class=\"elementor-element elementor-element-6940a2a sc_fly_static elementor-widget elementor-widget-text-editor\" data-id=\"6940a2a\" data-element_type=\"widget\" data-widget_type=\"text-editor.default\">\n\t\t\t\t<div class=\"elementor-widget-container\">\n\t\t\t\t\t\t\t\t\t<p>Individuelle Gestaltung mit Ornamentgl\u00e4sern, Seitenteilen und Oberlichtern. Sandgestrahlte Motive, Edelstahlapplikationen und smarte Zutrittssysteme wie Fingerprint runden das Angebot ab.<\/p>\t\t\t\t\t\t\t\t<\/div>\n\t\t\t\t<\/div>\n\t\t\t\t<\/div>\n\t\t\t\t<\/div>\n\t\t\t\t\t<\/div>\n\t\t\t\t<\/div>\n\t\t<div class=\"e-con-with-custom-width elementor-element elementor-element-1c74df3 e-con-boxed e-flex sc_layouts_column_icons_position_left e-con e-parent\" data-id=\"1c74df3\" data-element_type=\"container\" data-settings=\"{&quot;background_background&quot;:&quot;classic&quot;}\">\n\t\t\t\t\t<div class=\"e-con-inner\">\n\t\t\t\t<div class=\"elementor-element elementor-element-b962ac5 sc_fly_static elementor-widget elementor-widget-heading\" data-id=\"b962ac5\" data-element_type=\"widget\" data-widget_type=\"heading.default\">\n\t\t\t\t<div class=\"elementor-widget-container\">\n\t\t\t\t\t<h2 class=\"elementor-heading-title elementor-size-default\">Fenster &amp; Fenstert\u00fcren<\/h2>\t\t\t\t<\/div>\n\t\t\t\t<\/div>\n\t\t\t\t<div class=\"elementor-element elementor-element-a4ad815 elementor-widget__width-initial sc_fly_static elementor-widget elementor-widget-text-editor\" data-id=\"a4ad815\" data-element_type=\"widget\" data-widget_type=\"text-editor.default\">\n\t\t\t\t<div class=\"elementor-widget-container\">\n\t\t\t\t\t\t\t\t\t<p>Energieeffiziente Fenster f\u00fcr Neubau und Renovierung \u2013 passgenau nach Ma\u00df.<\/p>\t\t\t\t\t\t\t\t<\/div>\n\t\t\t\t<\/div>\n\t\t<div class=\"elementor-element elementor-element-9bbde19 e-con-full e-flex sc_layouts_column_icons_position_left e-con e-parent\" data-id=\"9bbde19\" data-element_type=\"container\">\n\t\t<div class=\"elementor-element elementor-element-37a3a43 e-con-full e-flex sc_layouts_column_icons_position_left e-con e-parent\" data-id=\"37a3a43\" data-element_type=\"container\" data-settings=\"{&quot;background_background&quot;:&quot;classic&quot;}\">\n\t\t\t\t<div class=\"elementor-element elementor-element-f3c0ba2 elementor-view-default sc_fly_static elementor-widget elementor-widget-icon\" data-id=\"f3c0ba2\" data-element_type=\"widget\" data-widget_type=\"icon.default\">\n\t\t\t\t<div class=\"elementor-widget-container\">\n\t\t\t\t\t\t\t<div class=\"elementor-icon-wrapper\">\n\t\t\t<div class=\"elementor-icon\">\n\t\t\t<i aria-hidden=\"true\" class=\"fas fa-snowflake\"><\/i>\t\t\t<\/div>\n\t\t<\/div>\n\t\t\t\t\t\t<\/div>\n\t\t\t\t<\/div>\n\t\t\t\t<div class=\"elementor-element elementor-element-03a245d sc_fly_static elementor-widget elementor-widget-heading\" data-id=\"03a245d\" data-element_type=\"widget\" data-widget_type=\"heading.default\">\n\t\t\t\t<div class=\"elementor-widget-container\">\n\t\t\t\t\t<h3 class=\"elementor-heading-title elementor-size-default\">W\u00e4rmed\u00e4mmung<\/h3>\t\t\t\t<\/div>\n\t\t\t\t<\/div>\n\t\t\t\t<div class=\"elementor-element elementor-element-5f2e041 sc_fly_static elementor-widget elementor-widget-text-editor\" data-id=\"5f2e041\" data-element_type=\"widget\" data-widget_type=\"text-editor.default\">\n\t\t\t\t<div class=\"elementor-widget-container\">\n\t\t\t\t\t\t\t\t\t<p>Fensterprofile mit bis zu 3-fach-Verglasung und U-Werten bis 0,7 W\/m\u00b2K. Erf\u00fcllen aktuelle EnEV-Anforderungen und sorgen f\u00fcr niedrige Heizkosten \u2013 Sommer wie Winter.<\/p>\t\t\t\t\t\t\t\t<\/div>\n\t\t\t\t<\/div>\n\t\t\t\t<\/div>\n\t\t<div class=\"elementor-element elementor-element-0d44970 e-con-full e-flex sc_layouts_column_icons_position_left e-con e-parent\" data-id=\"0d44970\" data-element_type=\"container\" data-settings=\"{&quot;background_background&quot;:&quot;classic&quot;}\">\n\t\t\t\t<div class=\"elementor-element elementor-element-3ae60a4 elementor-view-default sc_fly_static elementor-widget elementor-widget-icon\" data-id=\"3ae60a4\" data-element_type=\"widget\" data-widget_type=\"icon.default\">\n\t\t\t\t<div class=\"elementor-widget-container\">\n\t\t\t\t\t\t\t<div class=\"elementor-icon-wrapper\">\n\t\t\t<div class=\"elementor-icon\">\n\t\t\t<i aria-hidden=\"true\" class=\"fas fa-volume-xmark\"><\/i>\t\t\t<\/div>\n\t\t<\/div>\n\t\t\t\t\t\t<\/div>\n\t\t\t\t<\/div>\n\t\t\t\t<div class=\"elementor-element elementor-element-002d250 sc_fly_static elementor-widget elementor-widget-heading\" data-id=\"002d250\" data-element_type=\"widget\" data-widget_type=\"heading.default\">\n\t\t\t\t<div class=\"elementor-widget-container\">\n\t\t\t\t\t<h3 class=\"elementor-heading-title elementor-size-default\">Schallschutz<\/h3>\t\t\t\t<\/div>\n\t\t\t\t<\/div>\n\t\t\t\t<div class=\"elementor-element elementor-element-970efbf sc_fly_static elementor-widget elementor-widget-text-editor\" data-id=\"970efbf\" data-element_type=\"widget\" data-widget_type=\"text-editor.default\">\n\t\t\t\t<div class=\"elementor-widget-container\">\n\t\t\t\t\t\t\t\t\t<p>Spezielle Schallschutzverglasungen f\u00fcr ruhiges Wohnen \u2013 auch an stark befahrenen Stra\u00dfen. Schallschutzklassen bis Klasse 5 verf\u00fcgbar.<\/p>\t\t\t\t\t\t\t\t<\/div>\n\t\t\t\t<\/div>\n\t\t\t\t<\/div>\n\t\t<div class=\"elementor-element elementor-element-6aaa3e7 e-con-full e-flex sc_layouts_column_icons_position_left e-con e-parent\" data-id=\"6aaa3e7\" data-element_type=\"container\" data-settings=\"{&quot;background_background&quot;:&quot;classic&quot;}\">\n\t\t\t\t<div class=\"elementor-element elementor-element-05e9810 elementor-view-default sc_fly_static elementor-widget elementor-widget-icon\" data-id=\"05e9810\" data-element_type=\"widget\" data-widget_type=\"icon.default\">\n\t\t\t\t<div class=\"elementor-widget-container\">\n\t\t\t\t\t\t\t<div class=\"elementor-icon-wrapper\">\n\t\t\t<div class=\"elementor-icon\">\n\t\t\t<i aria-hidden=\"true\" class=\"fas fa-sliders\"><\/i>\t\t\t<\/div>\n\t\t<\/div>\n\t\t\t\t\t\t<\/div>\n\t\t\t\t<\/div>\n\t\t\t\t<div class=\"elementor-element elementor-element-76cc04f sc_fly_static elementor-widget elementor-widget-heading\" data-id=\"76cc04f\" data-element_type=\"widget\" data-widget_type=\"heading.default\">\n\t\t\t\t<div class=\"elementor-widget-container\">\n\t\t\t\t\t<h3 class=\"elementor-heading-title elementor-size-default\">Vielfalt &amp; Ma\u00dfarbeit<\/h3>\t\t\t\t<\/div>\n\t\t\t\t<\/div>\n\t\t\t\t<div class=\"elementor-element elementor-element-88858e5 sc_fly_static elementor-widget elementor-widget-text-editor\" data-id=\"88858e5\" data-element_type=\"widget\" data-widget_type=\"text-editor.default\">\n\t\t\t\t<div class=\"elementor-widget-container\">\n\t\t\t\t\t\t\t\t\t<p>Dreh-Kipp, Schiebe- und Festverglasungen in Kunststoff, Holz oder Aluminium. Jedes Fenster wird nach Ihren exakten Ma\u00dfen gefertigt \u2013 in \u00fcber 200 Farben und Dekoren.<\/p>\t\t\t\t\t\t\t\t<\/div>\n\t\t\t\t<\/div>\n\t\t\t\t<\/div>\n\t\t\t\t<\/div>\n\t\t\t\t\t<\/div>\n\t\t\t\t<\/div>\n\t\t<div class=\"e-con-with-custom-width elementor-element elementor-element-190fa67 e-con-boxed e-flex sc_layouts_column_icons_position_left e-con e-parent\" data-id=\"190fa67\" data-element_type=\"container\" data-settings=\"{&quot;background_background&quot;:&quot;classic&quot;}\">\n\t\t\t\t\t<div class=\"e-con-inner\">\n\t\t\t\t<div class=\"elementor-element elementor-element-52a8907 sc_fly_static elementor-widget elementor-widget-heading\" data-id=\"52a8907\" data-element_type=\"widget\" data-widget_type=\"heading.default\">\n\t\t\t\t<div class=\"elementor-widget-container\">\n\t\t\t\t\t<h2 class=\"elementor-heading-title elementor-size-default\">Warum Terras f\u00fcr T\u00fcren &amp; Fenster?<\/h2>\t\t\t\t<\/div>\n\t\t\t\t<\/div>\n\t\t\t\t<div class=\"elementor-element elementor-element-9d3aeba elementor-widget__width-initial sc_fly_static elementor-widget elementor-widget-text-editor\" data-id=\"9d3aeba\" data-element_type=\"widget\" data-widget_type=\"text-editor.default\">\n\t\t\t\t<div class=\"elementor-widget-container\">\n\t\t\t\t\t\t\t\t\t\n<div style=\"display:grid;grid-template-columns:repeat(2,1fr);gap:20px;margin-top:12px;\">\n<div style=\"display:flex;gap:12px;align-items:flex-start;\"><span style=\"color:#506574;font-size:24px;\">&#10003;<\/span><div><strong>Beratung vor Ort<\/strong><br><span style=\"color:#777;\">Pers\u00f6nliche Beratung und Aufma\u00df durch unser Fachteam<\/span><\/div><\/div>\n<div style=\"display:flex;gap:12px;align-items:flex-start;\"><span style=\"color:#506574;font-size:24px;\">&#10003;<\/span><div><strong>Ma\u00dfanfertigung<\/strong><br><span style=\"color:#777;\">Jedes Produkt wird exakt nach Ihren Ma\u00dfen gefertigt<\/span><\/div><\/div>\n<div style=\"display:flex;gap:12px;align-items:flex-start;\"><span style=\"color:#506574;font-size:24px;\">&#10003;<\/span><div><strong>Montageservice<\/strong><br><span style=\"color:#777;\">Fachgerechte Montage durch erfahrene Handwerker<\/span><\/div><\/div>\n<div style=\"display:flex;gap:12px;align-items:flex-start;\"><span style=\"color:#506574;font-size:24px;\">&#10003;<\/span><div><strong>Markenqualit\u00e4t<\/strong><br><span style=\"color:#777;\">Nur gepr\u00fcfte Markenprodukte renommierter Hersteller<\/span><\/div><\/div>\n<\/div>\t\t\t\t\t\t\t\t<\/div>\n\t\t\t\t<\/div>\n\t\t\t\t\t<\/div>\n\t\t\t\t<\/div>\n\t\t<div class=\"e-con-with-custom-width elementor-element elementor-element-809e206 e-con-boxed e-flex sc_layouts_column_icons_position_left e-con e-parent\" data-id=\"809e206\" data-element_type=\"container\" data-settings=\"{&quot;background_background&quot;:&quot;classic&quot;}\">\n\t\t\t\t\t<div class=\"e-con-inner\">\n\t\t\t\t<div class=\"elementor-element elementor-element-5a85c66 sc_fly_static elementor-widget elementor-widget-heading\" data-id=\"5a85c66\" data-element_type=\"widget\" data-widget_type=\"heading.default\">\n\t\t\t\t<div class=\"elementor-widget-container\">\n\t\t\t\t\t<h2 class=\"elementor-heading-title elementor-size-default\">Interesse geweckt?<\/h2>\t\t\t\t<\/div>\n\t\t\t\t<\/div>\n\t\t\t\t<div class=\"elementor-element elementor-element-aef48f8 sc_fly_static elementor-widget elementor-widget-text-editor\" data-id=\"aef48f8\" data-element_type=\"widget\" data-widget_type=\"text-editor.default\">\n\t\t\t\t<div class=\"elementor-widget-container\">\n\t\t\t\t\t\t\t\t\t<p>Wir erstellen Ihnen gerne ein individuelles Angebot. Kontaktieren Sie uns \u2013 wir beraten Sie pers\u00f6nlich und unverbindlich.<\/p>\t\t\t\t\t\t\t\t<\/div>\n\t\t\t\t<\/div>\n\t\t\t\t<div class=\"elementor-element elementor-element-6c21797 elementor-align-center sc_fly_static elementor-widget elementor-widget-button\" data-id=\"6c21797\" data-element_type=\"widget\" data-widget_type=\"button.default\">\n\t\t\t\t<div class=\"elementor-widget-container\">\n\t\t\t\t\t\t\t\t\t<div class=\"elementor-button-wrapper\">\n\t\t\t\t\t<a class=\"elementor-button elementor-button-link elementor-size-lg\" href=\"https:\/\/terrasnew.live-website.com\/en\/kontakt\/\">\n\t\t\t\t\t\t<span class=\"elementor-button-content-wrapper\">\n\t\t\t\t\t\t\t\t\t<span class=\"elementor-button-text\">Jetzt Angebot anfordern<\/span>\n\t\t\t\t\t<\/span>\n\t\t\t\t\t<\/a>\n\t\t\t\t<\/div>\n\t\t\t\t\t\t\t\t<\/div>\n\t\t\t\t<\/div>\n\t\t\t\t<div class=\"elementor-element elementor-element-fef6b6c sc_fly_static elementor-widget elementor-widget-text-editor\" data-id=\"fef6b6c\" data-element_type=\"widget\" data-widget_type=\"text-editor.default\">\n\t\t\t\t<div class=\"elementor-widget-container\">\n\t\t\t\t\t\t\t\t\t<p style=\"text-align:center;\"><strong>Terras<\/strong> | Tel: <a href=\"tel:004948214378950\">+49 4821 4378950<\/a> | <a href=\"mailto:info@terras24.de\">info@terras24.de<\/a><\/p>\t\t\t\t\t\t\t\t<\/div>\n\t\t\t\t<\/div>\n\t\t\t\t\t<\/div>\n\t\t\t\t<\/div>\n\t\t\t\t<\/div>","protected":false},"excerpt":{"rendered":"","protected":false},"author":0,"featured_media":0,"parent":0,"menu_order":34,"comment_status":"closed","ping_status":"closed","template":"elementor_header_footer","meta":{"footnotes":""},"class_list":["post-40301","page","type-page","status-publish","hentry"],"_links":{"self":[{"href":"https:\/\/terrasnew.live-website.com\/en\/wp-json\/wp\/v2\/pages\/40301","targetHints":{"allow":["GET"]}}],"collection":[{"href":"https:\/\/terrasnew.live-website.com\/en\/wp-json\/wp\/v2\/pages"}],"about":[{"href":"https:\/\/terrasnew.live-website.com\/en\/wp-json\/wp\/v2\/types\/page"}],"replies":[{"embeddable":true,"href":"https:\/\/terrasnew.live-website.com\/en\/wp-json\/wp\/v2\/comments?post=40301"}],"version-history":[{"count":1,"href":"https:\/\/terrasnew.live-website.com\/en\/wp-json\/wp\/v2\/pages\/40301\/revisions"}],"predecessor-version":[{"id":40303,"href":"https:\/\/terrasnew.live-website.com\/en\/wp-json\/wp\/v2\/pages\/40301\/revisions\/40303"}],"wp:attachment":[{"href":"https:\/\/terrasnew.live-website.com\/en\/wp-json\/wp\/v2\/media?parent=40301"}],"curies":[{"name":"wp","href":"https:\/\/api.w.org\/{rel}","templated":true}]}}