{"id":37693,"date":"2024-04-16T14:50:16","date_gmt":"2024-04-16T14:50:16","guid":{"rendered":"https:\/\/terrasnew.live-website.com\/?page_id=37693"},"modified":"2024-04-25T21:42:35","modified_gmt":"2024-04-25T21:42:35","slug":"cookie-einstellungen","status":"publish","type":"page","link":"https:\/\/terrasnew.live-website.com\/en\/cookie-einstellungen\/","title":{"rendered":"Cookie-Einstellungen"},"content":{"rendered":"<div data-elementor-type=\"wp-page\" data-elementor-id=\"37693\" class=\"elementor elementor-37693\" data-elementor-post-type=\"page\">\n\t\t\t\t\t\t<section class=\"elementor-section elementor-top-section elementor-element elementor-element-55d4490 elementor-section-full_width elementor-section-height-min-height elementor-section-stretched elementor-section-height-default elementor-section-items-middle sc_fly_static\" data-id=\"55d4490\" data-element_type=\"section\" data-settings=\"{&quot;stretch_section&quot;:&quot;section-stretched&quot;,&quot;background_background&quot;:&quot;classic&quot;}\">\n\t\t\t\t\t\t\t<div class=\"elementor-background-overlay\"><\/div>\n\t\t\t\t\t\t\t<div class=\"elementor-container elementor-column-gap-extended\">\n\t\t\t\t\t<div class=\"elementor-column elementor-col-100 elementor-top-column elementor-element elementor-element-8e87c81 sc_content_align_inherit sc_layouts_column_icons_position_left sc_fly_static\" data-id=\"8e87c81\" data-element_type=\"column\">\n\t\t\t<div class=\"elementor-widget-wrap elementor-element-populated\">\n\t\t\t\t\t\t<div class=\"elementor-element elementor-element-6953840 sc_fly_static elementor-widget elementor-widget-heading\" data-id=\"6953840\" data-element_type=\"widget\" data-widget_type=\"heading.default\">\n\t\t\t\t<div class=\"elementor-widget-container\">\n\t\t\t\t\t<h2 class=\"elementor-heading-title elementor-size-default\">Cookie-Einstellungen<\/h2>\t\t\t\t<\/div>\n\t\t\t\t<\/div>\n\t\t\t\t\t<\/div>\n\t\t<\/div>\n\t\t\t\t\t<\/div>\n\t\t<\/section>\n\t\t\t\t<section class=\"elementor-section elementor-top-section elementor-element elementor-element-5e51a38 elementor-section-boxed elementor-section-height-default elementor-section-height-default sc_fly_static\" data-id=\"5e51a38\" data-element_type=\"section\">\n\t\t\t\t\t\t<div class=\"elementor-container elementor-column-gap-extended\">\n\t\t\t\t\t<div class=\"elementor-column elementor-col-100 elementor-top-column elementor-element elementor-element-77618ee sc_content_align_inherit sc_layouts_column_icons_position_left sc_fly_static\" data-id=\"77618ee\" data-element_type=\"column\">\n\t\t\t<div class=\"elementor-widget-wrap elementor-element-populated\">\n\t\t\t\t\t\t<div class=\"elementor-element elementor-element-cc0e55f sc_fly_static elementor-widget elementor-widget-text-editor\" data-id=\"cc0e55f\" data-element_type=\"widget\" data-widget_type=\"text-editor.default\">\n\t\t\t\t<div class=\"elementor-widget-container\">\n\t\t\t\t\t\t\t\t\t<h4>COOKIE-RICHTLINIE<\/h4><p>Diese Website verwendet Cookies. Weitere Informationen zu den Cookie-Arten finden sich unter den jeweiligen Kategorien. Dort lassen sich auch einzelne Cookies aktivieren. Die Cookie-Einstellungen k\u00f6nnen jederzeit \u00fcber den Link im Footer dieser Website angepasst werden.<\/p>\t\t\t\t\t\t\t\t<\/div>\n\t\t\t\t<\/div>\n\t\t\t\t<div class=\"elementor-element elementor-element-bbe374b sc_fly_static elementor-widget elementor-widget-text-editor\" data-id=\"bbe374b\" data-element_type=\"widget\" data-widget_type=\"text-editor.default\">\n\t\t\t\t<div class=\"elementor-widget-container\">\n\t\t\t\t\t\t\t\t\t<p>Alle ablehnen\u00a0 \u00a0 \u00a0 \u00a0 \u00a0 \u00a0 \u00a0 \u00a0 \u00a0 \u00a0 \u00a0 Alle akzeptieren<\/p>\t\t\t\t\t\t\t\t<\/div>\n\t\t\t\t<\/div>\n\t\t\t\t<div class=\"elementor-element elementor-element-a9da9ec sc_fly_static elementor-widget elementor-widget-html\" data-id=\"a9da9ec\" data-element_type=\"widget\" data-widget_type=\"html.default\">\n\t\t\t\t<div class=\"elementor-widget-container\">\n\t\t\t\t\t\t\r\n<input id=\"content_switcher\" class=\"toggle_switch toggle_switch-ios\" type=\"checkbox\" \/> \r\n<label class=\"toggle_switch-button\" tabindex=\"0\" for=\"content_switcher\"><\/label>\r\n\t\t\t\t<\/div>\n\t\t\t\t<\/div>\n\t\t\t\t<div class=\"elementor-element elementor-element-228152c elementor-align-left sc_fly_static elementor-widget elementor-widget-button\" data-id=\"228152c\" data-element_type=\"widget\" data-widget_type=\"button.default\">\n\t\t\t\t<div class=\"elementor-widget-container\">\n\t\t\t\t\t\t\t\t\t<div class=\"elementor-button-wrapper\">\n\t\t\t\t\t<a class=\"elementor-button elementor-button-link elementor-size-sm\" href=\"#\">\n\t\t\t\t\t\t<span class=\"elementor-button-content-wrapper\">\n\t\t\t\t\t\t<span class=\"elementor-button-icon\">\n\t\t\t\t<i aria-hidden=\"true\" class=\"fas fa-window-close\"><\/i>\t\t\t<\/span>\n\t\t\t\t\t\t\t\t\t<span class=\"elementor-button-text\">Performance<\/span>\n\t\t\t\t\t<\/span>\n\t\t\t\t\t<\/a>\n\t\t\t\t<\/div>\n\t\t\t\t\t\t\t\t<\/div>\n\t\t\t\t<\/div>\n\t\t\t\t<div class=\"elementor-element elementor-element-0e50480 elementor-align-left sc_fly_static elementor-widget elementor-widget-button\" data-id=\"0e50480\" data-element_type=\"widget\" data-widget_type=\"button.default\">\n\t\t\t\t<div class=\"elementor-widget-container\">\n\t\t\t\t\t\t\t\t\t<div class=\"elementor-button-wrapper\">\n\t\t\t\t\t<a class=\"elementor-button elementor-button-link elementor-size-sm\" href=\"#\">\n\t\t\t\t\t\t<span class=\"elementor-button-content-wrapper\">\n\t\t\t\t\t\t<span class=\"elementor-button-icon\">\n\t\t\t\t<i aria-hidden=\"true\" class=\"far fa-check-square\"><\/i>\t\t\t<\/span>\n\t\t\t\t\t\t\t\t\t<span class=\"elementor-button-text\">Performance<\/span>\n\t\t\t\t\t<\/span>\n\t\t\t\t\t<\/a>\n\t\t\t\t<\/div>\n\t\t\t\t\t\t\t\t<\/div>\n\t\t\t\t<\/div>\n\t\t\t\t<div class=\"elementor-element elementor-element-ece462a sc_fly_static elementor-widget elementor-widget-html\" data-id=\"ece462a\" data-element_type=\"widget\" data-widget_type=\"html.default\">\n\t\t\t\t<div class=\"elementor-widget-container\">\n\t\t\t\t\t\t\r\n<script>\r\nif (!(document.querySelector('.elementor-editor-active'))){\r\n    let toggleSwitches = document.querySelectorAll('.toggle_switch'); \r\n    toggleSwitches.forEach((e,i) => {\r\n        let shown = e.closest('.elementor-element').nextElementSibling;\r\n        let toBeShown = shown.nextElementSibling;\r\n        toBeShown.style.display = 'none';\r\n        e.addEventListener('change', function(){\r\n            if (e.checked){\r\n            shown.style.display = 'none';\r\n            toBeShown.style.display = 'block';\r\n            } else {\r\n            shown.style.display = 'block';\r\n            toBeShown.style.display = 'none';\r\n            }\r\n        });\r\n    });\r\n}\r\n<\/script>\r\n<style>\r\n   \/* css for the toggle all switch, credits: https:\/\/codepen.io\/mallendeo\/pen\/QWKrEL *\/\r\n   .toggle_switch {\r\n  clip: rect(0 0 0 0);\r\n  clip-path: inset(50%);\r\n  height: 1px;\r\n  overflow: hidden;\r\n  position: absolute;\r\n  white-space: nowrap;\r\n  width: 1px;\r\n   }\r\n   .toggle_switch::-moz-selection, .toggle_switch:after::-moz-selection, .toggle_switch:before::-moz-selection, .toggle_switch *::-moz-selection, .toggle_switch *:after::-moz-selection, .toggle_switch *:before::-moz-selection, .toggle_switch + .toggle_switch-button::-moz-selection {\r\n   background: none;\r\n   }\r\n   .toggle_switch::selection, .toggle_switch:after::selection, .toggle_switch:before::selection, .toggle_switch *::selection, .toggle_switch *:after::selection, .toggle_switch *:before::selection, .toggle_switch + .toggle_switch-button::selection {\r\n   background: none;\r\n   }\r\n   .toggle_switch + .toggle_switch-button {\r\n   outline: 0;\r\n   display: block;\r\n   width: 4em;\r\n   height: 2em;\r\n   position: relative;\r\n   cursor: pointer;\r\n   left: 50%;\r\n   transform: translateX(-50%);\r\n   -webkit-user-select: none;\r\n   -moz-user-select: none;\r\n   -ms-user-select: none;\r\n   user-select: none;\r\n   }\r\n   .toggle_switch + .toggle_switch-button:after, .toggle_switch + .toggle_switch-button:before {\r\n   position: relative;\r\n   display: block;\r\n   content: \"\";\r\n   width: 50%;\r\n   height: 100%;\r\n   }\r\n   .toggle_switch + .toggle_switch-button:after {\r\n   left: 0;\r\n   }\r\n   .toggle_switch + .toggle_switch-button:before {\r\n   display: none;\r\n   }\r\n   .toggle_switch:checked + .toggle_switch-button:after {\r\n   left: 50%;\r\n   }\r\n   .toggle_switch-ios + .toggle_switch-button {\r\n   background: #808285;\r\n   border-radius: 2em;\r\n   padding: 2px;\r\n   -webkit-transition: all .4s ease;\r\n   transition: all .4s ease;\r\n   border: 1px solid #e8eae9;\r\n   }\r\n   .toggle_switch-ios + .toggle_switch-button:after {\r\n   border-radius: 2em;\r\n   background: #fbfbfb;\r\n   -webkit-transition: left 0.3s cubic-bezier(0.175, 0.885, 0.32, 1.275), padding 0.3s ease, margin 0.3s ease;\r\n   transition: left 0.3s cubic-bezier(0.175, 0.885, 0.32, 1.275), padding 0.3s ease, margin 0.3s ease;\r\n   box-shadow: 0 0 0 1px rgba(0, 0, 0, 0.1), 0 4px 0 rgba(0, 0, 0, 0.08);\r\n   }\r\n   .toggle_switch-ios + .toggle_switch-button:hover:after {\r\n   will-change: padding;\r\n   }\r\n   .toggle_switch-ios + .toggle_switch-button:active {\r\n   box-shadow: inset 0 0 0 2em #e8eae9;\r\n   }\r\n   .toggle_switch-ios + .toggle_switch-button:active:after {\r\n   padding-right: .8em;\r\n   }\r\n   .toggle_switch-ios:checked + .toggle_switch-button {\r\n   background: #81A774;\r\n   }\r\n   .toggle_switch-ios:checked + .toggle_switch-button:active {\r\n   box-shadow: none;\r\n   }\r\n   .toggle_switch-ios:checked + .toggle_switch-button:active:after {\r\n   margin-left: -.8em;\r\n   }\r\n<\/style>\r\n\t\t\t\t<\/div>\n\t\t\t\t<\/div>\n\t\t\t\t<div class=\"elementor-element elementor-element-48672e6 sc_fly_static elementor-widget elementor-widget-text-editor\" data-id=\"48672e6\" data-element_type=\"widget\" data-widget_type=\"text-editor.default\">\n\t\t\t\t<div class=\"elementor-widget-container\">\n\t\t\t\t\t\t\t\t\t<p><a class=\"pIEbI\" href=\"https:\/\/terrasnew.live-website.com\/en\/impressum\/\">Impressum<\/a><a class=\"pIEbI\" href=\"https:\/\/terrasnew.live-website.com\/en\/datenschutz\/\">\u00a0 \u00a0 \u00a0 \u00a0Datenschutz<\/a><\/p>\t\t\t\t\t\t\t\t<\/div>\n\t\t\t\t<\/div>\n\t\t\t\t<div class=\"elementor-element elementor-element-bf5a700 e-transform sc_fly_static elementor-widget elementor-widget-text-editor\" data-id=\"bf5a700\" data-element_type=\"widget\" data-settings=\"{&quot;_transform_translateX_effect&quot;:{&quot;unit&quot;:&quot;px&quot;,&quot;size&quot;:0,&quot;sizes&quot;:[]},&quot;_transform_translateY_effect&quot;:{&quot;unit&quot;:&quot;px&quot;,&quot;size&quot;:-8,&quot;sizes&quot;:[]},&quot;_transform_translateX_effect_tablet&quot;:{&quot;unit&quot;:&quot;px&quot;,&quot;size&quot;:&quot;&quot;,&quot;sizes&quot;:[]},&quot;_transform_translateX_effect_mobile&quot;:{&quot;unit&quot;:&quot;px&quot;,&quot;size&quot;:&quot;&quot;,&quot;sizes&quot;:[]},&quot;_transform_translateY_effect_tablet&quot;:{&quot;unit&quot;:&quot;px&quot;,&quot;size&quot;:&quot;&quot;,&quot;sizes&quot;:[]},&quot;_transform_translateY_effect_mobile&quot;:{&quot;unit&quot;:&quot;px&quot;,&quot;size&quot;:&quot;&quot;,&quot;sizes&quot;:[]}}\" data-widget_type=\"text-editor.default\">\n\t\t\t\t<div class=\"elementor-widget-container\">\n\t\t\t\t\t\t\t\t\t<p>Unbedingt erforderlich<\/p>\t\t\t\t\t\t\t\t<\/div>\n\t\t\t\t<\/div>\n\t\t\t\t<div class=\"elementor-element elementor-element-d309239 sc_fly_static elementor-widget elementor-widget-html\" data-id=\"d309239\" data-element_type=\"widget\" data-widget_type=\"html.default\">\n\t\t\t\t<div class=\"elementor-widget-container\">\n\t\t\t\t\t<input id=\"content_switcher1\" class=\"toggle_switch toggle_switch-ios\" type=\"checkbox\" disabled checked \/>\r\n<label class=\"toggle_switch-button\" tabindex=\"0\" for=\"content_switcher1\"><\/label>\r\n\t\t\t\t<\/div>\n\t\t\t\t<\/div>\n\t\t\t\t<div class=\"elementor-element elementor-element-253dc64 sc_fly_static elementor-widget elementor-widget-text-editor\" data-id=\"253dc64\" data-element_type=\"widget\" data-widget_type=\"text-editor.default\">\n\t\t\t\t<div class=\"elementor-widget-container\">\n\t\t\t\t\t\t\t\t\t<div class=\"_6OU6x L71mz\" data-testid=\"static-text-element\"><div class=\"A8RBL\"><div class=\"\"><h4>UNBEDINGT ERFORDERLICH<\/h4><\/div><\/div><\/div><div class=\"DCdUm\"><div class=\"rMf89\"><div class=\"_6OU6x\" data-testid=\"static-text-element\"><div class=\"A8RBL\"><div class=\"\">Unbedingt erforderliche Cookies erm\u00f6glichen grundlegende Funktionen und sind f\u00fcr die einwandfreie Funktion der Website erforderlich. Daher kann man sie nicht deaktivieren. Diese Art von Cookies wird ausschlie\u00dflich von dem Betreiber der Website verwendet (First-Party-Cookie) und s\u00e4mtliche Informationen, die in den Cookies gespeichert sind, werden nur an diese Website gesendet.<\/div><\/div><\/div><\/div><\/div>\t\t\t\t\t\t\t\t<\/div>\n\t\t\t\t<\/div>\n\t\t\t\t<div class=\"elementor-element elementor-element-f1461b0 sc_fly_static elementor-widget elementor-widget-html\" data-id=\"f1461b0\" data-element_type=\"widget\" data-widget_type=\"html.default\">\n\t\t\t\t<div class=\"elementor-widget-container\">\n\t\t\t\t\t<input id=\"content_switcher1\" class=\"toggle_switch toggle_switch-ios\" type=\"checkbox\" disabled checked \/>\r\n<label class=\"toggle_switch-button\" tabindex=\"0\" for=\"content_switcher1\"><\/label>\r\n\t\t\t\t<\/div>\n\t\t\t\t<\/div>\n\t\t\t\t<div class=\"elementor-element elementor-element-305eaa1 sc_fly_static elementor-widget elementor-widget-text-editor\" data-id=\"305eaa1\" data-element_type=\"widget\" data-widget_type=\"text-editor.default\">\n\t\t\t\t<div class=\"elementor-widget-container\">\n\t\t\t\t\t\t\t\t\t<div class=\"_6OU6x suL1S\" data-testid=\"static-text-element\"><div class=\"A8RBL\"><h6>Cloudflare<\/h6><\/div><\/div><div class=\"_6OU6x OnuVm\" data-testid=\"static-text-element\"><div class=\"A8RBL\"><div class=\"\">Cloudflare ist ein Dienst, der die Sicherheit und Geschwindigkeit von Webseiten erh\u00f6ht. Cloudflare bietet ein Content Delivery Network (&#8220;CDN&#8221;), um die Ladezeiten der Website zu verbessern. Die Nutzung eines CDN erm\u00f6glicht es dem Nutzer, Inhalte mit Hilfe regional oder international verteilter Server zum schnelleren Abruf bereitzustellen. Anbieter: Cloudflare Inc., 101 Townsend St, San Francisco, CA 94107 USA Cookie-Namen und Speicherdauer: __cfruid (Speicherdauer: Session), __cf_bm (Speicherdauer: 30 Minuten), __cf_clearance (Speicherdauer: 30 Minuten)<\/div><\/div><\/div><p><a class=\"pIEbI AkSBE\" href=\"https:\/\/www.cloudflare.com\/cookie-policy\/\" target=\"_blank\" rel=\"noopener\">Cookie-Richtlinie<\/a><a class=\"pIEbI AkSBE\" href=\"https:\/\/terrasnew.live-website.com\/en\/cookie-einstellungen\/\" target=\"_blank\" rel=\"noopener\">Datenschutzerkl\u00e4rung<\/a><\/p><div class=\"_6OU6x L71mz\" data-testid=\"static-text-element\"><div class=\"A8RBL\"><div class=\"\"><h4>FUNKTIONELL<\/h4><\/div><\/div><\/div><div class=\"DCdUm\"><div class=\"rMf89\"><div class=\"_6OU6x\" data-testid=\"static-text-element\"><div class=\"A8RBL\"><div class=\"\">Funktionelle Cookies erm\u00f6glichen dieser Website, bestimmte Funktionen zur Verf\u00fcgung zu stellen und Informationen zu speichern, die vom Nutzer eingegeben wurden \u2013 beispielsweise bereits registrierte Namen oder die Sprachauswahl. Damit werden verbesserte und personalisierte Funktionen gew\u00e4hrleistet.<\/div><\/div><\/div><\/div><\/div>\t\t\t\t\t\t\t\t<\/div>\n\t\t\t\t<\/div>\n\t\t\t\t<div class=\"elementor-element elementor-element-5d517b8 sc_fly_static elementor-widget elementor-widget-heading\" data-id=\"5d517b8\" data-element_type=\"widget\" data-widget_type=\"heading.default\">\n\t\t\t\t<div class=\"elementor-widget-container\">\n\t\t\t\t\t<h2 class=\"elementor-heading-title elementor-size-default\">Keine Cookies in dieser Kategorie<\/h2>\t\t\t\t<\/div>\n\t\t\t\t<\/div>\n\t\t\t\t<div class=\"elementor-element elementor-element-6c52ebe sc_fly_static elementor-widget elementor-widget-text-editor\" data-id=\"6c52ebe\" data-element_type=\"widget\" data-widget_type=\"text-editor.default\">\n\t\t\t\t<div class=\"elementor-widget-container\">\n\t\t\t\t\t\t\t\t\t<div class=\"_6OU6x suL1S\" data-testid=\"static-text-element\"><div class=\"A8RBL\"><div class=\"_6OU6x L71mz\" data-testid=\"static-text-element\"><div class=\"A8RBL\"><div class=\"\"><div class=\"_6OU6x L71mz\" data-testid=\"static-text-element\"><div class=\"A8RBL\"><div class=\"\"><h4>MARKETING \/ THIRD PARTY<\/h4><\/div><\/div><\/div><div class=\"DCdUm\"><div class=\"rMf89\"><div class=\"_6OU6x\" data-testid=\"static-text-element\"><div class=\"A8RBL\"><div class=\"\">Marketing- \/ Third Party-Cookies stammen unter anderem von externen Werbeunternehmen und werden verwendet, um Informationen \u00fcber die vom Nutzer besuchten Websites zu sammeln, um z. B. zielgruppenorientierte Werbung f\u00fcr den Benutzer zu erstellen.<\/div><\/div><\/div><\/div><\/div><\/div><\/div><\/div><\/div><\/div>\t\t\t\t\t\t\t\t<\/div>\n\t\t\t\t<\/div>\n\t\t\t\t<div class=\"elementor-element elementor-element-dfc056f sc_fly_static elementor-widget elementor-widget-heading\" data-id=\"dfc056f\" data-element_type=\"widget\" data-widget_type=\"heading.default\">\n\t\t\t\t<div class=\"elementor-widget-container\">\n\t\t\t\t\t<h2 class=\"elementor-heading-title elementor-size-default\">Keine Cookies in dieser Kategorie<\/h2>\t\t\t\t<\/div>\n\t\t\t\t<\/div>\n\t\t\t\t<div class=\"elementor-element elementor-element-78d1453 sc_fly_static elementor-widget elementor-widget-text-editor\" data-id=\"78d1453\" data-element_type=\"widget\" data-widget_type=\"text-editor.default\">\n\t\t\t\t<div class=\"elementor-widget-container\">\n\t\t\t\t\t\t\t\t\t<div class=\"_6OU6x suL1S\" data-testid=\"static-text-element\"><div class=\"A8RBL\"><div class=\"_6OU6x L71mz\" data-testid=\"static-text-element\"><div class=\"A8RBL\"><div class=\"\"><h4>PERFORMANCE<\/h4><\/div><\/div><\/div><div class=\"DCdUm\"><div class=\"rMf89\"><div class=\"_6OU6x\" data-testid=\"static-text-element\"><div class=\"A8RBL\"><div class=\"\">Die Performance-Cookies sammeln Informationen dar\u00fcber, wie diese Website genutzt wird. Der Betreiber der Website nutzt diese Cookies um die Attraktivit\u00e4t, den Inhalt und die Funktionalit\u00e4t der Website zu verbessern.<\/div><\/div><\/div><\/div><\/div><\/div><\/div>\t\t\t\t\t\t\t\t<\/div>\n\t\t\t\t<\/div>\n\t\t\t\t<div class=\"elementor-element elementor-element-2566058 sc_fly_static elementor-widget elementor-widget-html\" data-id=\"2566058\" data-element_type=\"widget\" data-widget_type=\"html.default\">\n\t\t\t\t<div class=\"elementor-widget-container\">\n\t\t\t\t\t\t\r\n<input id=\"content_switcher2\" class=\"toggle_switch toggle_switch-ios\" type=\"checkbox\" \/> \r\n<label class=\"toggle_switch-button\" tabindex=\"0\" for=\"content_switcher2\"><\/label>\r\n\t\t\t\t<\/div>\n\t\t\t\t<\/div>\n\t\t\t\t<div class=\"elementor-element elementor-element-57ff3ff e-transform sc_fly_static elementor-widget elementor-widget-text-editor\" data-id=\"57ff3ff\" data-element_type=\"widget\" data-settings=\"{&quot;_transform_translateX_effect&quot;:{&quot;unit&quot;:&quot;px&quot;,&quot;size&quot;:5,&quot;sizes&quot;:[]},&quot;_transform_translateY_effect&quot;:{&quot;unit&quot;:&quot;px&quot;,&quot;size&quot;:-5,&quot;sizes&quot;:[]},&quot;_transform_translateX_effect_tablet&quot;:{&quot;unit&quot;:&quot;px&quot;,&quot;size&quot;:&quot;&quot;,&quot;sizes&quot;:[]},&quot;_transform_translateX_effect_mobile&quot;:{&quot;unit&quot;:&quot;px&quot;,&quot;size&quot;:&quot;&quot;,&quot;sizes&quot;:[]},&quot;_transform_translateY_effect_tablet&quot;:{&quot;unit&quot;:&quot;px&quot;,&quot;size&quot;:&quot;&quot;,&quot;sizes&quot;:[]},&quot;_transform_translateY_effect_mobile&quot;:{&quot;unit&quot;:&quot;px&quot;,&quot;size&quot;:&quot;&quot;,&quot;sizes&quot;:[]}}\" data-widget_type=\"text-editor.default\">\n\t\t\t\t<div class=\"elementor-widget-container\">\n\t\t\t\t\t\t\t\t\t<div class=\"_6OU6x suL1S\" data-testid=\"static-text-element\"><div class=\"A8RBL\"><div class=\"_6OU6x suL1S\" data-testid=\"static-text-element\"><div class=\"A8RBL\"><div class=\"\">Google Analytics<\/div><\/div><\/div><div class=\"_6OU6x OnuVm\" data-testid=\"static-text-element\"><div class=\"A8RBL\"><div class=\"\">Diese Cookies sammeln anonymisierte Informationen zu Analysezwecken \u2013 z. B. wie Besucher die Website nutzen und mit ihr interagieren. Anbieter: Google LLC, 1600 Amphitheatre Parkway, Mountain View, CA 94043, USA oder Google Ireland Limited, Gordon House, Barrow Street, Dublin 4, Irland, wenn Sie in der EU ans\u00e4ssig sind. Cookie-Namen:_ga, _gat und_gid) Cookie-Lebensdauer: 2 Jahre<\/div><\/div><\/div><h6><a class=\"pIEbI AkSBE\" href=\"https:\/\/terrasnew.live-website.com\/en\/cookie-einstellungen\/\" target=\"_blank\" rel=\"noopener\">Cookie-Richtlinie<\/a><a class=\"pIEbI AkSBE\" href=\"https:\/\/terrasnew.live-website.com\/en\/datenschutz\/\" target=\"_blank\" rel=\"noopener\">Datenschutzerkl\u00e4rung<\/a><\/h6><\/div><\/div>\t\t\t\t\t\t\t\t<\/div>\n\t\t\t\t<\/div>\n\t\t\t\t\t<\/div>\n\t\t<\/div>\n\t\t\t\t\t<\/div>\n\t\t<\/section>\n\t\t\t\t<\/div>","protected":false},"excerpt":{"rendered":"<p>Cookie-Einstellungen COOKIE-RICHTLINIE Diese Website verwendet Cookies. Weitere Informationen zu den Cookie-Arten finden sich unter den jeweiligen Kategorien. Dort lassen sich auch einzelne Cookies aktivieren. Die Cookie-Einstellungen k\u00f6nnen jederzeit \u00fcber den&hellip;<\/p>","protected":false},"author":1,"featured_media":0,"parent":0,"menu_order":9,"comment_status":"closed","ping_status":"closed","template":"","meta":{"footnotes":""},"class_list":["post-37693","page","type-page","status-publish","hentry"],"_links":{"self":[{"href":"https:\/\/terrasnew.live-website.com\/en\/wp-json\/wp\/v2\/pages\/37693","targetHints":{"allow":["GET"]}}],"collection":[{"href":"https:\/\/terrasnew.live-website.com\/en\/wp-json\/wp\/v2\/pages"}],"about":[{"href":"https:\/\/terrasnew.live-website.com\/en\/wp-json\/wp\/v2\/types\/page"}],"author":[{"embeddable":true,"href":"https:\/\/terrasnew.live-website.com\/en\/wp-json\/wp\/v2\/users\/1"}],"replies":[{"embeddable":true,"href":"https:\/\/terrasnew.live-website.com\/en\/wp-json\/wp\/v2\/comments?post=37693"}],"version-history":[{"count":3,"href":"https:\/\/terrasnew.live-website.com\/en\/wp-json\/wp\/v2\/pages\/37693\/revisions"}],"predecessor-version":[{"id":38165,"href":"https:\/\/terrasnew.live-website.com\/en\/wp-json\/wp\/v2\/pages\/37693\/revisions\/38165"}],"wp:attachment":[{"href":"https:\/\/terrasnew.live-website.com\/en\/wp-json\/wp\/v2\/media?parent=37693"}],"curies":[{"name":"wp","href":"https:\/\/api.w.org\/{rel}","templated":true}]}}