{"id":37675,"date":"2024-04-16T14:33:18","date_gmt":"2024-04-16T14:33:18","guid":{"rendered":"https:\/\/terrasnew.live-website.com\/?page_id=37675"},"modified":"2024-10-01T15:02:27","modified_gmt":"2024-10-01T15:02:27","slug":"datenschutz","status":"publish","type":"page","link":"https:\/\/terrasnew.live-website.com\/en\/datenschutz\/","title":{"rendered":"Datenschutz"},"content":{"rendered":"<div data-elementor-type=\"wp-page\" data-elementor-id=\"37675\" class=\"elementor elementor-37675\" data-elementor-post-type=\"page\">\n\t\t\t\t\t\t<section class=\"elementor-section elementor-top-section elementor-element elementor-element-55d4490 elementor-section-full_width elementor-section-height-min-height elementor-section-stretched elementor-section-height-default elementor-section-items-middle sc_fly_static\" data-id=\"55d4490\" data-element_type=\"section\" data-settings=\"{&quot;stretch_section&quot;:&quot;section-stretched&quot;,&quot;background_background&quot;:&quot;classic&quot;}\">\n\t\t\t\t\t\t\t<div class=\"elementor-background-overlay\"><\/div>\n\t\t\t\t\t\t\t<div class=\"elementor-container elementor-column-gap-extended\">\n\t\t\t\t\t<div class=\"elementor-column elementor-col-100 elementor-top-column elementor-element elementor-element-8e87c81 sc_content_align_inherit sc_layouts_column_icons_position_left sc_fly_static\" data-id=\"8e87c81\" data-element_type=\"column\">\n\t\t\t<div class=\"elementor-widget-wrap elementor-element-populated\">\n\t\t\t\t\t\t<div class=\"elementor-element elementor-element-6953840 sc_fly_static elementor-widget elementor-widget-heading\" data-id=\"6953840\" data-element_type=\"widget\" data-widget_type=\"heading.default\">\n\t\t\t\t<div class=\"elementor-widget-container\">\n\t\t\t\t\t<h2 class=\"elementor-heading-title elementor-size-default\">Datenschutz<\/h2>\t\t\t\t<\/div>\n\t\t\t\t<\/div>\n\t\t\t\t\t<\/div>\n\t\t<\/div>\n\t\t\t\t\t<\/div>\n\t\t<\/section>\n\t\t\t\t<section class=\"elementor-section elementor-top-section elementor-element elementor-element-5e51a38 elementor-section-boxed elementor-section-height-default elementor-section-height-default sc_fly_static\" data-id=\"5e51a38\" data-element_type=\"section\">\n\t\t\t\t\t\t<div class=\"elementor-container elementor-column-gap-extended\">\n\t\t\t\t\t<div class=\"elementor-column elementor-col-100 elementor-top-column elementor-element elementor-element-77618ee sc_content_align_inherit sc_layouts_column_icons_position_left sc_fly_static\" data-id=\"77618ee\" data-element_type=\"column\">\n\t\t\t<div class=\"elementor-widget-wrap elementor-element-populated\">\n\t\t\t\t\t\t<div class=\"elementor-element elementor-element-cc0e55f sc_fly_static elementor-widget elementor-widget-text-editor\" data-id=\"cc0e55f\" data-element_type=\"widget\" data-widget_type=\"text-editor.default\">\n\t\t\t\t<div class=\"elementor-widget-container\">\n\t\t\t\t\t\t\t\t\t<h5>VERANTWORTLICHER F\u00dcR DIE <br \/>DATENVERARBEITUNG IST:<\/h5><p>Yusuf \u00d6zen<br \/>Marianne-Plehn-Weg 1<br \/>Itzehoe<br \/>Deutschland<br \/>info@terras24.de<br \/>Telefon: +49 4821 4378950<br \/>Wir freuen uns \u00fcber Ihr Interesse an unserer Webseite. Der Schutz Ihrer Privatsph\u00e4re ist f\u00fcr uns sehr wichtig. Nachstehend informieren wir Sie ausf\u00fchrlich \u00fcber den Umgang mit Ihren Daten.<\/p><h4>1.\u00a0ZUGRIFFSDATEN UND HOSTING<\/h4><p>Sie k\u00f6nnen unsere Webseiten besuchen, ohne Angaben zu Ihrer Person zu machen. Bei jedem Aufruf einer Webseite speichert der Webserver lediglich automatisch ein sogenanntes Server-Logfile, das z.B. den Namen der angeforderten Datei, Ihre IP-Adresse, Datum und Uhrzeit des Abrufs, \u00fcbertragene Datenmenge und den anfragenden Provider (Zugriffsdaten) enth\u00e4lt und den Abruf dokumentiert. Diese Zugriffsdaten werden ausschlie\u00dflich zum Zwecke der Sicherstellung eines st\u00f6rungsfreien Betriebs der Seite sowie der Verbesserung unseres Angebots ausgewertet. Dies dient der Wahrung unserer im Rahmen einer Interessensabw\u00e4gung \u00fcberwiegenden berechtigten Interessen an einer korrekten Darstellung unseres Angebots gem\u00e4\u00df Art. 6 Abs. 1 S. 1 lit. f DSGVO. Alle Zugriffsdaten werden sp\u00e4testens sieben Tage nach Ende Ihres Seitenbesuchs gel\u00f6scht.<\/p><h5>\u00a0HOSTING<\/h5><p>Die Dienste zum Hosting und zur Darstellung der Webseite werden teilweise durch unsere Dienstleister im Rahmen einer Verarbeitung in unserem Auftrag erbracht. Soweit im Rahmen der vorliegenden Datenschutzerkl\u00e4rung nichts anderes erl\u00e4utert wird, werden alle Zugriffsdaten sowie alle Daten, die in daf\u00fcr vorgesehenen Formularen auf dieser Webseite erhoben werden, auf ihren Servern verarbeitet. Bei Fragen zu unseren Dienstleistern und der Grundlage unserer Zusammenarbeit mit ihnen wenden Sie sich bitte an die in dieser Datenschutzerkl\u00e4rung beschriebenen Kontaktm\u00f6glichkeit. Unsere Dienstleister sitzen in den USA. F\u00fcr die USA liegt kein Angemessenheitsbeschluss der Europ\u00e4ischen Kommission vor. Unsere Zusammenarbeit mit ihnen st\u00fctzt sich auf Standarddatenschutzklauseln der Europ\u00e4ischen Kommission.\u00a0<\/p><h5>\u00a0CONTENT DELIVERY NETWORK<\/h5><p>Zum Zwecke einer k\u00fcrzeren Ladezeit setzen wir bei einigen Angeboten ein sogenanntes Content Delivery Network (\u201eCDN\u201c) ein. Bei diesem Dienst werden Inhalte, z.B. gro\u00dfe Mediendateien, \u00fcber regional verteilte Server externer CDN-Dienstleister ausgeliefert. Daher werden auf den Servern der Dienstleister Zugriffsdaten verarbeitet. Unsere Dienstleister sind im Rahmen einer Auftragsverarbeitung f\u00fcr uns t\u00e4tig. Bei Fragen zu unseren Dienstleistern und der Grundlage unserer Zusammenarbeit mit Ihnen wenden Sie sich bitte an die in dieser Datenschutzerkl\u00e4rung beschriebenen Kontaktm\u00f6glichkeit. Unsere Dienstleister sitzen in den USA. F\u00fcr die USA liegt kein Angemessenheitsbeschluss der Europ\u00e4ischen Kommission vor. Unsere Zusammenarbeit mit ihnen st\u00fctzt sich auf Standarddatenschutzklauseln der Europ\u00e4ischen Kommission.\u00a0<\/p><h4>2.\u00a0DATENVERARBEITUNG ZUR KONTAKTAUFNAHME<br \/>UND KUNDENKOMMUNIKATION<\/h4><h5>\u00a0KONTAKTAUFNAHME<\/h5><p>Wir erheben personenbezogene Daten, wenn Sie uns diese bei einer Kontaktaufnahme mit uns (z.B. per Kontaktformular oder E-Mail) freiwillig mitteilen. Pflichtfelder werden als solche gekennzeichnet, da wir in diesen F\u00e4llen die Daten zwingend zur Bearbeitung Ihrer Kontaktaufnahme ben\u00f6tigen und sie ohne deren Angabe die Kontaktaufnahme nicht versenden k\u00f6nnen. Welche Daten erhoben werden, ist aus den jeweiligen Eingabeformularen ersichtlich. Wir verwenden die von ihnen mitgeteilten Daten zur Bearbeitung Ihrer Anfragen gem\u00e4\u00df Art. 6 Abs. 1 S. 1 lit. b DSGVO.<br \/>Nach vollst\u00e4ndiger Abwicklung Ihrer Kundenanfrage werden Ihre Daten f\u00fcr die weitere Verarbeitung eingeschr\u00e4nkt und nach Ablauf der steuer- und handelsrechtlichen Aufbewahrungsfristen gem\u00e4\u00df Art. 6 Abs. 1 S. 1 lit. c DSGVO gel\u00f6scht, sofern Sie nicht ausdr\u00fccklich in eine weitere Nutzung Ihrer Daten gem\u00e4\u00df Art. 6 Abs. 1 S. 1 lit. a DSGVO eingewilligt haben oder wir uns eine dar\u00fcber hinausgehende Datenverwendung vorbehalten, die gesetzlich erlaubt ist und \u00fcber die wir Sie in dieser Erkl\u00e4rung informieren.<\/p><h4>3.\u00a0COOKIES UND WEITERE TECHNOLOGIEN<\/h4><h5>\u00a0ALLGEMEINE INFORMATIONEN<\/h5><p>Um den Besuch unserer Webseite attraktiv zu gestalten und die Nutzung bestimmter Funktionen zu erm\u00f6glichen, verwenden wir auf verschiedenen Seiten Technologien einschlie\u00dflich sogenannter Cookies. Cookies sind kleine Textdateien, die automatisch auf Ihrem Endger\u00e4t gespeichert werden. Einige der von uns verwendeten Cookies werden nach Ende der Browser-Sitzung, also nach Schlie\u00dfen Ihres Browsers, wieder gel\u00f6scht (sog. Sitzungs-Cookies). Andere Cookies verbleiben auf Ihrem Endger\u00e4t und erm\u00f6glichen uns, Ihren Browser beim n\u00e4chsten Besuch wiederzuerkennen (persistente Cookies).<\/p><h5>SCHUTZ DER PRIVATSPH\u00c4RE BEI ENDGER\u00c4TEN<\/h5><p>Bei Nutzung unseres Online-Angebots setzen wir unbedingt notwendige Technologien ein, um den ausdr\u00fccklich gew\u00fcnschten Telemediendienst zur Verf\u00fcgung stellen zu k\u00f6nnen. Die Speicherung von Informationen in Ihrem Endger\u00e4t oder der Zugriff auf Informationen, die bereits in Ihrem Endger\u00e4t gespeichert sind, bed\u00fcrfen insoweit keiner Einwilligung.<br \/>Bei nicht unbedingt erforderlichen Funktionen bedarf die Speicherung von Informationen in Ihrem Endger\u00e4t oder der Zugriff auf Informationen, die bereits in Ihrem Endger\u00e4t gespeichert sind, Ihrer Einwilligung. Wir weisen Sie darauf hin, dass bei Nichterteilung der Einwilligung ggf. Teile der Webseite nicht uneingeschr\u00e4nkt nutzbar sein k\u00f6nnen. Ihre etwaig erteilten Einwilligungen bleiben solange bestehen, bis Sie die jeweiligen Einstellungen in Ihrem Endger\u00e4t anpassen oder zur\u00fccksetzen.<\/p><h5>ETWAIG NACHGELAGERTE DATENVERARBEITUNG<br \/>DURCH COOKIES UND WEITERE TECHNOLOGIEN<\/h5><p><br \/>Wir verwenden solche Technologien, die f\u00fcr die Nutzung bestimmter Funktionen unserer Webseite (z. B. Pr\u00e4ferenzeinstellungen der Webseite) zwingend erforderlich sind. Durch diese Technologien werden IP-Adresse, Zeitpunkt des Besuchs, Ger\u00e4te- und Browser-Informationen sowie Informationen zu Ihrer Nutzung unserer Webseite (z.B. Informationen zu Ihren Pr\u00e4ferenzen) erhoben und verarbeitet. Dies dient im Rahmen einer Interessensabw\u00e4gung \u00fcberwiegenden berechtigten Interessen an einer optimierten Darstellung unseres Angebots gem\u00e4\u00df Art. 6 Abs. 1 S. 1 lit. f DSGVO.<br \/>Zudem verwenden wir Technologien zur Erf\u00fcllung der rechtlichen Verpflichtungen, denen wir unterliegen (z.B. um Einwilligungen in die Verarbeitung Ihrer personenbezogenen Daten nachweisen zu k\u00f6nnen) sowie zu Webanalyse und Online-Marketing. Weitere Informationen hierzu einschlie\u00dflich der jeweiligen Rechtsgrundlage f\u00fcr die Datenverarbeitung finden Sie in den nachfolgenden Abschnitten dieser Datenschutzerkl\u00e4rung.<\/p><p>Die Cookie-Einstellungen f\u00fcr Ihren Browser finden Sie unter den folgenden Links:\u00a0<a href=\"https:\/\/support.microsoft.com\/de-de\/help\/4027947\/microsoft-edge-delete-cookies\" target=\"_blank\" rel=\"noopener\">Microsoft Edge\u2122<\/a>\u00a0\/\u00a0<a href=\"https:\/\/support.apple.com\/de-de\/guide\/safari\/sfri11471\/12.0\/mac\/10.14\" target=\"_blank\" rel=\"noopener\">Safari\u2122<\/a>\u00a0\/\u00a0<a href=\"https:\/\/support.google.com\/chrome\/answer\/95647?hl=de&amp;hlrm=en\" target=\"_blank\" rel=\"noopener\">Chrome\u2122<\/a>\u00a0\/\u00a0<a href=\"https:\/\/support.mozilla.org\/de\/products\/firefox\/protect-your-privacy\/cookies\" target=\"_blank\" rel=\"noopener\">Firefox\u2122<\/a>\u00a0\/\u00a0<a href=\"https:\/\/help.opera.com\/de\/latest\/web-preferences\/#cookies\" target=\"_blank\" rel=\"noopener\">Opera\u2122<\/a><\/p><p>Soweit Sie in die Verwendung der Technologien gem\u00e4\u00df Art. 6 Abs. 1 S. 1 lit. a DSGVO eingewilligt haben, k\u00f6nnen Sie Ihre Einwilligung jederzeit widerrufen durch eine Nachricht an die in der Datenschutzerkl\u00e4rung beschriebenen Kontaktm\u00f6glichkeit. Alternativ k\u00f6nnen Sie auch folgenden Link aufrufen: https:\/\/www.terras24.de\/cookie-einstellungen\/. Bei der Nichtannahme von Cookies kann die Funktionalit\u00e4t unserer Webseite eingeschr\u00e4nkt sein.<\/p><h5>\u00a0EINSATZ DES JIMDO CONSENT MANAGER TOOL<br \/>ZUR VERWALTUNG VON EINWILLIGUNGEN<\/h5><p>Auf unserer Webseite setzen wir das Jimdo Consent Manager Tool ein, um Sie \u00fcber die Cookies und die anderen Technologien zu informieren, die wir auf unserer Webseite verwenden, sowie Ihre gegebenenfalls erforderliche Einwilligung in die Verarbeitung Ihrer personenbezogenen Daten durch diese Technologien einzuholen, zu verwalten und zu dokumentieren. Dies ist gem\u00e4\u00df Art. 6 Abs. 1 S. 1 lit. c DSGVO zur Erf\u00fcllung unserer rechtlichen Verpflichtung gem\u00e4\u00df Art. 7 Abs. 1 DSGVO erforderlich, Ihre Einwilligung in die Verarbeitung Ihrer personenbezogenen Daten nachweisen zu k\u00f6nnen, der wir unterliegen. Das Jimdo Consent Manager Tool ist ein Angebot der Jimdo GmbH, Stresemannstrasse 375, 22761 Hamburg, Deutschland (&#8220;Jimdo&#8221;). Nach Abgabe Ihrer Cookie-Erkl\u00e4rung auf unserer Webseite speichert der Webserver von Jimdo Ihre IP-Adresse, Datum und Uhrzeit Ihrer Erkl\u00e4rung, Browser-Informationen, Sprache und URL von der die Erkl\u00e4rung gesendet wurde sowie Informationen zu Ihrem Einwilligungsverhalten. Zudem wird ein Cookie eingesetzt, das die Informationen zu Ihrem Einwilligungsverhalten enth\u00e4lt. Ihre Daten werden nach 365 Tagen gel\u00f6scht, sofern Sie nicht ausdr\u00fccklich in eine weitere Nutzung Ihrer Daten gem\u00e4\u00df Art. 6 Abs. 1 S. 1 lit. a DSGVO eingewilligt haben oder wir uns eine dar\u00fcber hinausgehende Datenverwendung vorbehalten, die gesetzlich erlaubt ist und \u00fcber die wir Sie in dieser Erkl\u00e4rung informieren.<\/p><h4>4.\u00a0EINSATZ VON COOKIES UND ANDEREN TECHNOLOGIEN<\/h4><p>Soweit Sie hierzu Ihre Einwilligung nach Art. 6 Abs. 1 S. 1 lit. a DSGVO erteilt haben, verwenden wir auf unserer Webseite die nachfolgenden Cookies und andere Technologien von Drittanbietern. Nach Zweckfortfall und Ende des Einsatzes der jeweiligen Technologie durch uns werden die in diesem Zusammenhang erhobenen Daten gel\u00f6scht. Sie k\u00f6nnen Ihre Einwilligung jederzeit mit Wirkung f\u00fcr die Zukunft widerrufen. Weitere Informationen zu Ihren Widerrufsm\u00f6glichkeiten finden Sie in dem Abschnitt &#8220;Cookies und weitere Technologien&#8221;. Weitere Informationen einschlie\u00dflich der Grundlage unserer Zusammenarbeit mit den einzelnen Anbietern finden Sie bei den einzelnen Technologien. Bei Fragen zu den Anbietern und der Grundlage unserer Zusammenarbeit mit ihnen wenden Sie sich bitte an die in dieser Datenschutzerkl\u00e4rung beschriebenen Kontaktm\u00f6glichkeit.<\/p><h5>\u00a0EINSATZ VON GOOGLE-DIENSTEN<\/h5><p>Wir verwenden die nachfolgend dargestellten Technologien der Google Ireland Ltd., Gordon House, Barrow Street, Dublin 4, Irland (\u201eGoogle\u201c). Die durch die Google Technologien automatisch erhobenen Informationen \u00fcber Ihre Nutzung unserer Webseite werden in der Regel an einen Server der Google LLC, 1600 Amphitheatre Parkway Mountain View, CA 94043, USA \u00fcbertragen und dort gespeichert. F\u00fcr die USA liegt kein Angemessenheitsbeschluss der Europ\u00e4ischen Kommission vor. Unsere Zusammenarbeit mit ihnen st\u00fctzt sich auf Standarddatenschutzklauseln der Europ\u00e4ischen Kommission.\u00a0 Sofern Ihre IP-Adresse \u00fcber die Google Technologien erhoben wird, wird sie vor der Speicherung auf den Servern von Google durch die Aktivierung der IP-Anonymisierung gek\u00fcrzt. Nur in Ausnahmef\u00e4llen wird die volle IP-Adresse an einen Server von Google \u00fcbertragen und dort gek\u00fcrzt. Soweit bei den einzelnen Technologien nichts Abweichendes angeben ist, erfolgt die Datenverarbeitung auf Grundlage einer f\u00fcr die jeweilige Technologie geschlossenen Vereinbarung zwischen gemeinsam Verantwortlichen gem\u00e4\u00df Art. 26 DSGVO. Weitergehende Informationen \u00fcber die Datenverarbeitung durch Google finden Sie in den\u00a0<a href=\"https:\/\/policies.google.com\/privacy?hl=de\" target=\"_blank\" rel=\"noopener\">Datenschutzhinweisen von Google<\/a>.<\/p><h5>\u00a0GOOGLE ANALYTICS<\/h5><p>Zum Zweck der Webseitenanalyse werden mit Google Analytics Daten (IP-Adresse, Zeitpunkt des Besuchs, Ger\u00e4te- und Browser-Informationen sowie Informationen zu Ihrer Nutzung unserer Webseite) automatisch erhoben und gespeichert, aus denen unter Verwendung von Pseudonymen Nutzungsprofile erstellt werden. Hierzu k\u00f6nnen Cookies eingesetzt werden. Ihre IP-Adresse wird grunds\u00e4tzlich nicht mit anderen Daten von Google zusammengef\u00fchrt. Die Datenverarbeitung erfolgt auf Grundlage einer Vereinbarung \u00fcber die Auftragsverarbeitung durch Google.<\/p><h5>\u00a0SONSTIGE ANBIETER VON WEBANALYSE- UND ONLINE-MARKETING-DIENSTEN<\/h5><h5>\u00a0JIMDO TRACKING<\/h5><p>Wir verwenden das Tracking- und Analyse-Tool der Jimdo GmbH, Stresemannstrasse 375, 22761 Hamburg, Deutschland. Dies dient gem\u00e4\u00df Art. 6 Abs. 1 S. 1 lit. f DSGVO der Wahrung unserer im Rahmen einer Interessensabw\u00e4gung berechtigten Interessen, n\u00e4mlich den Zwecken einer statistischen Auswertung Ihres Nutzerverhaltens auf unserer Webseite und der Sicherstellung an einer bedarfsgerechten, nutzerfreundlichen Gestaltung und kontinuierlichen Optimierung unserer Angebote.<br \/>F\u00fcr das Jimdo-Tracking kommen keine Cookies zum Einsatz. Ihre Daten (IP-Adresse, Zeitpunkt des Besuchs, Ger\u00e4te- und Browser-Informationen) werden automatisch erhoben, zusammengef\u00fchrt und unter Verwendung von pseudonymisierten Nutzungsprofile f\u00fcr die dargestellten Zwecke verarbeitet.<br \/>Ihre Daten werden dabei gek\u00fcrzt, als Hash-Wert gespeichert und zus\u00e4tzlich durch einen sich alle 24 Stunden \u00e4ndernden Zufallswert verschl\u00fcsselt. Ein R\u00fcckschluss auf die Identit\u00e4t von einzelnen Nutzern wird dabei unterbunden.<br \/>Eine weitere Zusammenf\u00fchrung der Daten findet nicht statt.<\/p><h4>5.\u00a0SOCIAL MEDIA<\/h4><h5>\u00a0UNSERE ONLINEPR\u00c4SENZ AUF FACEBOOK (BY META), INSTAGRAM (BY META)<\/h5><p>Soweit Sie hierzu Ihre Einwilligung nach Art. 6 Abs. 1 S. 1 lit. a DSGVO gegen\u00fcber dem jeweiligen Social Media Betreiber erteilt haben, werden bei Besuch unserer Onlinepr\u00e4senzen auf den in der oben genannten sozialen Medien Ihre Daten f\u00fcr Marktforschungs- und Werbezwecke automatisch erhoben und gespeichert, aus denen unter Verwendung von Pseudonymen Nutzungsprofile erstellt werden. Diese k\u00f6nnen verwendet werden, um z.B. Werbeanzeigen innerhalb und au\u00dferhalb der Plattformen zu schalten, die mutma\u00dflich Ihren Interessen entsprechen. Hierzu werden im Regelfall Cookies eingesetzt. Die detaillierten Informationen zur Verarbeitung und Nutzung der Daten durch den jeweiligen Social Media Betreiber sowie eine Kontaktm\u00f6glichkeit und Ihre diesbez\u00fcglichen Rechte und Einstellungsm\u00f6glichkeiten zum Schutz Ihrer Privatsph\u00e4re, entnehmen Sie bitte den unten verlinkten Datenschutzhinweisen der Anbieter. Sollten Sie diesbez\u00fcglich dennoch Hilfe ben\u00f6tigen, k\u00f6nnen Sie sich an uns wenden.<\/p><p><a href=\"http:\/\/www.facebook.com\/about\/privacy\/\"><strong>Facebook\u00a0<\/strong>(by Meta)<\/a>\u00a0ist ein Angebot der Meta Platforms Ireland Ltd., 4 Grand Canal Square, Dublin 2, Irland (\u201eMeta Platforms Ireland\u201c). Die durch Meta Platforms Ireland automatisch erhobenen Informationen \u00fcber Ihre Nutzung unserer Online-Pr\u00e4senz auf Facebook (by Meta) werden in der Regel an einen Server der Meta Platforms, Inc., 1 Hacker Way, Menlo Park, California 94025, USA \u00fcbertragen und dort gespeichert. F\u00fcr die USA liegt kein Angemessenheitsbeschluss der Europ\u00e4ischen Kommission vor. Unsere Zusammenarbeit mit ihnen st\u00fctzt sich auf Standarddatenschutzklauseln der Europ\u00e4ischen Kommission.\u00a0 Die Datenverarbeitung im Rahmen des Besuchs einer Facebook (by Meta) Fanpage erfolgt auf Grundlage einer Vereinbarung zwischen gemeinsam Verantwortlichen gem\u00e4\u00df Art. 26 DSGVO. Weitere Informationen (Informationen zu Insights-Daten) finden Sie\u00a0<a href=\"https:\/\/www.facebook.com\/legal\/terms\/information_about_page_insights_data\" target=\"_blank\" rel=\"noopener\">hier<\/a>.<\/p><p><a href=\"http:\/\/help.instagram.com\/519522125107875\" target=\"_blank\" rel=\"noopener\"><strong>Instagram<\/strong>\u00a0(by Meta)<\/a>\u00a0ist ein Angebot der Meta Platforms Ireland Ltd., 4 Grand Canal Square, Dublin 2, Irland (\u201eMeta Platforms Ireland\u201c) Die durch Meta Platforms Ireland automatisch erhobenen Informationen \u00fcber Ihre Nutzung unserer Online-Pr\u00e4senz auf Instagram werden in der Regel an einen Server der Meta Platforms, Inc., 1 Hacker Way, Menlo Park, California 94025, USA \u00fcbertragen und dort gespeichert. F\u00fcr die USA liegt kein Angemessenheitsbeschluss der Europ\u00e4ischen Kommission vor. Unsere Zusammenarbeit mit ihnen st\u00fctzt sich auf Standarddatenschutzklauseln der Europ\u00e4ischen Kommission.\u00a0 Die Datenverarbeitung im Rahmen des Besuchs einer Instagram (by Meta) Fanpage erfolgt auf Grundlage einer Vereinbarung zwischen gemeinsam Verantwortlichen gem\u00e4\u00df Art. 26 DSGVO. Weitere Informationen (Informationen zu Insights-Daten) finden Sie\u00a0<a href=\"https:\/\/www.facebook.com\/legal\/terms\/information_about_page_insights_data\" target=\"_blank\" rel=\"noopener\">hier<\/a>.<\/p><h4>6.\u00a0KONTAKTM\u00d6GLICHKEITEN UND IHRE RECHTE<\/h4><h5>\u00a0IHRE RECHTE<\/h5><p>Als Betroffener haben Sie folgende Rechte:<\/p><ul><li>gem\u00e4\u00df Art. 15 DSGVO das Recht, in dem dort bezeichneten Umfang Auskunft \u00fcber Ihre von uns verarbeiteten personenbezogenen Daten zu verlangen;<\/li><li>gem\u00e4\u00df Art. 16 DSGVO das Recht, unverz\u00fcglich die Berichtigung unrichtiger oder Vervollst\u00e4ndigung Ihrer bei uns gespeicherten personenbezogenen Daten zu verlangen;<\/li><li>gem\u00e4\u00df Art. 17 DSGVO das Recht, die L\u00f6schung Ihrer bei uns gespeicherten personenbezogenen Daten zu verlangen, soweit nicht die weitere Verarbeitung<ul><li>zur Aus\u00fcbung des Rechts auf freie Meinungs\u00e4u\u00dferung und Information;<\/li><li>zur Erf\u00fcllung einer rechtlichen Verpflichtung;<\/li><li>aus Gr\u00fcnden des \u00f6ffentlichen Interesses oder<\/li><li>zur Geltendmachung, Aus\u00fcbung oder Verteidigung von Rechtsanspr\u00fcchen erforderlich ist;<\/li><\/ul><\/li><li>gem\u00e4\u00df Art. 18 DSGVO das Recht, die Einschr\u00e4nkung der Verarbeitung Ihrer personenbezogenen Daten zu verlangen, soweit<ul><li>die Richtigkeit der Daten von Ihnen bestritten wird;<\/li><li>die Verarbeitung unrechtm\u00e4\u00dfig ist, Sie aber deren L\u00f6schung ablehnen;<\/li><li>wir die Daten nicht mehr ben\u00f6tigen, Sie diese jedoch zur Geltendmachung, Aus\u00fcbung oder Verteidigung von Rechtsanspr\u00fcchen ben\u00f6tigen oder<\/li><li>Sie gem\u00e4\u00df Art. 21 DSGVO Widerspruch gegen die Verarbeitung eingelegt haben;<\/li><\/ul><\/li><li>gem\u00e4\u00df Art. 20 DSGVO das Recht, Ihre personenbezogenen Daten, die Sie uns bereitgestellt haben, in einem strukturierten, g\u00e4ngigen und maschinenlesbaren Format zu erhalten oder die \u00dcbermittlung an einen anderen Verantwortlichen zu verlangen;<\/li><li>gem\u00e4\u00df Art. 77 DSGVO das Recht, sich bei einer Aufsichtsbeh\u00f6rde zu beschweren. In der Regel k\u00f6nnen Sie sich hierf\u00fcr an die Aufsichtsbeh\u00f6rde Ihres \u00fcblichen Aufenthaltsortes oder Arbeitsplatzes oder unseres Unternehmenssitzes wenden.<\/li><\/ul>\t\t\t\t\t\t\t\t<\/div>\n\t\t\t\t<\/div>\n\t\t\t\t<div class=\"elementor-element elementor-element-aa97d31 sc_fly_static elementor-widget elementor-widget-text-editor\" data-id=\"aa97d31\" data-element_type=\"widget\" data-widget_type=\"text-editor.default\">\n\t\t\t\t<div class=\"elementor-widget-container\">\n\t\t\t\t\t\t\t\t\t<h5>WIDERSPRUCHSRECHT<\/h5><p>Soweit wir zur Wahrung unserer im Rahmen einer Interessensabw\u00e4gung \u00fcberwiegenden berechtigten Interessen personenbezogene Daten wie oben erl\u00e4utert verarbeiten, k\u00f6nnen Sie dieser Verarbeitung mit Wirkung f\u00fcr die Zukunft widersprechen. Erfolgt die Verarbeitung zu Zwecken des Direktmarketings, k\u00f6nnen Sie dieses Recht jederzeit wie oben beschrieben aus\u00fcben. Soweit die Verarbeitung zu anderen Zwecken erfolgt, steht Ihnen ein Widerspruchsrecht nur bei Vorliegen von Gr\u00fcnden, die sich aus Ihrer besonderen Situation ergeben, zu.<\/p><p>Nach Aus\u00fcbung Ihres Widerspruchsrechts werden wir Ihre personenbezogenen Daten nicht weiter zu diesen Zwecken verarbeiten, es sei denn, wir k\u00f6nnen zwingende schutzw\u00fcrdige Gr\u00fcnde f\u00fcr die Verarbeitung nachweisen, die Ihre Interessen, Rechte und Freiheiten \u00fcberwiegen, oder wenn die Verarbeitung der Geltendmachung, Aus\u00fcbung oder Verteidigung von Rechtsanspr\u00fcchen dient.<\/p><p>Dies gilt nicht, wenn die Verarbeitung zu Zwecken des Direktmarketings erfolgt. Dann werden wir Ihre personenbezogenen Daten nicht weiter zu diesem Zweck verarbeiten.<\/p>\t\t\t\t\t\t\t\t<\/div>\n\t\t\t\t<\/div>\n\t\t\t\t<div class=\"elementor-element elementor-element-51b0895 sc_fly_static elementor-widget elementor-widget-text-editor\" data-id=\"51b0895\" data-element_type=\"widget\" data-widget_type=\"text-editor.default\">\n\t\t\t\t<div class=\"elementor-widget-container\">\n\t\t\t\t\t\t\t\t\t<h5>KONTAKTM\u00d6GLICHKEITEN<\/h5><p>Bei Fragen zur Erhebung, Verarbeitung oder Nutzung Ihrer personenbezogenen Daten, bei Ausk\u00fcnften, Berichtigung, Einschr\u00e4nkung oder L\u00f6schung von Daten sowie Widerruf erteilter Einwilligungen oder Widerspruch gegen eine bestimmte Datenverwendung wenden Sie sich bitte direkt an uns \u00fcber die Kontaktdaten in unserem Impressum.<\/p>\t\t\t\t\t\t\t\t<\/div>\n\t\t\t\t<\/div>\n\t\t\t\t\t<\/div>\n\t\t<\/div>\n\t\t\t\t\t<\/div>\n\t\t<\/section>\n\t\t\t\t<\/div>","protected":false},"excerpt":{"rendered":"<p>Datenschutz VERANTWORTLICHER F\u00dcR DIE DATENVERARBEITUNG IST: Yusuf \u00d6zenMarianne-Plehn-Weg 1ItzehoeDeutschlandinfo@terras24.deTelefon: +49 4821 4378950Wir freuen uns \u00fcber Ihr Interesse an unserer Webseite. Der Schutz Ihrer Privatsph\u00e4re ist f\u00fcr uns sehr wichtig. Nachstehend&hellip;<\/p>","protected":false},"author":1,"featured_media":0,"parent":0,"menu_order":8,"comment_status":"closed","ping_status":"closed","template":"","meta":{"footnotes":""},"class_list":["post-37675","page","type-page","status-publish","hentry"],"_links":{"self":[{"href":"https:\/\/terrasnew.live-website.com\/en\/wp-json\/wp\/v2\/pages\/37675","targetHints":{"allow":["GET"]}}],"collection":[{"href":"https:\/\/terrasnew.live-website.com\/en\/wp-json\/wp\/v2\/pages"}],"about":[{"href":"https:\/\/terrasnew.live-website.com\/en\/wp-json\/wp\/v2\/types\/page"}],"author":[{"embeddable":true,"href":"https:\/\/terrasnew.live-website.com\/en\/wp-json\/wp\/v2\/users\/1"}],"replies":[{"embeddable":true,"href":"https:\/\/terrasnew.live-website.com\/en\/wp-json\/wp\/v2\/comments?post=37675"}],"version-history":[{"count":3,"href":"https:\/\/terrasnew.live-website.com\/en\/wp-json\/wp\/v2\/pages\/37675\/revisions"}],"predecessor-version":[{"id":38394,"href":"https:\/\/terrasnew.live-website.com\/en\/wp-json\/wp\/v2\/pages\/37675\/revisions\/38394"}],"wp:attachment":[{"href":"https:\/\/terrasnew.live-website.com\/en\/wp-json\/wp\/v2\/media?parent=37675"}],"curies":[{"name":"wp","href":"https:\/\/api.w.org\/{rel}","templated":true}]}}